{"id":763881,"date":"2025-08-28T10:54:56","date_gmt":"2025-08-28T07:54:56","guid":{"rendered":"https:\/\/roveyayinevi.com.tr\/index.php\/urun\/national-geographic-kids-okuma-serisi-seviye-2-vikingler\/"},"modified":"2026-04-15T03:29:46","modified_gmt":"2026-04-15T00:29:46","slug":"national-geographic-kids-okuma-serisi-seviye-2-vikingler","status":"publish","type":"product","link":"https:\/\/roveyayinevi.com.tr\/index.php\/urun\/national-geographic-kids-okuma-serisi-seviye-2-vikingler\/","title":{"rendered":"National Geographic Kids Okuma Serisi Seviye 2 &#8211; Vikingler"},"content":{"rendered":"<p>National Geographic Kids\u2019in okuma serisinin yeni ba\u015fl\u0131\u011f\u0131 Vikingler, tarihin bu g\u00f6rkemli sava\u015f\u00e7\u0131lar\u0131 hakk\u0131nda hi\u00e7 bilmedi\u011finiz ger\u00e7ekleri a\u00e7\u0131\u011fa \u00e7\u0131kar\u0131yor. Vikinglerin hayatlar\u0131, sanat eserleri ve zanaatkarlar\u0131, \u00fcnl\u00fc Vikingler ve ya\u015fad\u0131klar\u0131 zamanlara ait detaylar, bu kitapta size tarihi ya\u015fama \u015fans\u0131n\u0131 veriyor. \u00c7ocuklar\u0131n\u0131z\u0131n ya\u015f\u0131na uygun dilde yaz\u0131lm\u0131\u015f bu Seviye 2 kitab\u0131, kendi ba\u015f\u0131na okumaya ba\u015flam\u0131\u015f \u00e7ocuklar i\u00e7in idealdir ve onlar\u0131n hem tarihe hem de okumaya ilgi duymalar\u0131 i\u00e7in \u00f6zel olarak tasarlanm\u0131\u015ft\u0131r. <\/p>\n","protected":false},"excerpt":{"rendered":"<p>National Geographic Kids\u2019in okuma serisinin yeni ba\u015fl\u0131\u011f\u0131 Vikingler, tarihin bu g\u00f6rkemli sava\u015f\u00e7\u0131lar\u0131 hakk\u0131nda hi\u00e7 bilmedi\u011finiz ger\u00e7ekleri a\u00e7\u0131\u011fa \u00e7\u0131kar\u0131yor. Vikinglerin hayatlar\u0131, sanat eserleri ve zanaatkarlar\u0131, \u00fcnl\u00fc Vikingler<span class=\"excerpt-hellip\"> [\u2026]<\/span><\/p>\n","protected":false},"featured_media":0,"template":"","meta":{"_monsterinsights_skip_tracking":false,"_monsterinsights_sitenote_active":false,"_monsterinsights_sitenote_note":"","_monsterinsights_sitenote_category":0},"product_brand":[],"product_cat":[13829,12274],"product_tag":[],"class_list":{"0":"post-763881","1":"product","2":"type-product","3":"status-publish","5":"product_cat-bilimsel-kitaplar","6":"product_cat-cocuk-ve-genclik-kitaplari","7":"pa_cilt-ciltsiz","8":"pa_tur-kitap","9":"pa_yayinevi-beta-kids","10":"pa_yazar-libby-romero","12":"first","13":"instock","14":"sale","15":"shipping-taxable","16":"purchasable","17":"product-type-simple"},"_links":{"self":[{"href":"https:\/\/roveyayinevi.com.tr\/index.php\/wp-json\/wp\/v2\/product\/763881","targetHints":{"allow":["GET"]}}],"collection":[{"href":"https:\/\/roveyayinevi.com.tr\/index.php\/wp-json\/wp\/v2\/product"}],"about":[{"href":"https:\/\/roveyayinevi.com.tr\/index.php\/wp-json\/wp\/v2\/types\/product"}],"wp:attachment":[{"href":"https:\/\/roveyayinevi.com.tr\/index.php\/wp-json\/wp\/v2\/media?parent=763881"}],"wp:term":[{"taxonomy":"product_brand","embeddable":true,"href":"https:\/\/roveyayinevi.com.tr\/index.php\/wp-json\/wp\/v2\/product_brand?post=763881"},{"taxonomy":"product_cat","embeddable":true,"href":"https:\/\/roveyayinevi.com.tr\/index.php\/wp-json\/wp\/v2\/product_cat?post=763881"},{"taxonomy":"product_tag","embeddable":true,"href":"https:\/\/roveyayinevi.com.tr\/index.php\/wp-json\/wp\/v2\/product_tag?post=763881"}],"curies":[{"name":"wp","href":"https:\/\/api.w.org\/{rel}","templated":true}]}}