{"id":763880,"date":"2025-08-28T10:54:53","date_gmt":"2025-08-28T07:54:53","guid":{"rendered":"https:\/\/roveyayinevi.com.tr\/index.php\/urun\/national-geographic-kids-okuma-serisi-seviye-2-arilar\/"},"modified":"2026-04-15T03:29:45","modified_gmt":"2026-04-15T00:29:45","slug":"national-geographic-kids-okuma-serisi-seviye-2-arilar","status":"publish","type":"product","link":"https:\/\/roveyayinevi.com.tr\/index.php\/urun\/national-geographic-kids-okuma-serisi-seviye-2-arilar\/","title":{"rendered":"National Geographic Kids Okuma Serisi Seviye 2 &#8211; Ar\u0131lar"},"content":{"rendered":"<p>D\u00fcnya \u00fczerinde 20.000 ar\u0131 t\u00fcr\u00fc oldu\u011funu biliyor muydunuz? Ufac\u0131k boyutlar\u0131na ra\u011fmen d\u00fcnyam\u0131zda \u00e7ok \u00f6nemli bir yere olan ar\u0131lar\u0131 yepyeni bir g\u00f6zle g\u00f6rmeye haz\u0131rlan\u0131n. Ar\u0131lar polenleri nas\u0131l toplar? Bal\u0131 nas\u0131l \u00fcretirler? Nektar nedir? Ar\u0131lar\u0131n ka\u00e7 kanad\u0131 bulunur? Hangi g\u0131dalar\u0131 ar\u0131lara bor\u00e7luyuz? Bu sorular\u0131n ve \u00e7ok daha fazlas\u0131n\u0131n cevab\u0131, bu yeni National Geographic Kids, Okuma Serisi, Seviye 2 kitab\u0131nda bir araya getirildi. Kitap sonundaki test ile \u00e7ocuklar\u0131n\u0131z bilgilerini s\u0131nayacak ve \u00f6\u011frendiklerini kal\u0131c\u0131 h\u00e2le getirecekler. <\/p>\n","protected":false},"excerpt":{"rendered":"<p>D\u00fcnya \u00fczerinde 20.000 ar\u0131 t\u00fcr\u00fc oldu\u011funu biliyor muydunuz? Ufac\u0131k boyutlar\u0131na ra\u011fmen d\u00fcnyam\u0131zda \u00e7ok \u00f6nemli bir yere olan ar\u0131lar\u0131 yepyeni bir g\u00f6zle g\u00f6rmeye haz\u0131rlan\u0131n. Ar\u0131lar polenleri nas\u0131l<span class=\"excerpt-hellip\"> [\u2026]<\/span><\/p>\n","protected":false},"featured_media":0,"template":"","meta":{"_monsterinsights_skip_tracking":false,"_monsterinsights_sitenote_active":false,"_monsterinsights_sitenote_note":"","_monsterinsights_sitenote_category":0},"product_brand":[],"product_cat":[13829,12274],"product_tag":[],"class_list":{"0":"post-763880","1":"product","2":"type-product","3":"status-publish","5":"product_cat-bilimsel-kitaplar","6":"product_cat-cocuk-ve-genclik-kitaplari","7":"pa_cilt-ciltsiz","8":"pa_tur-kitap","9":"pa_yayinevi-beta-kids","10":"pa_yazar-laura-marsh","12":"first","13":"instock","14":"sale","15":"shipping-taxable","16":"purchasable","17":"product-type-simple"},"_links":{"self":[{"href":"https:\/\/roveyayinevi.com.tr\/index.php\/wp-json\/wp\/v2\/product\/763880","targetHints":{"allow":["GET"]}}],"collection":[{"href":"https:\/\/roveyayinevi.com.tr\/index.php\/wp-json\/wp\/v2\/product"}],"about":[{"href":"https:\/\/roveyayinevi.com.tr\/index.php\/wp-json\/wp\/v2\/types\/product"}],"wp:attachment":[{"href":"https:\/\/roveyayinevi.com.tr\/index.php\/wp-json\/wp\/v2\/media?parent=763880"}],"wp:term":[{"taxonomy":"product_brand","embeddable":true,"href":"https:\/\/roveyayinevi.com.tr\/index.php\/wp-json\/wp\/v2\/product_brand?post=763880"},{"taxonomy":"product_cat","embeddable":true,"href":"https:\/\/roveyayinevi.com.tr\/index.php\/wp-json\/wp\/v2\/product_cat?post=763880"},{"taxonomy":"product_tag","embeddable":true,"href":"https:\/\/roveyayinevi.com.tr\/index.php\/wp-json\/wp\/v2\/product_tag?post=763880"}],"curies":[{"name":"wp","href":"https:\/\/api.w.org\/{rel}","templated":true}]}}