{"id":763879,"date":"2025-08-28T10:54:51","date_gmt":"2025-08-28T07:54:51","guid":{"rendered":"https:\/\/roveyayinevi.com.tr\/index.php\/urun\/national-geographic-kids-okuma-serisi-seviye-1-kirpiler\/"},"modified":"2026-04-15T03:29:45","modified_gmt":"2026-04-15T00:29:45","slug":"national-geographic-kids-okuma-serisi-seviye-1-kirpiler","status":"publish","type":"product","link":"https:\/\/roveyayinevi.com.tr\/index.php\/urun\/national-geographic-kids-okuma-serisi-seviye-1-kirpiler\/","title":{"rendered":"National Geographic Kids Okuma Serisi Seviye 1 &#8211; Kirpiler"},"content":{"rendered":"<p>\u015eirinlikleri nedeniyle onlara hayran kalm\u0131\u015f olabilirsiniz, fakat \u015fimdi onlar hakk\u0131nda daha fazla \u015fey \u00f6\u011frenme vakti! National Geographic Kids, Okuma Serisinin bu yeni Seviye 1 kitab\u0131nda \u015fimdi kirpileri hi\u00e7 olmad\u0131\u011f\u0131 kadar yak\u0131ndan tan\u0131yacaks\u0131n\u0131z. Yeni okumaya ba\u015flayan ve okumak i\u00e7in yard\u0131ma ihtiyac\u0131 olan \u00e7ocuklar i\u00e7in tasarlanm\u0131\u015f bu kitap, onlar\u0131n ya\u015flar\u0131na uygun c\u00fcmle uzunluklar\u0131na ve onlara uygun g\u00f6rsellere sahip. Bu kitapta farkl\u0131 kirpi t\u00fcrlerini, onlar\u0131n nerede ya\u015fad\u0131klar\u0131n\u0131 ve ne yediklerini \u00f6\u011freneceksiniz. \u00c7ocuklar\u0131n \u00f6\u011frendiklerini kal\u0131c\u0131 h\u00e2le getirmek i\u00e7in tasarlanm\u0131\u015f interaktif b\u00f6l\u00fcm\u00fc ile Kirpiler kitab\u0131n\u0131 ka\u00e7\u0131rmay\u0131n. <\/p>\n","protected":false},"excerpt":{"rendered":"<p>\u015eirinlikleri nedeniyle onlara hayran kalm\u0131\u015f olabilirsiniz, fakat \u015fimdi onlar hakk\u0131nda daha fazla \u015fey \u00f6\u011frenme vakti! National Geographic Kids, Okuma Serisinin bu yeni Seviye 1 kitab\u0131nda \u015fimdi<span class=\"excerpt-hellip\"> [\u2026]<\/span><\/p>\n","protected":false},"featured_media":0,"template":"","meta":{"_monsterinsights_skip_tracking":false,"_monsterinsights_sitenote_active":false,"_monsterinsights_sitenote_note":"","_monsterinsights_sitenote_category":0},"product_brand":[],"product_cat":[13829,12274],"product_tag":[],"class_list":{"0":"post-763879","1":"product","2":"type-product","3":"status-publish","5":"product_cat-bilimsel-kitaplar","6":"product_cat-cocuk-ve-genclik-kitaplari","7":"pa_cilt-ciltsiz","8":"pa_tur-kitap","9":"pa_yayinevi-beta-kids","10":"pa_yazar-mary-quattlebaum","12":"first","13":"instock","14":"sale","15":"shipping-taxable","16":"purchasable","17":"product-type-simple"},"_links":{"self":[{"href":"https:\/\/roveyayinevi.com.tr\/index.php\/wp-json\/wp\/v2\/product\/763879","targetHints":{"allow":["GET"]}}],"collection":[{"href":"https:\/\/roveyayinevi.com.tr\/index.php\/wp-json\/wp\/v2\/product"}],"about":[{"href":"https:\/\/roveyayinevi.com.tr\/index.php\/wp-json\/wp\/v2\/types\/product"}],"wp:attachment":[{"href":"https:\/\/roveyayinevi.com.tr\/index.php\/wp-json\/wp\/v2\/media?parent=763879"}],"wp:term":[{"taxonomy":"product_brand","embeddable":true,"href":"https:\/\/roveyayinevi.com.tr\/index.php\/wp-json\/wp\/v2\/product_brand?post=763879"},{"taxonomy":"product_cat","embeddable":true,"href":"https:\/\/roveyayinevi.com.tr\/index.php\/wp-json\/wp\/v2\/product_cat?post=763879"},{"taxonomy":"product_tag","embeddable":true,"href":"https:\/\/roveyayinevi.com.tr\/index.php\/wp-json\/wp\/v2\/product_tag?post=763879"}],"curies":[{"name":"wp","href":"https:\/\/api.w.org\/{rel}","templated":true}]}}