{"id":763876,"date":"2025-08-28T10:54:46","date_gmt":"2025-08-28T07:54:46","guid":{"rendered":"https:\/\/roveyayinevi.com.tr\/index.php\/urun\/dusunceleri-yoneterek-kendi-kendine-terapi\/"},"modified":"2026-04-03T03:21:07","modified_gmt":"2026-04-03T00:21:07","slug":"dusunceleri-yoneterek-kendi-kendine-terapi","status":"publish","type":"product","link":"https:\/\/roveyayinevi.com.tr\/index.php\/urun\/dusunceleri-yoneterek-kendi-kendine-terapi\/","title":{"rendered":"D\u00fc\u015f\u00fcnceleri Y\u00f6neterek  Kendi Kendine Terapi"},"content":{"rendered":"<p>D\u00fc\u015f\u00fcnceleri Y\u00f6neterek Kendi Kendine Terapi M\u00fccadele et veya ka\u00e7 yakla\u015f\u0131m\u0131ndan rahatla ve \u00e7\u00f6z yakla\u015f\u0131m\u0131na\u2026   Daha \u00f6nce hi\u00e7 korku, \u00f6fke ve arzular\u0131n\u0131z kar\u015f\u0131s\u0131nda kontrol\u00fcn\u00fcz\u00fc kaybetti\u011finizi hissettiniz mi? Ya da \u00e7ok g\u00fc\u00e7l\u00fc duygular\u0131n\u0131z\u0131n \u00f6n\u00fcne ge\u00e7emedi\u011finiz oldu mu? Kendinizi korumaya \u00e7al\u0131\u015f\u0131rken ili\u015fkilerinize zarar verdiniz mi? Kapana k\u0131s\u0131ld\u0131\u011f\u0131n\u0131z\u0131, kendi kendinizi engelledi\u011finizi ve potansiyelinizi ortaya koyamad\u0131\u011f\u0131n\u0131z\u0131 d\u00fc\u015f\u00fcnd\u00fcn\u00fcz m\u00fc?   Ger\u00e7ek\u00e7i ve g\u00fcnl\u00fck hayat\u0131n\u0131zda kolayca uygulayabilece\u011finiz \u00f6neriler sunan bu kitapla; \u00b7         Olumsuz davran\u0131\u015flar\u0131n\u0131za neden olan Sinir Yollar\u0131n\u0131z\u0131 belirleyip yenileriyle de\u011fi\u015ftirmenin, \u00b7         \u201cGev\u015fe ve B\u0131rak Tepkisi\u201dnin g\u00fcc\u00fcn\u00fc ke\u015ffedip kullanman\u0131n, \u00b7         D\u00fc\u015f\u00fcncelerinizi ve duygular\u0131n\u0131z\u0131 kontrol alt\u0131na alacak Mental Kas\u0131n\u0131z\u0131 g\u00fc\u00e7lendirmenin, \u00b7         \u201cZihninizi odaklama\u201d yoluyla daha sevecen olman\u0131n yollar\u0131n\u0131 \u00f6\u011freneceksiniz. \u00b7           Her \u015feyden \u00f6te, d\u00fc\u015f\u00fcnceleri y\u00f6neterek kendi kendine terapi tekni\u011fini \u00f6\u011frendi\u011finizde, size kar\u015f\u0131 dostane davranmayan sinir yollar\u0131n\u0131 kontrol\u00fcn\u00fcz alt\u0131na almay\u0131 her yerde, her zaman ve her durumda ba\u015farabileceksiniz. <\/p>\n","protected":false},"excerpt":{"rendered":"<p>D\u00fc\u015f\u00fcnceleri Y\u00f6neterek Kendi Kendine Terapi M\u00fccadele et veya ka\u00e7 yakla\u015f\u0131m\u0131ndan rahatla ve \u00e7\u00f6z yakla\u015f\u0131m\u0131na\u2026 Daha \u00f6nce hi\u00e7 korku, \u00f6fke ve arzular\u0131n\u0131z kar\u015f\u0131s\u0131nda kontrol\u00fcn\u00fcz\u00fc kaybetti\u011finizi hissettiniz mi?<span class=\"excerpt-hellip\"> [\u2026]<\/span><\/p>\n","protected":false},"featured_media":0,"template":"","meta":{"_monsterinsights_skip_tracking":false,"_monsterinsights_sitenote_active":false,"_monsterinsights_sitenote_note":"","_monsterinsights_sitenote_category":0},"product_brand":[],"product_cat":[12364,12376],"product_tag":[],"class_list":{"0":"post-763876","1":"product","2":"type-product","3":"status-publish","5":"product_cat-genel-konular","6":"product_cat-kisisel-gelisim","7":"pa_cilt-ciltsiz","8":"pa_tur-kitap","9":"pa_yayinevi-akil-celen-kitaplar","10":"pa_yazar-matthew-mckay-david-harp","12":"first","13":"instock","14":"sale","15":"shipping-taxable","16":"purchasable","17":"product-type-simple"},"_links":{"self":[{"href":"https:\/\/roveyayinevi.com.tr\/index.php\/wp-json\/wp\/v2\/product\/763876","targetHints":{"allow":["GET"]}}],"collection":[{"href":"https:\/\/roveyayinevi.com.tr\/index.php\/wp-json\/wp\/v2\/product"}],"about":[{"href":"https:\/\/roveyayinevi.com.tr\/index.php\/wp-json\/wp\/v2\/types\/product"}],"wp:attachment":[{"href":"https:\/\/roveyayinevi.com.tr\/index.php\/wp-json\/wp\/v2\/media?parent=763876"}],"wp:term":[{"taxonomy":"product_brand","embeddable":true,"href":"https:\/\/roveyayinevi.com.tr\/index.php\/wp-json\/wp\/v2\/product_brand?post=763876"},{"taxonomy":"product_cat","embeddable":true,"href":"https:\/\/roveyayinevi.com.tr\/index.php\/wp-json\/wp\/v2\/product_cat?post=763876"},{"taxonomy":"product_tag","embeddable":true,"href":"https:\/\/roveyayinevi.com.tr\/index.php\/wp-json\/wp\/v2\/product_tag?post=763876"}],"curies":[{"name":"wp","href":"https:\/\/api.w.org\/{rel}","templated":true}]}}