{"id":763873,"date":"2025-08-28T10:54:39","date_gmt":"2025-08-28T07:54:39","guid":{"rendered":"https:\/\/roveyayinevi.com.tr\/index.php\/urun\/iskelet-ejderin-kucuk-kizi-cilt-1\/"},"modified":"2026-04-15T03:29:45","modified_gmt":"2026-04-15T00:29:45","slug":"iskelet-ejderin-kucuk-kizi-cilt-1","status":"publish","type":"product","link":"https:\/\/roveyayinevi.com.tr\/index.php\/urun\/iskelet-ejderin-kucuk-kizi-cilt-1\/","title":{"rendered":"\u0130skelet Ejderin K\u00fc\u00e7\u00fck K\u0131z\u0131 Cilt 1"},"content":{"rendered":"<p>Uzak diyarlar\u0131n birinde \u00e7\u00f6pl\u00fc\u011fe d\u00f6nm\u00fc\u015f bir orman vard\u0131. Nemu ad\u0131ndaki ya\u015fl\u0131 ejder, \u00f6lece\u011fi g\u00fcn\u00fc beklemek i\u00e7in bu ormanda ya\u015famaya ba\u015flam\u0131\u015ft\u0131. G\u00fcn\u00fcn birinde ya\u015fl\u0131 ejderin \u00f6n\u00fcne g\u00f6klerden k\u00fc\u00e7\u00fck bir k\u0131z d\u00fc\u015ft\u00fc. Nemu, terk edilmi\u015f zavall\u0131 k\u0131z\u0131 evlat edinmeye karar verdi! Ya\u015fl\u0131 ejder ve evlatl\u0131k k\u0131z\u0131n\u0131n tabular\u0131 y\u0131kan hayat hik\u00e2yesi, ilk cildiyle kar\u015f\u0131n\u0131zda!<\/p>\n","protected":false},"excerpt":{"rendered":"<p>Uzak diyarlar\u0131n birinde \u00e7\u00f6pl\u00fc\u011fe d\u00f6nm\u00fc\u015f bir orman vard\u0131. Nemu ad\u0131ndaki ya\u015fl\u0131 ejder, \u00f6lece\u011fi g\u00fcn\u00fc beklemek i\u00e7in bu ormanda ya\u015famaya ba\u015flam\u0131\u015ft\u0131. G\u00fcn\u00fcn birinde ya\u015fl\u0131 ejderin \u00f6n\u00fcne g\u00f6klerden<span class=\"excerpt-hellip\"> [\u2026]<\/span><\/p>\n","protected":false},"featured_media":0,"template":"","meta":{"_monsterinsights_skip_tracking":false,"_monsterinsights_sitenote_active":false,"_monsterinsights_sitenote_note":"","_monsterinsights_sitenote_category":0},"product_brand":[],"product_cat":[12416,12291],"product_tag":[],"class_list":{"0":"post-763873","1":"product","2":"type-product","3":"status-publish","5":"product_cat-cizgi-roman","6":"product_cat-edebiyat","7":"pa_cilt-ciltsiz","8":"pa_tur-kitap","9":"pa_yayinevi-kayip-kita-yayinlari","10":"pa_yazar-ichi-yukishiro","12":"first","13":"instock","14":"sale","15":"shipping-taxable","16":"purchasable","17":"product-type-simple"},"_links":{"self":[{"href":"https:\/\/roveyayinevi.com.tr\/index.php\/wp-json\/wp\/v2\/product\/763873","targetHints":{"allow":["GET"]}}],"collection":[{"href":"https:\/\/roveyayinevi.com.tr\/index.php\/wp-json\/wp\/v2\/product"}],"about":[{"href":"https:\/\/roveyayinevi.com.tr\/index.php\/wp-json\/wp\/v2\/types\/product"}],"wp:attachment":[{"href":"https:\/\/roveyayinevi.com.tr\/index.php\/wp-json\/wp\/v2\/media?parent=763873"}],"wp:term":[{"taxonomy":"product_brand","embeddable":true,"href":"https:\/\/roveyayinevi.com.tr\/index.php\/wp-json\/wp\/v2\/product_brand?post=763873"},{"taxonomy":"product_cat","embeddable":true,"href":"https:\/\/roveyayinevi.com.tr\/index.php\/wp-json\/wp\/v2\/product_cat?post=763873"},{"taxonomy":"product_tag","embeddable":true,"href":"https:\/\/roveyayinevi.com.tr\/index.php\/wp-json\/wp\/v2\/product_tag?post=763873"}],"curies":[{"name":"wp","href":"https:\/\/api.w.org\/{rel}","templated":true}]}}