{"id":763867,"date":"2025-08-28T10:54:27","date_gmt":"2025-08-28T07:54:27","guid":{"rendered":"https:\/\/roveyayinevi.com.tr\/index.php\/urun\/imparatorluktan-ulus-devlete-turk-milliyetciligi\/"},"modified":"2026-04-15T03:29:45","modified_gmt":"2026-04-15T00:29:45","slug":"imparatorluktan-ulus-devlete-turk-milliyetciligi","status":"publish","type":"product","link":"https:\/\/roveyayinevi.com.tr\/index.php\/urun\/imparatorluktan-ulus-devlete-turk-milliyetciligi\/","title":{"rendered":"\u0130mparatorluktan Ulus Devlete T\u00fcrk Milliyet\u00e7ili\u011fi"},"content":{"rendered":"<p>\u0130\u00e7indekiler :     \u00b7         M\u0130LL\u0130YET\u00c7\u0130L\u0130K KURAMLARI   \u00b7         J\u00d6N T\u00dcRKLER VE T\u00dcRK M\u0130LL\u0130YET\u00c7\u0130L\u0130\u011e\u0130   \u00b7         GASPIRALI \u0130SMA\u0130L VE T\u00dcRK M\u0130LL\u0130YET\u00c7\u0130L\u0130\u011e\u0130   \u00b7         Z\u0130YA G\u00d6KALP\u2019\u0130N M\u0130LL\u0130YET\u00c7\u0130L\u0130K KURAMI   \u00b7         YUSUF AK\u00c7URA VE T\u00dcRK M\u0130LL\u0130YET\u00c7\u0130L\u0130\u011e\u0130   \u00b7         MUSTAFA KEMAL ATAT\u00dcRK\u2019\u00dcN T\u00dcRK M\u0130LL\u0130YET\u00c7\u0130L\u0130\u011e\u0130 ANLAYI\u015eI   \u00b7         T\u00dcRK\u00c7\u00dcL\u00dcK D\u00dc\u015e\u00dcNCES\u0130N\u0130N OLU\u015eUMUNDA T\u00dcRK OCAKLARININ \u00d6NC\u00dc ROL\u00dc (1912-1931   \u00b7         M\u0130LL\u0130 DEVLET\u0130N OLU\u015eMASINDA M\u00dcBADELE (T\u00dcRK-YUNAN N\u00dcFUS M\u00dcBADELES\u0130 \u00d6RNE\u011e\u0130     \u00b7         ULUS DEVLET S\u00dcREC\u0130NDE T\u00dcRK M\u0130LL\u0130YET\u00c7\u0130L\u0130\u011e\u0130 VE KADIN   \u00b7         1950 SONRASI T\u00dcRK M\u0130LL\u0130YET\u00c7\u0130L\u0130\u011e\u0130 F\u0130KR\u0130N\u0130N TEK\u00c2M\u00dcL\u00dcNE KATKI YAPAN F\u0130K\u0130R \u0130NSANLARI   \u00b7         M\u0130LL\u0130YET\u00c7\u0130L\u0130K VE M\u0130LL\u0130 K\u0130ML\u0130K TARTI\u015eMALARI EKSEN\u0130NDE T\u00dcRK M\u0130LL\u0130YET\u00c7\u0130L\u0130\u011e\u0130 VE T\u00dcRK M\u0130LL\u0130 K\u0130ML\u0130\u011e\u0130   \u00b7         S\u0130YAS\u0130 TAR\u0130H D\u00d6NG\u00dcS\u00dcNDE T\u00dcRK M\u0130LL\u00ce K\u0130ML\u0130\u011e\u0130 \u00dcZER\u0130NE D\u00dc\u015e\u00dcNCELER   \u00b7         H\u00dcSEY\u0130N N\u0130HAL ATSIZ VE T\u00dcRK\u00c7\u00dcL\u00dcK   \u00b7         ALPARSLAN T\u00dcRKE\u015e\u2019\u0130N DOKUZ I\u015eIK DOKTR\u0130N\u0130 VE T\u00dcRK M\u0130LL\u0130YET\u00c7\u0130L\u0130\u011e\u0130   \u00b7         T\u00dcRK M\u0130LL\u0130YET\u00c7\u0130L\u0130\u011e\u0130N\u0130N CUMHUR\u0130YET D\u00d6NEM\u0130 T\u00dcRK SPORUNA ETK\u0130LER\u0130   \u00b7         T\u00dcRK M\u0130LL\u0130 E\u011e\u0130T\u0130M S\u0130STEM\u0130 VE M\u0130LL\u0130YET\u00c7\u0130L\u0130K   \u00b7         AZERBAYCAN\u2019DA B\u0130R T\u00dcRK M\u0130LL\u0130YET\u00c7\u0130S\u0130: ATAT\u00dcRK\u2019\u00dcN ESGER\u0130 EB\u00dcLFEZ EL\u00c7\u0130BEY\u2019\u0130N S\u0130YAS\u0130 M\u00dcCADELES\u0130 VE D\u00dc\u015e\u00dcNCE HAYATI <\/p>\n","protected":false},"excerpt":{"rendered":"<p>\u0130\u00e7indekiler : \u00b7 M\u0130LL\u0130YET\u00c7\u0130L\u0130K KURAMLARI \u00b7 J\u00d6N T\u00dcRKLER VE T\u00dcRK M\u0130LL\u0130YET\u00c7\u0130L\u0130\u011e\u0130 \u00b7 GASPIRALI \u0130SMA\u0130L VE T\u00dcRK M\u0130LL\u0130YET\u00c7\u0130L\u0130\u011e\u0130 \u00b7 Z\u0130YA G\u00d6KALP\u2019\u0130N M\u0130LL\u0130YET\u00c7\u0130L\u0130K KURAMI \u00b7 YUSUF AK\u00c7URA VE<span class=\"excerpt-hellip\"> [\u2026]<\/span><\/p>\n","protected":false},"featured_media":0,"template":"","meta":{"_monsterinsights_skip_tracking":false,"_monsterinsights_sitenote_active":false,"_monsterinsights_sitenote_note":"","_monsterinsights_sitenote_category":0},"product_brand":[],"product_cat":[13005,40995],"product_tag":[],"class_list":{"0":"post-763867","1":"product","2":"type-product","3":"status-publish","5":"product_cat-bilim-muhendislik","6":"product_cat-sosyal-bilimler","7":"pa_cilt-ciltsiz","8":"pa_tur-kitap","9":"pa_yayinevi-gazi-kitabevi","10":"pa_yazar-kolektif","12":"first","13":"instock","14":"sale","15":"shipping-taxable","16":"purchasable","17":"product-type-simple"},"_links":{"self":[{"href":"https:\/\/roveyayinevi.com.tr\/index.php\/wp-json\/wp\/v2\/product\/763867","targetHints":{"allow":["GET"]}}],"collection":[{"href":"https:\/\/roveyayinevi.com.tr\/index.php\/wp-json\/wp\/v2\/product"}],"about":[{"href":"https:\/\/roveyayinevi.com.tr\/index.php\/wp-json\/wp\/v2\/types\/product"}],"wp:attachment":[{"href":"https:\/\/roveyayinevi.com.tr\/index.php\/wp-json\/wp\/v2\/media?parent=763867"}],"wp:term":[{"taxonomy":"product_brand","embeddable":true,"href":"https:\/\/roveyayinevi.com.tr\/index.php\/wp-json\/wp\/v2\/product_brand?post=763867"},{"taxonomy":"product_cat","embeddable":true,"href":"https:\/\/roveyayinevi.com.tr\/index.php\/wp-json\/wp\/v2\/product_cat?post=763867"},{"taxonomy":"product_tag","embeddable":true,"href":"https:\/\/roveyayinevi.com.tr\/index.php\/wp-json\/wp\/v2\/product_tag?post=763867"}],"curies":[{"name":"wp","href":"https:\/\/api.w.org\/{rel}","templated":true}]}}