{"id":763866,"date":"2025-08-28T10:54:26","date_gmt":"2025-08-28T07:54:26","guid":{"rendered":"https:\/\/roveyayinevi.com.tr\/index.php\/urun\/beden-egitimi-ve-spor-ogretmenlerinin-bireysel-yenilikci-ozellikleri-ile-teknopedagojik-egitim-yeterlilikleri-arasindaki-iliski\/"},"modified":"2026-04-15T03:29:45","modified_gmt":"2026-04-15T00:29:45","slug":"beden-egitimi-ve-spor-ogretmenlerinin-bireysel-yenilikci-ozellikleri-ile-teknopedagojik-egitim-yeterlilikleri-arasindaki-iliski","status":"publish","type":"product","link":"https:\/\/roveyayinevi.com.tr\/index.php\/urun\/beden-egitimi-ve-spor-ogretmenlerinin-bireysel-yenilikci-ozellikleri-ile-teknopedagojik-egitim-yeterlilikleri-arasindaki-iliski\/","title":{"rendered":"Beden E\u011fitimi ve Spor \u00d6\u011fretmenlerinin Bireysel Yenilik\u00e7i \u00d6zellikleri Ile Teknopedagojik E\u011fitim Yeterlilikleri Aras\u0131ndaki \u0130li\u015fki"},"content":{"rendered":"<p>\u0130\u00e7indekiler :         1. G\u0130R\u0130\u015e         2. L\u0130TERAT\u00dcR TARAMASI         3. Y\u00d6NTEM         4. BULGULAR         5. TARTI\u015eMA         6. SONU\u00c7LAR VE \u00d6NER\u0130LER         7. KAYNAKLAR <\/p>\n","protected":false},"excerpt":{"rendered":"<p>\u0130\u00e7indekiler : 1. G\u0130R\u0130\u015e 2. L\u0130TERAT\u00dcR TARAMASI 3. Y\u00d6NTEM 4. BULGULAR 5. TARTI\u015eMA 6. SONU\u00c7LAR VE \u00d6NER\u0130LER 7. KAYNAKLAR<\/p>\n","protected":false},"featured_media":0,"template":"","meta":{"_monsterinsights_skip_tracking":false,"_monsterinsights_sitenote_active":false,"_monsterinsights_sitenote_note":"","_monsterinsights_sitenote_category":0},"product_brand":[],"product_cat":[15563,15564],"product_tag":[],"class_list":{"0":"post-763866","1":"product","2":"type-product","3":"status-publish","5":"product_cat-hobi","6":"product_cat-spor","7":"pa_cilt-ciltsiz","8":"pa_tur-kitap","9":"pa_yayinevi-gazi-kitabevi","10":"pa_yazar-ekrem-ali-altuntas","12":"first","13":"instock","14":"sale","15":"shipping-taxable","16":"purchasable","17":"product-type-simple"},"_links":{"self":[{"href":"https:\/\/roveyayinevi.com.tr\/index.php\/wp-json\/wp\/v2\/product\/763866","targetHints":{"allow":["GET"]}}],"collection":[{"href":"https:\/\/roveyayinevi.com.tr\/index.php\/wp-json\/wp\/v2\/product"}],"about":[{"href":"https:\/\/roveyayinevi.com.tr\/index.php\/wp-json\/wp\/v2\/types\/product"}],"wp:attachment":[{"href":"https:\/\/roveyayinevi.com.tr\/index.php\/wp-json\/wp\/v2\/media?parent=763866"}],"wp:term":[{"taxonomy":"product_brand","embeddable":true,"href":"https:\/\/roveyayinevi.com.tr\/index.php\/wp-json\/wp\/v2\/product_brand?post=763866"},{"taxonomy":"product_cat","embeddable":true,"href":"https:\/\/roveyayinevi.com.tr\/index.php\/wp-json\/wp\/v2\/product_cat?post=763866"},{"taxonomy":"product_tag","embeddable":true,"href":"https:\/\/roveyayinevi.com.tr\/index.php\/wp-json\/wp\/v2\/product_tag?post=763866"}],"curies":[{"name":"wp","href":"https:\/\/api.w.org\/{rel}","templated":true}]}}