{"id":763864,"date":"2025-08-28T10:54:23","date_gmt":"2025-08-28T07:54:23","guid":{"rendered":"https:\/\/roveyayinevi.com.tr\/index.php\/urun\/gokcen-3-guz-yagmurlari-hediyeli-ozel-kutu-ciltli-ozel-baski\/"},"modified":"2025-10-10T10:40:39","modified_gmt":"2025-10-10T07:40:39","slug":"gokcen-3-guz-yagmurlari-hediyeli-ozel-kutu-ciltli-ozel-baski","status":"publish","type":"product","link":"https:\/\/roveyayinevi.com.tr\/index.php\/urun\/gokcen-3-guz-yagmurlari-hediyeli-ozel-kutu-ciltli-ozel-baski\/","title":{"rendered":"G\u00f6k\u00e7en -3: G\u00fcz Ya\u011fmurlar\u0131 Hediyeli \u00d6zel Kutu (Ciltli \u00d6zel Bask\u0131)"},"content":{"rendered":"<p>&#8211; G\u00d6K\u00c7EN -3: G\u00fcz Ya\u011fmurlar\u0131 (Ciltli \u00d6zel Bask\u0131) &#8211; \u00d6zel Tasar\u0131m Kartpostal (1 Adet) &#8211; Defter -Karakter Tan\u0131t\u0131m Kartlar\u0131 (2 Adet) -\u00d6zel Tasar\u0131m Poster <\/p>\n","protected":false},"excerpt":{"rendered":"<p>&#8211; G\u00d6K\u00c7EN -3: G\u00fcz Ya\u011fmurlar\u0131 (Ciltli \u00d6zel Bask\u0131) &#8211; \u00d6zel Tasar\u0131m Kartpostal (1 Adet) &#8211; Defter -Karakter Tan\u0131t\u0131m Kartlar\u0131 (2 Adet) -\u00d6zel Tasar\u0131m Poster<\/p>\n","protected":false},"featured_media":0,"template":"","meta":{"_monsterinsights_skip_tracking":false,"_monsterinsights_sitenote_active":false,"_monsterinsights_sitenote_note":"","_monsterinsights_sitenote_category":0},"product_brand":[],"product_cat":[12291,12711],"product_tag":[],"class_list":{"0":"post-763864","1":"product","2":"type-product","3":"status-publish","5":"product_cat-edebiyat","6":"product_cat-roman-oyku","7":"pa_cilt-ciltli","8":"pa_tur-kitap","9":"pa_yayinevi-ephesus-yayinlari","10":"pa_yazar-loresima","12":"first","13":"instock","14":"sale","15":"shipping-taxable","16":"purchasable","17":"product-type-simple"},"_links":{"self":[{"href":"https:\/\/roveyayinevi.com.tr\/index.php\/wp-json\/wp\/v2\/product\/763864","targetHints":{"allow":["GET"]}}],"collection":[{"href":"https:\/\/roveyayinevi.com.tr\/index.php\/wp-json\/wp\/v2\/product"}],"about":[{"href":"https:\/\/roveyayinevi.com.tr\/index.php\/wp-json\/wp\/v2\/types\/product"}],"wp:attachment":[{"href":"https:\/\/roveyayinevi.com.tr\/index.php\/wp-json\/wp\/v2\/media?parent=763864"}],"wp:term":[{"taxonomy":"product_brand","embeddable":true,"href":"https:\/\/roveyayinevi.com.tr\/index.php\/wp-json\/wp\/v2\/product_brand?post=763864"},{"taxonomy":"product_cat","embeddable":true,"href":"https:\/\/roveyayinevi.com.tr\/index.php\/wp-json\/wp\/v2\/product_cat?post=763864"},{"taxonomy":"product_tag","embeddable":true,"href":"https:\/\/roveyayinevi.com.tr\/index.php\/wp-json\/wp\/v2\/product_tag?post=763864"}],"curies":[{"name":"wp","href":"https:\/\/api.w.org\/{rel}","templated":true}]}}