{"id":763863,"date":"2025-08-28T10:54:22","date_gmt":"2025-08-28T07:54:22","guid":{"rendered":"https:\/\/roveyayinevi.com.tr\/index.php\/urun\/turkiyeyi-satan-adam\/"},"modified":"2026-04-15T03:29:45","modified_gmt":"2026-04-15T00:29:45","slug":"turkiyeyi-satan-adam","status":"publish","type":"product","link":"https:\/\/roveyayinevi.com.tr\/index.php\/urun\/turkiyeyi-satan-adam\/","title":{"rendered":"T\u00fcrkiye\u2019yi Satan Adam"},"content":{"rendered":"<p>T\u00fcrkiye\u2019nin \u0130hracata Ba\u015flama Ser\u00fcveni&#8230; 1972 y\u0131l\u0131nda Enka Pazarlama\u2019y\u0131 kuran \u015eerif Egeli, bu kitapta T\u00fcrkiye\u2019de ihracat\u0131n nas\u0131l ba\u015flay\u0131p geli\u015fti\u011fini anlat\u0131yor. Y\u0131ll\u0131k toplam ihracat\u0131n bir milyar dolar\u0131n alt\u0131nda oldu\u011fu, ba\u015fta sanayi \u00fcreticilerimiz olmak \u00fczere d\u00fcnya \u00fczerinde kimsenin T\u00fcrkiye\u2019nin ihracat yapabilece\u011fine inanmad\u0131\u011f\u0131 g\u00fcnlerden bug\u00fcn 250 milyar dolar d\u0131\u015fsat\u0131m hacmine ula\u015f\u0131lmas\u0131n\u0131n temellerini atan insanlar\u0131n renkli hik\u00e2yeleri yer al\u0131yor. Kitapta \u015eerif Egeli\u2019nin hayat hik\u00e2yesini okurken Japonya\u2019dan \u00c7in ve Pakistan\u2019a, Irak, \u0130ran ve \u00dcrd\u00fcn\u2019den Suudi Arabistan, Cezayir ve Libya\u2019ya, Rusya\u2019dan \u0130ngiltere ve Amerika\u2019ya uzanan bir yolculu\u011fa \u00e7\u0131kacak, d\u00fcnya \u00fczerindeki yetmi\u015f yedi milletin t\u00fcccarlar\u0131yla pazarl\u0131k etmenin p\u00fcf noktalar\u0131n\u0131 da bulacaks\u0131n\u0131z.<\/p>\n","protected":false},"excerpt":{"rendered":"<p>T\u00fcrkiye\u2019nin \u0130hracata Ba\u015flama Ser\u00fcveni&#8230; 1972 y\u0131l\u0131nda Enka Pazarlama\u2019y\u0131 kuran \u015eerif Egeli, bu kitapta T\u00fcrkiye\u2019de ihracat\u0131n nas\u0131l ba\u015flay\u0131p geli\u015fti\u011fini anlat\u0131yor. Y\u0131ll\u0131k toplam ihracat\u0131n bir milyar dolar\u0131n alt\u0131nda<span class=\"excerpt-hellip\"> [\u2026]<\/span><\/p>\n","protected":false},"featured_media":0,"template":"","meta":{"_monsterinsights_skip_tracking":false,"_monsterinsights_sitenote_active":false,"_monsterinsights_sitenote_note":"","_monsterinsights_sitenote_category":0},"product_brand":[],"product_cat":[13043,17647],"product_tag":[],"class_list":{"0":"post-763863","1":"product","2":"type-product","3":"status-publish","5":"product_cat-ekonomi","6":"product_cat-is-dunyasi","7":"pa_cilt-ciltsiz","8":"pa_tur-kitap","9":"pa_yayinevi-remzi-kitabevi","10":"pa_yazar-serif-egeli","12":"first","13":"instock","14":"sale","15":"shipping-taxable","16":"purchasable","17":"product-type-simple"},"_links":{"self":[{"href":"https:\/\/roveyayinevi.com.tr\/index.php\/wp-json\/wp\/v2\/product\/763863","targetHints":{"allow":["GET"]}}],"collection":[{"href":"https:\/\/roveyayinevi.com.tr\/index.php\/wp-json\/wp\/v2\/product"}],"about":[{"href":"https:\/\/roveyayinevi.com.tr\/index.php\/wp-json\/wp\/v2\/types\/product"}],"wp:attachment":[{"href":"https:\/\/roveyayinevi.com.tr\/index.php\/wp-json\/wp\/v2\/media?parent=763863"}],"wp:term":[{"taxonomy":"product_brand","embeddable":true,"href":"https:\/\/roveyayinevi.com.tr\/index.php\/wp-json\/wp\/v2\/product_brand?post=763863"},{"taxonomy":"product_cat","embeddable":true,"href":"https:\/\/roveyayinevi.com.tr\/index.php\/wp-json\/wp\/v2\/product_cat?post=763863"},{"taxonomy":"product_tag","embeddable":true,"href":"https:\/\/roveyayinevi.com.tr\/index.php\/wp-json\/wp\/v2\/product_tag?post=763863"}],"curies":[{"name":"wp","href":"https:\/\/api.w.org\/{rel}","templated":true}]}}