{"id":763860,"date":"2025-08-28T10:54:18","date_gmt":"2025-08-28T07:54:18","guid":{"rendered":"https:\/\/roveyayinevi.com.tr\/index.php\/urun\/ozbekistan-devlet-toplum-ve-goc-ciltli\/"},"modified":"2026-04-15T03:29:45","modified_gmt":"2026-04-15T00:29:45","slug":"ozbekistan-devlet-toplum-ve-goc-ciltli","status":"publish","type":"product","link":"https:\/\/roveyayinevi.com.tr\/index.php\/urun\/ozbekistan-devlet-toplum-ve-goc-ciltli\/","title":{"rendered":"\u00d6zbekistan Devlet Toplum ve G\u00f6\u00e7 (Ciltli)"},"content":{"rendered":"<p>\u00d6zbekistan, T\u00fcrklerin Orhun\u2019dan sonraki ikinci k\u00fclt\u00fcr merkezidir. Ayn\u0131 zamanda T\u00fcrk ayd\u0131nlanmas\u0131n\u0131n merkezidir. T\u00fcrklerin tarihte \u00fc\u00e7 k\u00fclt\u00fcrel merkezi olmu\u015ftur. Birincisi, Orhun\u2019dur. T\u00fcrkler, Orhun b\u00f6lgesini esas alarak B\u00fcy\u00fck T\u00fcrkistan co\u011frafyas\u0131n\u0131 ad\u0131m ad\u0131m in\u015fa etmi\u015flerdir, bu in\u015fa iktisadi ve toplumsal ve ayn\u0131 zamanda siyasal olan\u0131n yan yana oldu\u011fu bir s\u00fcre\u00e7te ilerlemi\u015ftir. M.\u00d6. 220\u2019de Orhun\u2019da B\u00fcy\u00fck Hunlarla ba\u015flayan, ancak \u0130skit T\u00fcrk devletini de ba\u015flang\u0131\u00e7 alacak bi\u00e7iminde devlet formunda y\u00fckselen s\u00fcre\u00e7, ard\u0131 ard\u0131na s\u00fcreklilik ili\u015fkisiyle ilerlemi\u015f ve Orhun b\u00fct\u00fcn Kuzey Asya T\u00fcrk devletlerinin ikametgah\u0131 olmu\u015ftur. T\u00fcrklerin k\u00fclt\u00fcrel merkezi, Akhunlar ve sonras\u0131nda G\u00f6kt\u00fcrklerin Mavera\u00fcnnehirhakimiyeti ile 6. y\u00fczy\u0131ldan itibaren \u015fimdi Orta T\u00fcrkistan olan Mavera\u00fcnnehir b\u00f6lgesine kaym\u0131\u015ft\u0131r. Bu tarihten itibaren bu b\u00f6lge kesintisiz T\u00fcrklerin hakimiyetine girmi\u015ftir. Kesinti olarak g\u00f6r\u00fcnen ve analiz edilen d\u00f6nemler esas olarak b\u00f6lgenin y\u00fckseli\u015fini do\u011furmu\u015ftur. T\u00fcrkler bu b\u00f6lgeyi nirengi noktas\u0131 olarak alarak kuzey-bat\u0131-do\u011fu ve g\u00fcneye do\u011fru devletler kurarak ilerlemi\u015ftir. Bu ilerlemenin esas \u00e7izgisi Do\u011fu Ticaret Yolu ve kollar\u0131 olmu\u015ftur. T\u00fcrkler ikinci iktisadi, k\u00fclt\u00fcrel ve siyasal merkezi olarak, Mavera\u00fcnnehir co\u011frafyas\u0131nda 12. y\u00fczy\u0131ldan itibaren T\u00fcrk Ayd\u0131nlanmas\u0131n\u0131 ya\u015fam\u0131\u015ft\u0131r. T\u00fcrkler, 10. y\u00fczy\u0131ldan itibaren Mavera\u00fcnnehir co\u011frafyas\u0131n\u0131 temel alarak Do\u011fu Ticaret Yolunun en u\u00e7 noktas\u0131 olarak Anadolu\u2019yu \u00fc\u00e7\u00fcnc\u00fc iktisadi, k\u00fclt\u00fcrel ve siyasi a\u011f\u0131rl\u0131k noktas\u0131 yapm\u0131\u015ft\u0131r. T\u00fcrklerin \u00fc\u00e7 k\u00fclt\u00fcrel ve toplumsal merkezi esas olarak birbirinden beslenir ve birbirine s\u0131k\u0131 kadim ba\u011flarla ba\u011fl\u0131d\u0131r. Bu Kitap, T\u00fcrklerin tarihsel olarak Orhun\u2019dan sonraki ikinci k\u00fclt\u00fcrel merkezi ve ayn\u0131 zamanda T\u00fcrk ayd\u0131nlanmas\u0131n\u0131n mek\u00e2n\u0131 \u00d6zbekistan\u2019\u0131 devlet ve toplum alt ba\u015fl\u0131klar\u0131yla inceleme amac\u0131n\u0131 ta\u015f\u0131maktad\u0131r. Kuramsal ve literat\u00fcrel bir zemine sahip eser, T\u00fcrkiye ile \u00d6zbekistan\u2019da y\u00fcr\u00fct\u00fclen saha ara\u015ft\u0131rmalar\u0131na dayanmaktad\u0131r. <\/p>\n","protected":false},"excerpt":{"rendered":"<p>\u00d6zbekistan, T\u00fcrklerin Orhun\u2019dan sonraki ikinci k\u00fclt\u00fcr merkezidir. Ayn\u0131 zamanda T\u00fcrk ayd\u0131nlanmas\u0131n\u0131n merkezidir. T\u00fcrklerin tarihte \u00fc\u00e7 k\u00fclt\u00fcrel merkezi olmu\u015ftur. Birincisi, Orhun\u2019dur. T\u00fcrkler, Orhun b\u00f6lgesini esas alarak B\u00fcy\u00fck<span class=\"excerpt-hellip\"> [\u2026]<\/span><\/p>\n","protected":false},"featured_media":0,"template":"","meta":{"_monsterinsights_skip_tracking":false,"_monsterinsights_sitenote_active":false,"_monsterinsights_sitenote_note":"","_monsterinsights_sitenote_category":0},"product_brand":[],"product_cat":[12337],"product_tag":[],"class_list":{"0":"post-763860","1":"product","2":"type-product","3":"status-publish","5":"product_cat-politika-siyaset","6":"pa_cilt-ciltli","7":"pa_tur-kitap","8":"pa_yayinevi-tiav","9":"pa_yazar-kolektif","11":"first","12":"instock","13":"sale","14":"shipping-taxable","15":"purchasable","16":"product-type-simple"},"_links":{"self":[{"href":"https:\/\/roveyayinevi.com.tr\/index.php\/wp-json\/wp\/v2\/product\/763860","targetHints":{"allow":["GET"]}}],"collection":[{"href":"https:\/\/roveyayinevi.com.tr\/index.php\/wp-json\/wp\/v2\/product"}],"about":[{"href":"https:\/\/roveyayinevi.com.tr\/index.php\/wp-json\/wp\/v2\/types\/product"}],"wp:attachment":[{"href":"https:\/\/roveyayinevi.com.tr\/index.php\/wp-json\/wp\/v2\/media?parent=763860"}],"wp:term":[{"taxonomy":"product_brand","embeddable":true,"href":"https:\/\/roveyayinevi.com.tr\/index.php\/wp-json\/wp\/v2\/product_brand?post=763860"},{"taxonomy":"product_cat","embeddable":true,"href":"https:\/\/roveyayinevi.com.tr\/index.php\/wp-json\/wp\/v2\/product_cat?post=763860"},{"taxonomy":"product_tag","embeddable":true,"href":"https:\/\/roveyayinevi.com.tr\/index.php\/wp-json\/wp\/v2\/product_tag?post=763860"}],"curies":[{"name":"wp","href":"https:\/\/api.w.org\/{rel}","templated":true}]}}