{"id":763859,"date":"2025-08-28T10:54:17","date_gmt":"2025-08-28T07:54:17","guid":{"rendered":"https:\/\/roveyayinevi.com.tr\/index.php\/urun\/karsilastirmali-afet-yonetimi\/"},"modified":"2026-04-15T03:29:45","modified_gmt":"2026-04-15T00:29:45","slug":"karsilastirmali-afet-yonetimi","status":"publish","type":"product","link":"https:\/\/roveyayinevi.com.tr\/index.php\/urun\/karsilastirmali-afet-yonetimi\/","title":{"rendered":"Kar\u015f\u0131la\u015ft\u0131rmal\u0131 Afet Y\u00f6netimi"},"content":{"rendered":"<p>Afet y\u00f6netimi \u00e7ok payda\u015fl\u0131 ve multidisipliner bir y\u00f6netim s\u00fcrecidir. Afetlerin y\u0131k\u0131c\u0131 etkileriyle ba\u015fedebilmek amac\u0131yla \u00fclkeler farkl\u0131 afet y\u00f6netim modelleri kullanmaktad\u0131r. T\u00fcrkiye gibi afet riski y\u00fcksek bir \u00fclke ile g\u00f6rece daha d\u00fc\u015f\u00fck afet potansiyeli bulunan Fransa gibi bir \u00fclkeye g\u00f6re tedbirler ve uygulamalar daha kapsaml\u0131 olabilmektedir.T\u00fcrkiye\u2019de temel olarak afet y\u00f6netimi d\u00f6rt a\u015famada ele al\u0131n\u0131rken Fransa\u2019da \u00f6nleme ve m\u00fcdahale olmak \u00fczere iki a\u015famal\u0131 bir afet y\u00f6netim modeli kabul edilmi\u015ftir. K\u00fcresel d\u00fczeyde afetler sebebiyle her y\u0131l artan seviyede sosyal ve ekonomik kay\u0131plar ya\u015fanmaktad\u0131r. Elbette bu art\u0131\u015fta \u00fclkelerin geli\u015fmi\u015flik d\u00fczeyi ile paralel olarak artan diren\u00e7lili\u011fi \u00f6nemli bir fakt\u00f6rd\u00fcr.  B\u00f6yle kapsay\u0131c\u0131 bir yap\u0131da ba\u015far\u0131l\u0131 bir afet y\u00f6netimi i\u00e7in b\u00fct\u00fcn payda\u015flar\u0131n \u00f6nemli rol ve sorumlulu\u011fu bulunmaktad\u0131r.  Afetselli\u011fin \u00e7ok y\u00fcksek oldu\u011fu T\u00fcrkiye\u2019de jandarma gibi bir\u00e7ok kurum ve kurulu\u015f payda\u015flarla birlikte afet y\u00f6netiminde \u00f6nemli g\u00f6revler \u00fcstlenmektedir.Fransa\u2019dan \u00f6rnek al\u0131narak kurulan T\u00fcrk Jandarmas\u0131n\u0131n bu alandaki geli\u015fiminin Frans\u0131z Jandarmas\u0131 ile kar\u015f\u0131la\u015ft\u0131r\u0131larak sunulmas\u0131 olduk\u00e7a ilgi \u00e7ekicidir. Bu kar\u015f\u0131la\u015ft\u0131rma yap\u0131l\u0131rken iki \u00fclkenin afet y\u00f6netim sistemleri de daha iyi anla\u015f\u0131labilmektedir.B\u00f6ylelikle hem y\u00f6netim sistemi hemde kurumsal d\u00fczeyde farkl\u0131l\u0131klar ve iyi uygulamalar ke\u015ffedilebilir. S\u00f6z konusu incelemenin sonucunda afet y\u00f6netimi ekseninde jandarman\u0131n kar\u015f\u0131la\u015ft\u0131rmas\u0131 yap\u0131larak hem afet y\u00f6netiminin gelece\u011fine hem de her iki \u00fclke jandarmas\u0131n\u0131n geli\u015ftirilebilir y\u00f6nlerine \u00f6nemli katk\u0131 sa\u011flanaca\u011f\u0131 d\u00fc\u015f\u00fcn\u00fclmektedir.Bunun yan\u0131nda afet y\u00f6netimi ve jandarman\u0131n kesi\u015fim noktalar\u0131n\u0131n sunuldu\u011fu bu eser okuyucuya farkl\u0131 bir bak\u0131\u015f sunacakt\u0131r. <\/p>\n","protected":false},"excerpt":{"rendered":"<p>Afet y\u00f6netimi \u00e7ok payda\u015fl\u0131 ve multidisipliner bir y\u00f6netim s\u00fcrecidir. Afetlerin y\u0131k\u0131c\u0131 etkileriyle ba\u015fedebilmek amac\u0131yla \u00fclkeler farkl\u0131 afet y\u00f6netim modelleri kullanmaktad\u0131r. T\u00fcrkiye gibi afet riski y\u00fcksek bir<span class=\"excerpt-hellip\"> [\u2026]<\/span><\/p>\n","protected":false},"featured_media":0,"template":"","meta":{"_monsterinsights_skip_tracking":false,"_monsterinsights_sitenote_active":false,"_monsterinsights_sitenote_note":"","_monsterinsights_sitenote_category":0},"product_brand":[],"product_cat":[13059,12337],"product_tag":[],"class_list":{"0":"post-763859","1":"product","2":"type-product","3":"status-publish","5":"product_cat-diger-politika-siyaset","6":"product_cat-politika-siyaset","7":"pa_cilt-ciltsiz","8":"pa_tur-kitap","9":"pa_yayinevi-tiav","10":"pa_yazar-aslan-mehmet-coskun","12":"first","13":"instock","14":"sale","15":"shipping-taxable","16":"purchasable","17":"product-type-simple"},"_links":{"self":[{"href":"https:\/\/roveyayinevi.com.tr\/index.php\/wp-json\/wp\/v2\/product\/763859","targetHints":{"allow":["GET"]}}],"collection":[{"href":"https:\/\/roveyayinevi.com.tr\/index.php\/wp-json\/wp\/v2\/product"}],"about":[{"href":"https:\/\/roveyayinevi.com.tr\/index.php\/wp-json\/wp\/v2\/types\/product"}],"wp:attachment":[{"href":"https:\/\/roveyayinevi.com.tr\/index.php\/wp-json\/wp\/v2\/media?parent=763859"}],"wp:term":[{"taxonomy":"product_brand","embeddable":true,"href":"https:\/\/roveyayinevi.com.tr\/index.php\/wp-json\/wp\/v2\/product_brand?post=763859"},{"taxonomy":"product_cat","embeddable":true,"href":"https:\/\/roveyayinevi.com.tr\/index.php\/wp-json\/wp\/v2\/product_cat?post=763859"},{"taxonomy":"product_tag","embeddable":true,"href":"https:\/\/roveyayinevi.com.tr\/index.php\/wp-json\/wp\/v2\/product_tag?post=763859"}],"curies":[{"name":"wp","href":"https:\/\/api.w.org\/{rel}","templated":true}]}}