{"id":763857,"date":"2025-08-28T10:54:14","date_gmt":"2025-08-28T07:54:14","guid":{"rendered":"https:\/\/roveyayinevi.com.tr\/index.php\/urun\/imar-planlari-baglaminda-yapi-ve-denetimi\/"},"modified":"2026-04-15T03:29:45","modified_gmt":"2026-04-15T00:29:45","slug":"imar-planlari-baglaminda-yapi-ve-denetimi","status":"publish","type":"product","link":"https:\/\/roveyayinevi.com.tr\/index.php\/urun\/imar-planlari-baglaminda-yapi-ve-denetimi\/","title":{"rendered":"\u0130mar Planlar\u0131 Ba\u011flam\u0131nda Yap\u0131 ve Denetimi"},"content":{"rendered":"<p>Bu kitapta, bir arazinin pl\u00e2nlanmas\u0131ndan yap\u0131n\u0131n in\u015faas\u0131na uygun bir parsele d\u00f6n\u00fc\u015fmesine kadar olan s\u00fcrec, parsel \u00fczerinde in\u015faa edilmesi d\u00fc\u015f\u00fcn\u00fclen yap\u0131ya ili\u015fkin projelendirme ve yap\u0131 ruhsat\u0131n\u0131n al\u0131nmas\u0131, yap\u0131n\u0131n in\u015faas\u0131 ve bu s\u00fcre\u00e7teki denetimin nas\u0131l ve kimler veya hangi kurumlar taraf\u0131ndan yap\u0131ld\u0131\u011f\u0131 mevzuat \u00e7er\u00e7evesinde iz\u00e2h edilmektedir. Konunun \u00e7ok kapsaml\u0131 ve fazla say\u0131da mevzuat\u0131 ihtiva etmesi bak\u0131m\u0131ndan, bilinmesinde zaruret bulunan konu ba\u015fl\u0131klar\u0131 se\u00e7ilmi\u015f, ayn\u0131 zamanda k\u0131s\u0131tl\u0131 bir \u015fekilde kanaat beyan\u0131 ile \u00f6nerilerde bulunulmu\u015f ve de\u011ferlendirmeler yap\u0131lm\u0131\u015ft\u0131r. \u00c7al\u0131\u015fmada teknik detaylara yer verilmemi\u015f, konular mer\u2019i mevzuat \u00e7er\u00e7evesinde izah edilmeye \u00e7al\u0131\u015f\u0131lm\u0131\u015ft\u0131r. Bu kapsamda, ilgili mevzuat metinlerinde yer alan maddeler zaman zaman aynen, zaman zaman da muhtevaya dokunulmadan \u00f6zetlenerek aktar\u0131lm\u0131\u015ft\u0131r. <\/p>\n","protected":false},"excerpt":{"rendered":"<p>Bu kitapta, bir arazinin pl\u00e2nlanmas\u0131ndan yap\u0131n\u0131n in\u015faas\u0131na uygun bir parsele d\u00f6n\u00fc\u015fmesine kadar olan s\u00fcrec, parsel \u00fczerinde in\u015faa edilmesi d\u00fc\u015f\u00fcn\u00fclen yap\u0131ya ili\u015fkin projelendirme ve yap\u0131 ruhsat\u0131n\u0131n al\u0131nmas\u0131,<span class=\"excerpt-hellip\"> [\u2026]<\/span><\/p>\n","protected":false},"featured_media":0,"template":"","meta":{"_monsterinsights_skip_tracking":false,"_monsterinsights_sitenote_active":false,"_monsterinsights_sitenote_note":"","_monsterinsights_sitenote_category":0},"product_brand":[],"product_cat":[13005,18664],"product_tag":[],"class_list":{"0":"post-763857","1":"product","2":"type-product","3":"status-publish","5":"product_cat-bilim-muhendislik","6":"product_cat-muhendislik","7":"pa_cilt-ciltsiz","8":"pa_tur-kitap","9":"pa_yayinevi-tiav","10":"pa_yazar-muhittin-soyvural","12":"first","13":"instock","14":"sale","15":"shipping-taxable","16":"purchasable","17":"product-type-simple"},"_links":{"self":[{"href":"https:\/\/roveyayinevi.com.tr\/index.php\/wp-json\/wp\/v2\/product\/763857","targetHints":{"allow":["GET"]}}],"collection":[{"href":"https:\/\/roveyayinevi.com.tr\/index.php\/wp-json\/wp\/v2\/product"}],"about":[{"href":"https:\/\/roveyayinevi.com.tr\/index.php\/wp-json\/wp\/v2\/types\/product"}],"wp:attachment":[{"href":"https:\/\/roveyayinevi.com.tr\/index.php\/wp-json\/wp\/v2\/media?parent=763857"}],"wp:term":[{"taxonomy":"product_brand","embeddable":true,"href":"https:\/\/roveyayinevi.com.tr\/index.php\/wp-json\/wp\/v2\/product_brand?post=763857"},{"taxonomy":"product_cat","embeddable":true,"href":"https:\/\/roveyayinevi.com.tr\/index.php\/wp-json\/wp\/v2\/product_cat?post=763857"},{"taxonomy":"product_tag","embeddable":true,"href":"https:\/\/roveyayinevi.com.tr\/index.php\/wp-json\/wp\/v2\/product_tag?post=763857"}],"curies":[{"name":"wp","href":"https:\/\/api.w.org\/{rel}","templated":true}]}}