{"id":763854,"date":"2025-08-28T10:54:08","date_gmt":"2025-08-28T07:54:08","guid":{"rendered":"https:\/\/roveyayinevi.com.tr\/index.php\/urun\/bilgikupu-2-sinif-tum-dersler-soru-bankasi\/"},"modified":"2026-04-15T03:29:45","modified_gmt":"2026-04-15T00:29:45","slug":"bilgikupu-2-sinif-tum-dersler-soru-bankasi","status":"publish","type":"product","link":"https:\/\/roveyayinevi.com.tr\/index.php\/urun\/bilgikupu-2-sinif-tum-dersler-soru-bankasi\/","title":{"rendered":"BilgiK\u00fcp\u00fc 2.S\u0131n\u0131f T\u00fcm Dersler Soru Bankas\u0131"},"content":{"rendered":"<p>2. S\u0131n\u0131f T\u00fcm Dersler Soru Bankas\u0131 Kitap A\u00e7\u0131klamas\u0131Derslere ve s\u0131navlara haz\u0131rl\u0131k i\u00e7in tasarlanm\u0131\u015ft\u0131r.M\u00fcfredata uygundur.<\/p>\n","protected":false},"excerpt":{"rendered":"<p>2. S\u0131n\u0131f T\u00fcm Dersler Soru Bankas\u0131 Kitap A\u00e7\u0131klamas\u0131Derslere ve s\u0131navlara haz\u0131rl\u0131k i\u00e7in tasarlanm\u0131\u015ft\u0131r.M\u00fcfredata uygundur.<\/p>\n","protected":false},"featured_media":0,"template":"","meta":{"_monsterinsights_skip_tracking":false,"_monsterinsights_sitenote_active":false,"_monsterinsights_sitenote_note":"","_monsterinsights_sitenote_category":0},"product_brand":[],"product_cat":[12566,13473],"product_tag":[],"class_list":{"0":"post-763854","1":"product","2":"type-product","3":"status-publish","5":"product_cat-egitim","6":"product_cat-sinavlara-hazirlik-okula-yardimci-kaynaklar","7":"pa_cilt-ciltsiz","8":"pa_tur-kitap","9":"pa_yayinevi-bilgi-kupu","10":"pa_yazar-kolektif","12":"first","13":"instock","14":"sale","15":"shipping-taxable","16":"purchasable","17":"product-type-simple"},"_links":{"self":[{"href":"https:\/\/roveyayinevi.com.tr\/index.php\/wp-json\/wp\/v2\/product\/763854","targetHints":{"allow":["GET"]}}],"collection":[{"href":"https:\/\/roveyayinevi.com.tr\/index.php\/wp-json\/wp\/v2\/product"}],"about":[{"href":"https:\/\/roveyayinevi.com.tr\/index.php\/wp-json\/wp\/v2\/types\/product"}],"wp:attachment":[{"href":"https:\/\/roveyayinevi.com.tr\/index.php\/wp-json\/wp\/v2\/media?parent=763854"}],"wp:term":[{"taxonomy":"product_brand","embeddable":true,"href":"https:\/\/roveyayinevi.com.tr\/index.php\/wp-json\/wp\/v2\/product_brand?post=763854"},{"taxonomy":"product_cat","embeddable":true,"href":"https:\/\/roveyayinevi.com.tr\/index.php\/wp-json\/wp\/v2\/product_cat?post=763854"},{"taxonomy":"product_tag","embeddable":true,"href":"https:\/\/roveyayinevi.com.tr\/index.php\/wp-json\/wp\/v2\/product_tag?post=763854"}],"curies":[{"name":"wp","href":"https:\/\/api.w.org\/{rel}","templated":true}]}}