{"id":763853,"date":"2025-08-28T10:54:06","date_gmt":"2025-08-28T07:54:06","guid":{"rendered":"https:\/\/roveyayinevi.com.tr\/index.php\/urun\/yuzu-kelebeklerle-ortulu\/"},"modified":"2026-04-15T03:29:45","modified_gmt":"2026-04-15T00:29:45","slug":"yuzu-kelebeklerle-ortulu","status":"publish","type":"product","link":"https:\/\/roveyayinevi.com.tr\/index.php\/urun\/yuzu-kelebeklerle-ortulu\/","title":{"rendered":"Y\u00fcz\u00fc Kelebeklerle \u00d6rt\u00fcl\u00fc"},"content":{"rendered":"<p>ya\u015farken de bilinir kuyu bir derinliktir siyah bir \u015femsiyenin a\u00e7\u0131l\u0131\u015f\u0131 ya\u011fmurda damlalar\u0131n \u015femsiyeye \u00e7arp\u0131p par\u00e7alan\u0131\u015f\u0131 ya da f\u0131rt\u0131na dindikten sonra k\u0131r\u0131k telleri telekleri y\u0131rt\u0131k kuma\u015flar\u0131 kanatlar\u0131yla \u015femsiyeler ve ku\u015flar i\u00e7in bir ceset d\u00fc\u015f\u00fcncesi toz zerreleriyle ta\u015f\u0131n\u0131r sonsuzca bir adam aynaya bakar aynaya bakar aynaya ayaklar\u0131n\u0131 birbirine s\u00fcrter bir sinek s\u00fcrter bir ve d\u00fcnyada \u00e7imler bi\u00e7ilirken g\u00f6r\u00fcn\u00fcr olurum ben bir anl\u0131\u011f\u0131na ya\u015farken de bilinir \u00e7imlerin bi\u00e7ilmesi bir derinliktir   <\/p>\n","protected":false},"excerpt":{"rendered":"<p>ya\u015farken de bilinir kuyu bir derinliktir siyah bir \u015femsiyenin a\u00e7\u0131l\u0131\u015f\u0131 ya\u011fmurda damlalar\u0131n \u015femsiyeye \u00e7arp\u0131p par\u00e7alan\u0131\u015f\u0131 ya da f\u0131rt\u0131na dindikten sonra k\u0131r\u0131k telleri telekleri y\u0131rt\u0131k kuma\u015flar\u0131 kanatlar\u0131yla<span class=\"excerpt-hellip\"> [\u2026]<\/span><\/p>\n","protected":false},"featured_media":0,"template":"","meta":{"_monsterinsights_skip_tracking":false,"_monsterinsights_sitenote_active":false,"_monsterinsights_sitenote_note":"","_monsterinsights_sitenote_category":0},"product_brand":[],"product_cat":[12291,12509],"product_tag":[],"class_list":{"0":"post-763853","1":"product","2":"type-product","3":"status-publish","5":"product_cat-edebiyat","6":"product_cat-siir","7":"pa_cilt-ciltsiz","8":"pa_tur-kitap","9":"pa_yayinevi-everest-yayinlari","10":"pa_yazar-nilay-ozer","12":"first","13":"instock","14":"sale","15":"shipping-taxable","16":"purchasable","17":"product-type-simple"},"_links":{"self":[{"href":"https:\/\/roveyayinevi.com.tr\/index.php\/wp-json\/wp\/v2\/product\/763853","targetHints":{"allow":["GET"]}}],"collection":[{"href":"https:\/\/roveyayinevi.com.tr\/index.php\/wp-json\/wp\/v2\/product"}],"about":[{"href":"https:\/\/roveyayinevi.com.tr\/index.php\/wp-json\/wp\/v2\/types\/product"}],"wp:attachment":[{"href":"https:\/\/roveyayinevi.com.tr\/index.php\/wp-json\/wp\/v2\/media?parent=763853"}],"wp:term":[{"taxonomy":"product_brand","embeddable":true,"href":"https:\/\/roveyayinevi.com.tr\/index.php\/wp-json\/wp\/v2\/product_brand?post=763853"},{"taxonomy":"product_cat","embeddable":true,"href":"https:\/\/roveyayinevi.com.tr\/index.php\/wp-json\/wp\/v2\/product_cat?post=763853"},{"taxonomy":"product_tag","embeddable":true,"href":"https:\/\/roveyayinevi.com.tr\/index.php\/wp-json\/wp\/v2\/product_tag?post=763853"}],"curies":[{"name":"wp","href":"https:\/\/api.w.org\/{rel}","templated":true}]}}