{"id":763848,"date":"2025-08-28T10:53:55","date_gmt":"2025-08-28T07:53:55","guid":{"rendered":"https:\/\/roveyayinevi.com.tr\/index.php\/urun\/mucizeler-dukkani\/"},"modified":"2026-04-15T03:29:45","modified_gmt":"2026-04-15T00:29:45","slug":"mucizeler-dukkani","status":"publish","type":"product","link":"https:\/\/roveyayinevi.com.tr\/index.php\/urun\/mucizeler-dukkani\/","title":{"rendered":"Mucizeler D\u00fckkan\u0131"},"content":{"rendered":"<p>Mucizeler D\u00fckk\u00e2n\u0131, Bahia&#8217;n\u0131n \u015famatal\u0131, kadim rit\u00fcellerle bezeli curcunal\u0131 ortam\u0131n\u0131n ortas\u0131nda m\u00fctevaz\u0131 bir matbaad\u0131r. Matbaac\u0131n\u0131n dostu, sokaklar\u0131n sevgilisi melez Pedro Archanjo&#8217;nun kitaplar\u0131 da, ayn\u0131 zamanda bir a\u00e7\u0131k \u00fcniversite i\u015flevi g\u00f6ren bu mek\u00e2nda bas\u0131l\u0131r. Ne var ki, Afrika ve Bahia k\u00fclt\u00fcr\u00fc \u00fczerine yazd\u0131klar\u0131 halk aras\u0131nda giderek pop\u00fclerle\u015fince, \u0131rk\u00e7\u0131 saikler ku\u015fanm\u0131\u015f dogmatik akademinin de dikkatini \u00e7eker ve yazar\u0131n\u0131n konumuna da burun k\u0131vr\u0131larak k\u0131sa s\u00fcrede de\u011fersizle\u015ftirilir. Ta ki y\u0131llar sonra Nobel \u00f6d\u00fcll\u00fc bir etnolo\u011fun Archanjo hayran\u0131 oldu\u011fu \u00f6\u011frenilene dek&#8230;B\u00f6ylece ba\u015flayan ve bug\u00fcn de a\u015fina oldu\u011fumuz sahte akademik ilginin ve entelekt\u00fcel yozla\u015fman\u0131n tozu duman\u0131 aras\u0131nda Archanjo&#8217;nun ger\u00e7ek kimli\u011finin, m\u00fccadeleci ki\u015fili\u011finin \u00f6yk\u00fcs\u00fc ve Afro-Brezilya k\u00fclt\u00fcr\u00fcne bir \u00f6vg\u00fcd\u00fcr Mucizeler D\u00fckk\u00e2n\u0131. Yoksulluk i\u00e7inde \u00f6len, halk\u0131n g\u00f6nl\u00fcnde taht kurmu\u015f Archanjo&#8217;nun yolculu\u011fu, modern Brezilya&#8217;n\u0131n muhta\u00e7 oldu\u011fu toplumsal bar\u0131\u015f ve e\u015fitlik umuduna da ayna tutar.&#8221;Ben halk\u0131m\u0131n ya\u015fam\u0131n\u0131, halk\u0131m\u0131n karakterini sat\u0131rlara d\u00f6km\u00fc\u015f bir yazar\u0131m. \u015eunu s\u00f6yleyebilirim ki, Brezilya roman\u0131n\u0131n en b\u00fcy\u00fck kahraman\u0131 Brezilya halk\u0131d\u0131r.&#8221;<\/p>\n","protected":false},"excerpt":{"rendered":"<p>Mucizeler D\u00fckk\u00e2n\u0131, Bahia&#8217;n\u0131n \u015famatal\u0131, kadim rit\u00fcellerle bezeli curcunal\u0131 ortam\u0131n\u0131n ortas\u0131nda m\u00fctevaz\u0131 bir matbaad\u0131r. Matbaac\u0131n\u0131n dostu, sokaklar\u0131n sevgilisi melez Pedro Archanjo&#8217;nun kitaplar\u0131 da, ayn\u0131 zamanda bir a\u00e7\u0131k<span class=\"excerpt-hellip\"> [\u2026]<\/span><\/p>\n","protected":false},"featured_media":0,"template":"","meta":{"_monsterinsights_skip_tracking":false,"_monsterinsights_sitenote_active":false,"_monsterinsights_sitenote_note":"","_monsterinsights_sitenote_category":0},"product_brand":[],"product_cat":[12291,12711],"product_tag":[],"class_list":{"0":"post-763848","1":"product","2":"type-product","3":"status-publish","5":"product_cat-edebiyat","6":"product_cat-roman-oyku","7":"pa_cilt-ciltsiz","8":"pa_tur-kitap","9":"pa_yayinevi-sel-yayincilik","10":"pa_yazar-jorge-amado","12":"first","13":"instock","14":"sale","15":"shipping-taxable","16":"purchasable","17":"product-type-simple"},"_links":{"self":[{"href":"https:\/\/roveyayinevi.com.tr\/index.php\/wp-json\/wp\/v2\/product\/763848","targetHints":{"allow":["GET"]}}],"collection":[{"href":"https:\/\/roveyayinevi.com.tr\/index.php\/wp-json\/wp\/v2\/product"}],"about":[{"href":"https:\/\/roveyayinevi.com.tr\/index.php\/wp-json\/wp\/v2\/types\/product"}],"wp:attachment":[{"href":"https:\/\/roveyayinevi.com.tr\/index.php\/wp-json\/wp\/v2\/media?parent=763848"}],"wp:term":[{"taxonomy":"product_brand","embeddable":true,"href":"https:\/\/roveyayinevi.com.tr\/index.php\/wp-json\/wp\/v2\/product_brand?post=763848"},{"taxonomy":"product_cat","embeddable":true,"href":"https:\/\/roveyayinevi.com.tr\/index.php\/wp-json\/wp\/v2\/product_cat?post=763848"},{"taxonomy":"product_tag","embeddable":true,"href":"https:\/\/roveyayinevi.com.tr\/index.php\/wp-json\/wp\/v2\/product_tag?post=763848"}],"curies":[{"name":"wp","href":"https:\/\/api.w.org\/{rel}","templated":true}]}}