{"id":763845,"date":"2025-08-28T10:53:50","date_gmt":"2025-08-28T07:53:50","guid":{"rendered":"https:\/\/roveyayinevi.com.tr\/index.php\/urun\/dort-suikast\/"},"modified":"2026-04-15T03:29:45","modified_gmt":"2026-04-15T00:29:45","slug":"dort-suikast","status":"publish","type":"product","link":"https:\/\/roveyayinevi.com.tr\/index.php\/urun\/dort-suikast\/","title":{"rendered":"D\u00f6rt Suikast"},"content":{"rendered":"<p>Ortado\u011fu\u2019nun ge\u00e7ti\u011fimiz y\u00fczy\u0131l\u0131nda, hepsi de do\u011frudan do\u011fruya Filistin ve Kud\u00fcs\u2019le ba\u011flant\u0131l\u0131, d\u00f6rt \u00f6nemli suikast ger\u00e7ekle\u015ftirildi. \u00dcrd\u00fcn\u2019\u00fcn ilk kral\u0131 Abdullah bin H\u00fcseyin 20 Temmuz 1951\u2019de, Suudi Arabistan Kral\u0131 Faysal bin Abdulaziz 25 Mart 1975\u2019te, M\u0131s\u0131r Cumhurba\u015fkan\u0131 Muhammed Enver Sedat 6 Ekim 1981\u2019de ve \u0130srail Ba\u015fbakan\u0131 Yitzhak Rabin 4 Kas\u0131m 1995\u2019te \u00f6ld\u00fcr\u00fcld\u00fcler. Katillerin kimlikleri ve d\u00fcnya g\u00f6r\u00fc\u015fleri birbirinden tamamen farkl\u0131 olsa da, b\u00fct\u00fcn bu suikastlar\u0131n ortak bir noktas\u0131 vard\u0131: Hepsinde de maktuller, Filistin ve Kud\u00fcs\u2019le ilgili att\u0131klar\u0131 ad\u0131mlar nedeniyle cezaland\u0131r\u0131lm\u0131\u015ft\u0131. B\u00f6lgenin d\u00f6rt karizmatik ve etkili liderinin sahneden \u00e7ekilmesiyle sonu\u00e7lanan bu suikastlar, Filistin meselesinin b\u00fct\u00fcn taraflar\u0131n\u0131, farkl\u0131 ama\u00e7 ve \u015fekillerde politikalar\u0131n\u0131 g\u00f6zden ge\u00e7irmeye ve hatta de\u011fi\u015ftirmeye zorlad\u0131. Etkileri ve art\u00e7\u0131 sars\u0131nt\u0131lar\u0131 g\u00fcn\u00fcm\u00fczde h\u00e2l\u00e2 b\u00fct\u00fcn s\u0131cakl\u0131\u011f\u0131yla hissedilen bu hadiseler, Filistin ve Kud\u00fcs konusunda Araplar\u0131n da Yahudilerin de att\u0131\u011f\u0131 ve at(a)mad\u0131\u011f\u0131 b\u00fct\u00fcn ad\u0131mlar\u0131 b\u00fcy\u00fck \u00f6l\u00e7\u00fcde a\u00e7\u0131klamaktad\u0131r. Geni\u015f bir tarih\u00ee arka plan e\u015fli\u011finde Kral Abdullah, Kral Faysal, Enver Sedat ve Yitzhak Rabin\u2019in ak\u0131betlerine odaklanan D\u00f6rt Suikast \u2013Filistin\u2019i Sarsan Kur\u015funlar, ayn\u0131 zamanda Filistin direni\u015f tarihinin sat\u0131r ba\u015flar\u0131n\u0131, Ortado\u011fu \u00fclkelerinin Filistin politikalar\u0131n\u0131, Arap-\u0130srail sava\u015flar\u0131n\u0131, bar\u0131\u015f s\u00fcre\u00e7lerini ve b\u00f6lgenin yak\u0131n tarihindeki \u00f6nemli d\u00f6n\u00fcm noktalar\u0131n\u0131 anlatan belgesel bir metin. <\/p>\n","protected":false},"excerpt":{"rendered":"<p>Ortado\u011fu\u2019nun ge\u00e7ti\u011fimiz y\u00fczy\u0131l\u0131nda, hepsi de do\u011frudan do\u011fruya Filistin ve Kud\u00fcs\u2019le ba\u011flant\u0131l\u0131, d\u00f6rt \u00f6nemli suikast ger\u00e7ekle\u015ftirildi. \u00dcrd\u00fcn\u2019\u00fcn ilk kral\u0131 Abdullah bin H\u00fcseyin 20 Temmuz 1951\u2019de, Suudi Arabistan<span class=\"excerpt-hellip\"> [\u2026]<\/span><\/p>\n","protected":false},"featured_media":0,"template":"","meta":{"_monsterinsights_skip_tracking":false,"_monsterinsights_sitenote_active":false,"_monsterinsights_sitenote_note":"","_monsterinsights_sitenote_category":0},"product_brand":[],"product_cat":[12370,12304],"product_tag":[],"class_list":{"0":"post-763845","1":"product","2":"type-product","3":"status-publish","5":"product_cat-arastirma-inceleme","6":"product_cat-tarih","7":"pa_cilt-ciltsiz","8":"pa_tur-kitap","9":"pa_yayinevi-ketebe-yayinlari","10":"pa_yazar-taha-kilinc","12":"first","13":"instock","14":"sale","15":"shipping-taxable","16":"purchasable","17":"product-type-simple"},"_links":{"self":[{"href":"https:\/\/roveyayinevi.com.tr\/index.php\/wp-json\/wp\/v2\/product\/763845","targetHints":{"allow":["GET"]}}],"collection":[{"href":"https:\/\/roveyayinevi.com.tr\/index.php\/wp-json\/wp\/v2\/product"}],"about":[{"href":"https:\/\/roveyayinevi.com.tr\/index.php\/wp-json\/wp\/v2\/types\/product"}],"wp:attachment":[{"href":"https:\/\/roveyayinevi.com.tr\/index.php\/wp-json\/wp\/v2\/media?parent=763845"}],"wp:term":[{"taxonomy":"product_brand","embeddable":true,"href":"https:\/\/roveyayinevi.com.tr\/index.php\/wp-json\/wp\/v2\/product_brand?post=763845"},{"taxonomy":"product_cat","embeddable":true,"href":"https:\/\/roveyayinevi.com.tr\/index.php\/wp-json\/wp\/v2\/product_cat?post=763845"},{"taxonomy":"product_tag","embeddable":true,"href":"https:\/\/roveyayinevi.com.tr\/index.php\/wp-json\/wp\/v2\/product_tag?post=763845"}],"curies":[{"name":"wp","href":"https:\/\/api.w.org\/{rel}","templated":true}]}}