{"id":763841,"date":"2025-08-28T10:53:43","date_gmt":"2025-08-28T07:53:43","guid":{"rendered":"https:\/\/roveyayinevi.com.tr\/index.php\/urun\/kocalar\/"},"modified":"2026-04-15T03:29:44","modified_gmt":"2026-04-15T00:29:44","slug":"kocalar","status":"publish","type":"product","link":"https:\/\/roveyayinevi.com.tr\/index.php\/urun\/kocalar\/","title":{"rendered":"Kocalar"},"content":{"rendered":"<p>Bir kad\u0131n, kocas\u0131ndan daha fazla yard\u0131m g\u00f6rebilmek i\u00e7in ne kadar ileri gidebilir?   Nora Spangler, ba\u015far\u0131l\u0131 bir avukat olmas\u0131n\u0131n yan\u0131 s\u0131ra bir annedir. \u0130\u015fyerindeki dosyalar\u0131n \u00fcstesinden gelmesi asla yeterli olmaz. Eve geldi\u011finde yeme\u011fi haz\u0131rlamal\u0131, doktor randevular\u0131n\u0131 ayarlamal\u0131 ve her zaman k\u00e2\u011f\u0131t havlu rulolar\u0131n\u0131n nerede oldu\u011funu bilmelidir.   Peki ya kocas\u0131?   Nora ve e\u015fi se\u00e7kin bir mahalle olan Dynasty Ranch&#8217;te ev aramaya \u00e7\u0131kt\u0131klar\u0131nda bir kad\u0131n grubuyla tan\u0131\u015f\u0131r; bu kad\u0131nlar\u0131n biri beyin cerrah\u0131, biri \u00f6d\u00fcll\u00fc bir terapist, biri \u00e7oksatan bir yazard\u0131r. Nora, bu kad\u0131nlardan birinin kocas\u0131n\u0131n \u00f6l\u00fcm\u00fcyle ilgili davaya yard\u0131m etti\u011finde kendisini onlar\u0131n karma\u015f\u0131k d\u00fcnyas\u0131n\u0131n tam ortas\u0131nda bulur.   Nedeni \u00e7\u00f6z\u00fclemeyen bir yang\u0131n, kaybedilmi\u015f bir koca ve kaybedilmek \u00fczere olan bir hayat&#8230;   Dava \u00e7\u00f6z\u00fcld\u00fck\u00e7e her \u015feye sahip olman\u0131n bedelini \u00f6\u011frenen Nora\u2019n\u0131n hayat\u0131 pamuk ipli\u011fine ba\u011fl\u0131d\u0131r. U\u011fruna \u00f6lmeye de\u011fecek kadar de\u011ferli olan nedir?<\/p>\n","protected":false},"excerpt":{"rendered":"<p>Bir kad\u0131n, kocas\u0131ndan daha fazla yard\u0131m g\u00f6rebilmek i\u00e7in ne kadar ileri gidebilir? Nora Spangler, ba\u015far\u0131l\u0131 bir avukat olmas\u0131n\u0131n yan\u0131 s\u0131ra bir annedir. \u0130\u015fyerindeki dosyalar\u0131n \u00fcstesinden gelmesi<span class=\"excerpt-hellip\"> [\u2026]<\/span><\/p>\n","protected":false},"featured_media":0,"template":"","meta":{"_monsterinsights_skip_tracking":false,"_monsterinsights_sitenote_active":false,"_monsterinsights_sitenote_note":"","_monsterinsights_sitenote_category":0},"product_brand":[],"product_cat":[12291,17033],"product_tag":[],"class_list":{"0":"post-763841","1":"product","2":"type-product","3":"status-publish","5":"product_cat-edebiyat","6":"product_cat-korku-gerilim","7":"pa_cilt-ciltsiz","8":"pa_tur-kitap","9":"pa_yayinevi-epsilon-yayinlari","10":"pa_yazar-chandler-baker","12":"first","13":"instock","14":"sale","15":"shipping-taxable","16":"purchasable","17":"product-type-simple"},"_links":{"self":[{"href":"https:\/\/roveyayinevi.com.tr\/index.php\/wp-json\/wp\/v2\/product\/763841","targetHints":{"allow":["GET"]}}],"collection":[{"href":"https:\/\/roveyayinevi.com.tr\/index.php\/wp-json\/wp\/v2\/product"}],"about":[{"href":"https:\/\/roveyayinevi.com.tr\/index.php\/wp-json\/wp\/v2\/types\/product"}],"wp:attachment":[{"href":"https:\/\/roveyayinevi.com.tr\/index.php\/wp-json\/wp\/v2\/media?parent=763841"}],"wp:term":[{"taxonomy":"product_brand","embeddable":true,"href":"https:\/\/roveyayinevi.com.tr\/index.php\/wp-json\/wp\/v2\/product_brand?post=763841"},{"taxonomy":"product_cat","embeddable":true,"href":"https:\/\/roveyayinevi.com.tr\/index.php\/wp-json\/wp\/v2\/product_cat?post=763841"},{"taxonomy":"product_tag","embeddable":true,"href":"https:\/\/roveyayinevi.com.tr\/index.php\/wp-json\/wp\/v2\/product_tag?post=763841"}],"curies":[{"name":"wp","href":"https:\/\/api.w.org\/{rel}","templated":true}]}}