{"id":763840,"date":"2025-08-28T10:53:40","date_gmt":"2025-08-28T07:53:40","guid":{"rendered":"https:\/\/roveyayinevi.com.tr\/index.php\/urun\/deli-bal\/"},"modified":"2026-04-08T03:26:08","modified_gmt":"2026-04-08T00:26:08","slug":"deli-bal","status":"publish","type":"product","link":"https:\/\/roveyayinevi.com.tr\/index.php\/urun\/deli-bal\/","title":{"rendered":"Deli Bal"},"content":{"rendered":"<p>\u201cHepimizin y\u00fcre\u011finde karanl\u0131kta kald\u0131\u011f\u0131 i\u00e7in a\u00e7amayan bir \u00e7i\u00e7ek vard\u0131r.\u201d Olivia McAfee ba\u015ftan ba\u015flaman\u0131n ne demek oldu\u011funu iyi biliyor. \u00dcnl\u00fc bir cerrahla evliydi. M\u00fckemmel bir evde ya\u015f\u0131yor, sevimli o\u011flu Asher&#8217;a kusursuz bir gelecek haz\u0131rlad\u0131\u011f\u0131n\u0131 d\u00fc\u015f\u00fcn\u00fcyordu. Ta ki kocas\u0131n\u0131n karanl\u0131k y\u00fcz\u00fc ortaya \u00e7\u0131kana kadar. Olivia dayanabilece\u011fi t\u00fcm ac\u0131lar\u0131 ya\u015fad\u0131 ve art\u0131k ge\u00e7mi\u015fi ge\u00e7mi\u015fte b\u0131rakt\u0131, \u015fimdi eski hayat\u0131ndan kilometrelerce uzakta ar\u0131c\u0131l\u0131k yap\u0131yor. Lily Campanello ba\u015ftan ba\u015flamay\u0131 \u00f6\u011freniyor. Annesiyle evden ayr\u0131lal\u0131, ruhunu rendeleyen babas\u0131n\u0131 terk edeli, yeni hayat\u0131na ba\u015flayal\u0131 \u00e7ok olmad\u0131. \u015eimdilik i\u015fler iyi gidiyor, Olivia\u2019y\u0131 ikinci annesi gibi g\u00f6r\u00fcyor, Asher\u2019a ise deli gibi a\u015f\u0131k. Kusursuz de\u011fil, biliyor ama kendisiyle beraber onu da iyile\u015ftirece\u011fini d\u00fc\u015f\u00fcn\u00fcyor. Ve bir gece b\u00fct\u00fcn hikaye tersine d\u00f6n\u00fcyor. O ak\u0131lalmaz telefon geliyor: Lily \u00f6ld\u00fc ve Asher karakolda.   Picoult, kurgu ustas\u0131 yazar Boylan ile g\u00fc\u00e7lerini birle\u015ftiriyor; t\u00fcm romanlar\u0131ndan dam\u0131tt\u0131\u011f\u0131 t\u0131ls\u0131m\u0131 Deli Bal\u2019da okura sunuyor. S\u00fcr\u00fckleyici bir gerilim roman\u0131, unutulmaz bir a\u015fk hikayesi ve kendimiz olmak i\u00e7in ald\u0131\u011f\u0131m\u0131z risklerin, saklad\u0131\u011f\u0131m\u0131z s\u0131rlar\u0131n etkileyici ke\u015ffi. &#8220;Picoult bir kelime ustas\u0131. Sadece zihinlerimizi provoke etmekle kalm\u0131yor, kusurlu ruhlar\u0131m\u0131za dokunan hikayeler yarat\u0131yor.&#8221; Boston Globe &#8220;Ayn\u0131 romanda bin bir duygu. \u0130ki \u00e7oksatan yazar g\u00fc\u00e7lerini birle\u015ftiriyor, a\u015fka ve ger\u00e7eklere dair son y\u0131llar\u0131n en provokatif roman\u0131na imza at\u0131yor.&#8221; Washington Post \u201cPicoult romanlar\u0131n\u0131 okurken merak\u0131n\u0131z\u0131 diri tutan bir sonraki sayfada ne olaca\u011f\u0131. Bunun i\u00e7in y\u0131llard\u0131r \u00e7oksatan listelerinde hep bir Picoult roman\u0131 var.\u201d San Antonio Express News \u201cJodi Picoult ba\u015fucunuzda \u00f6ylece bekleyip toz tutan romanlar yazmaz. Bir solukta okunur ve kendine m\u00fcptela eder.\u201d LA Times <\/p>\n","protected":false},"excerpt":{"rendered":"<p>\u201cHepimizin y\u00fcre\u011finde karanl\u0131kta kald\u0131\u011f\u0131 i\u00e7in a\u00e7amayan bir \u00e7i\u00e7ek vard\u0131r.\u201d Olivia McAfee ba\u015ftan ba\u015flaman\u0131n ne demek oldu\u011funu iyi biliyor. \u00dcnl\u00fc bir cerrahla evliydi. M\u00fckemmel bir evde ya\u015f\u0131yor,<span class=\"excerpt-hellip\"> [\u2026]<\/span><\/p>\n","protected":false},"featured_media":0,"template":"","meta":{"_monsterinsights_skip_tracking":false,"_monsterinsights_sitenote_active":false,"_monsterinsights_sitenote_note":"","_monsterinsights_sitenote_category":0},"product_brand":[],"product_cat":[12291,12711],"product_tag":[],"class_list":{"0":"post-763840","1":"product","2":"type-product","3":"status-publish","5":"product_cat-edebiyat","6":"product_cat-roman-oyku","7":"pa_cilt-ciltsiz","8":"pa_tur-kitap","9":"pa_yayinevi-april-yayincilik","10":"pa_yazar-jodi-picoult-jennifer-finney-boylan","12":"first","13":"instock","14":"sale","15":"shipping-taxable","16":"purchasable","17":"product-type-simple"},"_links":{"self":[{"href":"https:\/\/roveyayinevi.com.tr\/index.php\/wp-json\/wp\/v2\/product\/763840","targetHints":{"allow":["GET"]}}],"collection":[{"href":"https:\/\/roveyayinevi.com.tr\/index.php\/wp-json\/wp\/v2\/product"}],"about":[{"href":"https:\/\/roveyayinevi.com.tr\/index.php\/wp-json\/wp\/v2\/types\/product"}],"wp:attachment":[{"href":"https:\/\/roveyayinevi.com.tr\/index.php\/wp-json\/wp\/v2\/media?parent=763840"}],"wp:term":[{"taxonomy":"product_brand","embeddable":true,"href":"https:\/\/roveyayinevi.com.tr\/index.php\/wp-json\/wp\/v2\/product_brand?post=763840"},{"taxonomy":"product_cat","embeddable":true,"href":"https:\/\/roveyayinevi.com.tr\/index.php\/wp-json\/wp\/v2\/product_cat?post=763840"},{"taxonomy":"product_tag","embeddable":true,"href":"https:\/\/roveyayinevi.com.tr\/index.php\/wp-json\/wp\/v2\/product_tag?post=763840"}],"curies":[{"name":"wp","href":"https:\/\/api.w.org\/{rel}","templated":true}]}}