{"id":763839,"date":"2025-08-28T10:53:39","date_gmt":"2025-08-28T07:53:39","guid":{"rendered":"https:\/\/roveyayinevi.com.tr\/index.php\/urun\/101-soruda-kudus\/"},"modified":"2026-04-15T03:29:44","modified_gmt":"2026-04-15T00:29:44","slug":"101-soruda-kudus","status":"publish","type":"product","link":"https:\/\/roveyayinevi.com.tr\/index.php\/urun\/101-soruda-kudus\/","title":{"rendered":"101 Soruda Kud\u00fcs"},"content":{"rendered":"<p>M\u00fcsl\u00fcmanlar\u0131n ilk k\u0131blesi Kud\u00fcs hakk\u0131nda ne biliyoruz? Tarih boyunca \u201cHalilullah \u015fehri\u201d olarak sayg\u0131 g\u00f6ren Kud\u00fcs, \u00f6zellikle \u0130slam tarihi ve Osmanl\u0131 d\u00f6neminde t\u00fcm inan\u00e7lar\u0131n bar\u0131\u015f i\u00e7inde ya\u015fad\u0131\u011f\u0131 bir yer olmu\u015ftur. Kud\u00fcs\u2019\u00fcn kutsal bir \u015fehir olarak ta\u015f\u0131d\u0131\u011f\u0131 stat\u00fc ve Mescid-i Aks\u00e2 gibi hususi kutsiyeti olan bir mek\u00e2n\u0131 bar\u0131nd\u0131rmas\u0131 nedeniyle Filistin meselesi bug\u00fcn h\u00e2l\u00e2 d\u00fcnya g\u00fcndeminde \u00e7ok \u00f6nemli bir yer tutmaktad\u0131r.   Elinizdeki kitap, Kud\u00fcs\u2019\u00fcn tarihine ve \u00f6nemine \u0131\u015f\u0131k tutmak amac\u0131yla yaz\u0131ld\u0131. Kud\u00fcs\u2019\u00fcn tarih sahnesine \u00e7\u0131kt\u0131\u011f\u0131 d\u00f6nemlerden g\u00fcn\u00fcm\u00fcze kadar olan ser\u00fcveni, semavi dinler i\u00e7in ta\u015f\u0131d\u0131\u011f\u0131 \u00f6neme \u00f6zel vurgu yap\u0131larak 101 soruda anlat\u0131ld\u0131. Bu eser, Kud\u00fcs okumalar\u0131 i\u00e7in bir ba\u015fvuru kitab\u0131 ve Kud\u00fcs\u2019e seyahat edecekler i\u00e7in tarih\u00ee bir rehberdir. <\/p>\n","protected":false},"excerpt":{"rendered":"<p>M\u00fcsl\u00fcmanlar\u0131n ilk k\u0131blesi Kud\u00fcs hakk\u0131nda ne biliyoruz? Tarih boyunca \u201cHalilullah \u015fehri\u201d olarak sayg\u0131 g\u00f6ren Kud\u00fcs, \u00f6zellikle \u0130slam tarihi ve Osmanl\u0131 d\u00f6neminde t\u00fcm inan\u00e7lar\u0131n bar\u0131\u015f i\u00e7inde ya\u015fad\u0131\u011f\u0131<span class=\"excerpt-hellip\"> [\u2026]<\/span><\/p>\n","protected":false},"featured_media":0,"template":"","meta":{"_monsterinsights_skip_tracking":false,"_monsterinsights_sitenote_active":false,"_monsterinsights_sitenote_note":"","_monsterinsights_sitenote_category":0},"product_brand":[],"product_cat":[12304],"product_tag":[],"class_list":{"0":"post-763839","1":"product","2":"type-product","3":"status-publish","5":"product_cat-tarih","6":"pa_cilt-ciltsiz","7":"pa_tur-kitap","8":"pa_yayinevi-anadolu-ajansi-yayinevi","9":"pa_yazar-zekeriya-kursun-ali-ihsan-aydin","11":"first","12":"instock","13":"sale","14":"shipping-taxable","15":"purchasable","16":"product-type-simple"},"_links":{"self":[{"href":"https:\/\/roveyayinevi.com.tr\/index.php\/wp-json\/wp\/v2\/product\/763839","targetHints":{"allow":["GET"]}}],"collection":[{"href":"https:\/\/roveyayinevi.com.tr\/index.php\/wp-json\/wp\/v2\/product"}],"about":[{"href":"https:\/\/roveyayinevi.com.tr\/index.php\/wp-json\/wp\/v2\/types\/product"}],"wp:attachment":[{"href":"https:\/\/roveyayinevi.com.tr\/index.php\/wp-json\/wp\/v2\/media?parent=763839"}],"wp:term":[{"taxonomy":"product_brand","embeddable":true,"href":"https:\/\/roveyayinevi.com.tr\/index.php\/wp-json\/wp\/v2\/product_brand?post=763839"},{"taxonomy":"product_cat","embeddable":true,"href":"https:\/\/roveyayinevi.com.tr\/index.php\/wp-json\/wp\/v2\/product_cat?post=763839"},{"taxonomy":"product_tag","embeddable":true,"href":"https:\/\/roveyayinevi.com.tr\/index.php\/wp-json\/wp\/v2\/product_tag?post=763839"}],"curies":[{"name":"wp","href":"https:\/\/api.w.org\/{rel}","templated":true}]}}