{"id":763838,"date":"2025-08-28T10:53:37","date_gmt":"2025-08-28T07:53:37","guid":{"rendered":"https:\/\/roveyayinevi.com.tr\/index.php\/urun\/benim-tek-sucum\/"},"modified":"2026-04-15T03:29:44","modified_gmt":"2026-04-15T00:29:44","slug":"benim-tek-sucum","status":"publish","type":"product","link":"https:\/\/roveyayinevi.com.tr\/index.php\/urun\/benim-tek-sucum\/","title":{"rendered":"Benim Tek Su\u00e7um"},"content":{"rendered":"<p>\u201c\u015eiirimin k\u00f6k\u00fc yurdumun topraklar\u0131ndand\u0131r. Ama dallar\u0131yla b\u00fct\u00fcn topraklara, do\u011fuda, bat\u0131da, g\u00fcneyde, kuzeyde u\u00e7suz bucaks\u0131z yay\u0131lan b\u00fct\u00fcn topraklara, o topraklar\u0131n \u00fcst\u00fcnde kurulmu\u015f medeniyetlere, b\u00fct\u00fcn d\u00fcnyam\u0131za uzanmak istedim.\u201d \u201cD\u00fcnyan\u0131n en g\u00fczel insanlar\u0131ndan olan T\u00fcrk halk\u0131n\u0131n ve d\u00fcnyan\u0131n en g\u00fczel dillerinden biri ve belki de en ba\u015fta gelenlerinden olan T\u00fcrk dilinin yabanc\u0131 \u00fclkelerde tan\u0131nmas\u0131na vesile olabilmek \u00f6mr\u00fcm\u00fcn en b\u00fcy\u00fck sevinci ve \u015ferefi olur. Bir k\u00f6yl\u00fc topra\u011f\u0131n\u0131 ve \u00f6k\u00fcz\u00fcn\u00fc, bir marangoz tahtas\u0131n\u0131 ve rendesini nas\u0131l severse ben de T\u00fcrk dilini \u00f6yle seviyorum.\u201d \u201cJapon Bal\u0131k\u00e7\u0131s\u0131\u2019n\u0131n \u2018t\u00fcm d\u00fcnyada s\u00f6ylenecek bar\u0131\u015f t\u00fcrk\u00fcs\u00fc\u2019 olarak bestelenmesi karar\u0131 verildi\u011fi zaman, bununla \u2018kendi t\u00fcrk\u00fcm\u2019 diye de\u011fil, fakat as\u0131llar\u0131 T\u00fcrk dilinde yaz\u0131lm\u0131\u015f ve biraz da \u2018T\u00fcrk halk\u0131n\u0131n t\u00fcrk\u00fcs\u00fc\u2019 diye \u00f6v\u00fcn\u00fcyorum.\u201d Naz\u0131m Hikmet   Benim Tek Su\u00e7um; Naz\u0131m Hikmet\u2019in anlat\u0131m\u0131yla \u00e7ocuklu\u011fundan \u00f6l\u00fcm\u00fcne kadar olan ya\u015fam\u0131ndan kesitler sunan s\u0131ra d\u0131\u015f\u0131 bir eser olarak T\u00fcrk okurunun ilgi ve be\u011fenisine sunulmu\u015ftur. <\/p>\n","protected":false},"excerpt":{"rendered":"<p>\u201c\u015eiirimin k\u00f6k\u00fc yurdumun topraklar\u0131ndand\u0131r. Ama dallar\u0131yla b\u00fct\u00fcn topraklara, do\u011fuda, bat\u0131da, g\u00fcneyde, kuzeyde u\u00e7suz bucaks\u0131z yay\u0131lan b\u00fct\u00fcn topraklara, o topraklar\u0131n \u00fcst\u00fcnde kurulmu\u015f medeniyetlere, b\u00fct\u00fcn d\u00fcnyam\u0131za uzanmak istedim.\u201d<span class=\"excerpt-hellip\"> [\u2026]<\/span><\/p>\n","protected":false},"featured_media":0,"template":"","meta":{"_monsterinsights_skip_tracking":false,"_monsterinsights_sitenote_active":false,"_monsterinsights_sitenote_note":"","_monsterinsights_sitenote_category":0},"product_brand":[],"product_cat":[14009,12291],"product_tag":[],"class_list":{"0":"post-763838","1":"product","2":"type-product","3":"status-publish","5":"product_cat-biyografi-otobiyografi-edebiyat","6":"product_cat-edebiyat","7":"pa_cilt-ciltsiz","8":"pa_tur-kitap","9":"pa_yayinevi-cem-yayinevi","10":"pa_yazar-erol-sanburkan","12":"first","13":"instock","14":"sale","15":"shipping-taxable","16":"purchasable","17":"product-type-simple"},"_links":{"self":[{"href":"https:\/\/roveyayinevi.com.tr\/index.php\/wp-json\/wp\/v2\/product\/763838","targetHints":{"allow":["GET"]}}],"collection":[{"href":"https:\/\/roveyayinevi.com.tr\/index.php\/wp-json\/wp\/v2\/product"}],"about":[{"href":"https:\/\/roveyayinevi.com.tr\/index.php\/wp-json\/wp\/v2\/types\/product"}],"wp:attachment":[{"href":"https:\/\/roveyayinevi.com.tr\/index.php\/wp-json\/wp\/v2\/media?parent=763838"}],"wp:term":[{"taxonomy":"product_brand","embeddable":true,"href":"https:\/\/roveyayinevi.com.tr\/index.php\/wp-json\/wp\/v2\/product_brand?post=763838"},{"taxonomy":"product_cat","embeddable":true,"href":"https:\/\/roveyayinevi.com.tr\/index.php\/wp-json\/wp\/v2\/product_cat?post=763838"},{"taxonomy":"product_tag","embeddable":true,"href":"https:\/\/roveyayinevi.com.tr\/index.php\/wp-json\/wp\/v2\/product_tag?post=763838"}],"curies":[{"name":"wp","href":"https:\/\/api.w.org\/{rel}","templated":true}]}}