{"id":763837,"date":"2025-08-28T10:53:35","date_gmt":"2025-08-28T07:53:35","guid":{"rendered":"https:\/\/roveyayinevi.com.tr\/index.php\/urun\/adli-dilbilim-sozlugu\/"},"modified":"2026-04-15T03:29:44","modified_gmt":"2026-04-15T00:29:44","slug":"adli-dilbilim-sozlugu","status":"publish","type":"product","link":"https:\/\/roveyayinevi.com.tr\/index.php\/urun\/adli-dilbilim-sozlugu\/","title":{"rendered":"Adli Dilbilim S\u00f6zl\u00fc\u011f\u00fc"},"content":{"rendered":"<p>Ba\u015fka bilim dallar\u0131yla da belli oranlarda ili\u015fkisi olan ancak esasen hukuk ile dilbilim disiplinlerinin kesi\u015fim noktas\u0131nda yer alan adli dilbilim, hem d\u00fcnyada hem de T\u00fcrkiye\u2019de yeni geli\u015fen gayet gen\u00e7 bir aland\u0131r. 1960\u2019larda ismi konup akademik anlamda geli\u015fim s\u00fcrecine giren adli dilbilimin temel amac\u0131, kolluk kuvvetlerine veya yarg\u0131ya intikal etmi\u015f soru\u015fturma veya davalarda dilsel kan\u0131tlar\u0131 de\u011ferlendirerek su\u00e7lular\u0131n ve su\u00e7suzlar\u0131n adil bir \u015fekilde birbirinden ayr\u0131lmas\u0131na yard\u0131mc\u0131 olur. \u00d6zellikle \u0130ngiltere ve ABD\u2019de kolluk kuvvetleri veya mahkemelerin bu alanda uzmanla\u015fan ki\u015filerden yard\u0131m talebinde bulunmalar\u0131, alan \u00fczerine yo\u011funla\u015fan \u00fcniversite b\u00f6l\u00fcmlerinin ve programlar\u0131n\u0131n yayg\u0131nla\u015fmas\u0131nda etkili olmaktad\u0131r. D\u00fcnyada bu alanda \u00f6zellikle vaka analizleri \u015feklinde epey miktarda makale yaz\u0131lm\u0131\u015ft\u0131r ancak adli dilbilim konular\u0131n\u0131 topluca ele alan kitap say\u0131s\u0131 hen\u00fcz azd\u0131r. 2024 y\u0131l\u0131 itibar\u0131yla T\u00fcrkiye\u2019de adli dilbilim ad\u0131yla yaz\u0131lm\u0131\u015f sadece bir adet edit\u00f6rl\u00fc kitap bulunmas\u0131na ra\u011fmen yaln\u0131zca adli dilbilim kavramlar\u0131n\u0131 i\u00e7eren bir s\u00f6zl\u00fck yoktur. Elinizdeki bu \u00e7al\u0131\u015fma adli dilbilimin temel terimlerini topluca tan\u0131tan ilk s\u00f6zl\u00fckt\u00fcr. S\u00f6zl\u00fc\u011f\u00fcn amac\u0131, T\u00fcrk akademyas\u0131nda terim altyap\u0131s\u0131n\u0131 ve birli\u011fini olu\u015fturmaya katk\u0131da bulunmakt\u0131r. S\u00f6zl\u00fc\u011f\u00fcn hedef kitlesini ise \u00fcniversitelerin dilbilim b\u00f6l\u00fcmleri ba\u015fta olmak \u00fczere dille ilgili t\u00fcm akademik alanlar ile yarg\u0131 te\u015fkilat\u0131n\u0131n, adli t\u0131bb\u0131n, emniyetin ve jandarma te\u015fkilatlar\u0131n\u0131n ilgili birimleri olu\u015fturmaktad\u0131r.<\/p>\n","protected":false},"excerpt":{"rendered":"<p>Ba\u015fka bilim dallar\u0131yla da belli oranlarda ili\u015fkisi olan ancak esasen hukuk ile dilbilim disiplinlerinin kesi\u015fim noktas\u0131nda yer alan adli dilbilim, hem d\u00fcnyada hem de T\u00fcrkiye\u2019de yeni<span class=\"excerpt-hellip\"> [\u2026]<\/span><\/p>\n","protected":false},"featured_media":0,"template":"","meta":{"_monsterinsights_skip_tracking":false,"_monsterinsights_sitenote_active":false,"_monsterinsights_sitenote_note":"","_monsterinsights_sitenote_category":0},"product_brand":[],"product_cat":[20225,12291],"product_tag":[],"class_list":{"0":"post-763837","1":"product","2":"type-product","3":"status-publish","5":"product_cat-dil-bilim","6":"product_cat-edebiyat","7":"pa_cilt-ciltsiz","8":"pa_tur-kitap","9":"pa_yayinevi-ani-yayincilik","10":"pa_yazar-kerim-demirci","12":"first","13":"instock","14":"sale","15":"shipping-taxable","16":"purchasable","17":"product-type-simple"},"_links":{"self":[{"href":"https:\/\/roveyayinevi.com.tr\/index.php\/wp-json\/wp\/v2\/product\/763837","targetHints":{"allow":["GET"]}}],"collection":[{"href":"https:\/\/roveyayinevi.com.tr\/index.php\/wp-json\/wp\/v2\/product"}],"about":[{"href":"https:\/\/roveyayinevi.com.tr\/index.php\/wp-json\/wp\/v2\/types\/product"}],"wp:attachment":[{"href":"https:\/\/roveyayinevi.com.tr\/index.php\/wp-json\/wp\/v2\/media?parent=763837"}],"wp:term":[{"taxonomy":"product_brand","embeddable":true,"href":"https:\/\/roveyayinevi.com.tr\/index.php\/wp-json\/wp\/v2\/product_brand?post=763837"},{"taxonomy":"product_cat","embeddable":true,"href":"https:\/\/roveyayinevi.com.tr\/index.php\/wp-json\/wp\/v2\/product_cat?post=763837"},{"taxonomy":"product_tag","embeddable":true,"href":"https:\/\/roveyayinevi.com.tr\/index.php\/wp-json\/wp\/v2\/product_tag?post=763837"}],"curies":[{"name":"wp","href":"https:\/\/api.w.org\/{rel}","templated":true}]}}