{"id":763836,"date":"2025-08-28T10:53:33","date_gmt":"2025-08-28T07:53:33","guid":{"rendered":"https:\/\/roveyayinevi.com.tr\/index.php\/urun\/kemal-h-karpati-okuma-kilavuzu\/"},"modified":"2026-04-15T03:29:44","modified_gmt":"2026-04-15T00:29:44","slug":"kemal-h-karpati-okuma-kilavuzu","status":"publish","type":"product","link":"https:\/\/roveyayinevi.com.tr\/index.php\/urun\/kemal-h-karpati-okuma-kilavuzu\/","title":{"rendered":"Kemal H. Karpat&#8217;\u0131 Okuma K\u0131lavuzu"},"content":{"rendered":"<p>Cambridge, Oxford, Princeton, Brill gibi d\u00fcnyan\u0131n en prestijli yay\u0131nevlerinden yay\u0131mlad\u0131\u011f\u0131 kitaplar\u0131yla, bamba\u015fka konulara hasredilmi\u015f d\u00fczinelerce makalesiyle T\u00fcrkiye\u2019nin yeti\u015ftirdi\u011fi en \u00f6nemli sosyal bilimcilerden biri, belki de birincisi Kemal H. Karpat (1923-2019).Kemal H. Karpat\u2019\u0131 Okuma K\u0131lavuzu adl\u0131 bu k\u0131sa \u00e7al\u0131\u015fman\u0131n ana g\u00f6vdesini, Kemal H. Karpat\u2019\u0131n vefat\u0131ndan sonra ailesinin ve yay\u0131nc\u0131s\u0131n\u0131n ortak karar\u0131 ile 20\u2019den fazla ciltten olu\u015fan Karpat Kitapl\u0131\u011f\u0131\u2019n\u0131n dizi dan\u0131\u015fmanl\u0131\u011f\u0131n\u0131 \u00fcstlenen \u00f6\u011frencisi Kaan Durukan\u2019\u0131n, Hoca\u2019s\u0131n\u0131n kitaplar\u0131n\u0131n yeni bask\u0131lar\u0131 i\u00e7in haz\u0131rlad\u0131\u011f\u0131 \u00f6ns\u00f6zler te\u015fkil ediyor. Peki neden bu \u00f6ns\u00f6zlerin bir araya getirilmesi d\u00fc\u015f\u00fcn\u00fcld\u00fc, ba\u015fka t\u00fcrl\u00fc s\u00f6ylersek bu kitap niye bas\u0131l\u0131yor?Durukan\u2019\u0131n bu \u00e7al\u0131\u015fmay\u0131 yapma amac\u0131, Karpat\u2019tan okuduklar\u0131ndan, dinlediklerinden, k\u0131sacas\u0131 \u00f6\u011frendiklerinden yola \u00e7\u0131karak bu malzemeyi kendi \u015fahsi tarih\u00e7ilik, sosyal bilimcilik birikimiyle harmanlamak, buna Hoca\u2019yla beraber ge\u00e7irdi\u011fi on y\u0131l\u0131 a\u015fk\u0131n zamanda g\u00f6zlemlediklerini insani boyut bab\u0131nda katarak bir de\u011ferlendirme yap\u0131p birtak\u0131m sonu\u00e7lara vararak g\u00fcn\u00fcm\u00fcz okuruna bir k\u0131lavuz sunmakt\u0131r. Ayr\u0131ca son derece \u00fcretken bir biliminsan\u0131 olan Kemal H. Karpat&#8217;\u0131n kitaplar\u0131n\u0131, T\u00fcrk\u00e7eye \u00e7evirilerini, en \u00f6nemli makalelerini ele alarak bir katalog olu\u015fturup, Karpat okuruna neyi nerede bulabilece\u011fine dair bir yol haritas\u0131 \u00e7izmektir.<\/p>\n","protected":false},"excerpt":{"rendered":"<p>Cambridge, Oxford, Princeton, Brill gibi d\u00fcnyan\u0131n en prestijli yay\u0131nevlerinden yay\u0131mlad\u0131\u011f\u0131 kitaplar\u0131yla, bamba\u015fka konulara hasredilmi\u015f d\u00fczinelerce makalesiyle T\u00fcrkiye\u2019nin yeti\u015ftirdi\u011fi en \u00f6nemli sosyal bilimcilerden biri, belki de birincisi<span class=\"excerpt-hellip\"> [\u2026]<\/span><\/p>\n","protected":false},"featured_media":0,"template":"","meta":{"_monsterinsights_skip_tracking":false,"_monsterinsights_sitenote_active":false,"_monsterinsights_sitenote_note":"","_monsterinsights_sitenote_category":0},"product_brand":[],"product_cat":[13517,12304],"product_tag":[],"class_list":{"0":"post-763836","1":"product","2":"type-product","3":"status-publish","5":"product_cat-osmanli-tarihi","6":"product_cat-tarih","7":"pa_cilt-ciltsiz","8":"pa_tur-kitap","9":"pa_yayinevi-timas-yayinlari","10":"pa_yazar-kaan-durukan","12":"first","13":"instock","14":"sale","15":"shipping-taxable","16":"purchasable","17":"product-type-simple"},"_links":{"self":[{"href":"https:\/\/roveyayinevi.com.tr\/index.php\/wp-json\/wp\/v2\/product\/763836","targetHints":{"allow":["GET"]}}],"collection":[{"href":"https:\/\/roveyayinevi.com.tr\/index.php\/wp-json\/wp\/v2\/product"}],"about":[{"href":"https:\/\/roveyayinevi.com.tr\/index.php\/wp-json\/wp\/v2\/types\/product"}],"wp:attachment":[{"href":"https:\/\/roveyayinevi.com.tr\/index.php\/wp-json\/wp\/v2\/media?parent=763836"}],"wp:term":[{"taxonomy":"product_brand","embeddable":true,"href":"https:\/\/roveyayinevi.com.tr\/index.php\/wp-json\/wp\/v2\/product_brand?post=763836"},{"taxonomy":"product_cat","embeddable":true,"href":"https:\/\/roveyayinevi.com.tr\/index.php\/wp-json\/wp\/v2\/product_cat?post=763836"},{"taxonomy":"product_tag","embeddable":true,"href":"https:\/\/roveyayinevi.com.tr\/index.php\/wp-json\/wp\/v2\/product_tag?post=763836"}],"curies":[{"name":"wp","href":"https:\/\/api.w.org\/{rel}","templated":true}]}}