{"id":763834,"date":"2025-08-28T10:53:29","date_gmt":"2025-08-28T07:53:29","guid":{"rendered":"https:\/\/roveyayinevi.com.tr\/index.php\/urun\/bagombo-enfiye-kutusu\/"},"modified":"2026-04-15T03:29:44","modified_gmt":"2026-04-15T00:29:44","slug":"bagombo-enfiye-kutusu","status":"publish","type":"product","link":"https:\/\/roveyayinevi.com.tr\/index.php\/urun\/bagombo-enfiye-kutusu\/","title":{"rendered":"Bagombo Enfiye Kutusu"},"content":{"rendered":"<p>\u0130roninin Karanl\u0131k Tonlar\u0131yla Boyanm\u0131\u015f Bir D\u00fcnya!   Psikoloji olmasayd\u0131 herkes ayn\u0131 hataya d\u00fc\u015fmeye devam edecekti, birbirine kibar davranma hatas\u0131na.   Bagombo Enfiye Kutusu, Vonnegut\u2019un \u0130kinci D\u00fcnya Sava\u015f\u0131\u2019ndan sonra kaleme ald\u0131\u011f\u0131, i\u00e7indeki karanl\u0131k, komik ve sars\u0131c\u0131 sesi ilk kez duyuran \u00f6yk\u00fclerini bir araya getiriyor. Bu \u00f6yk\u00fclerde ayn\u0131 zamanda ba\u015fyap\u0131t\u0131 Mezbaha Be\u015f\u2019i yaratan zek\u00e2n\u0131n, bak\u0131\u015f a\u00e7\u0131s\u0131n\u0131n ve tekni\u011fin temelleri at\u0131l\u0131rken ba\u015f d\u00f6nd\u00fcr\u00fcc\u00fc bir h\u0131zla ger\u00e7ekle\u015fen toplumsal ve teknolojik ilerlemeye de ele\u015ftiriler getiriliyor.   \u201cHaval\u0131 Bir Yazar; Hem G\u00f6steri\u015ften Uzak Hem Tutkulu Hem de \u00c7ok Komik!\u201d <\/p>\n","protected":false},"excerpt":{"rendered":"<p>\u0130roninin Karanl\u0131k Tonlar\u0131yla Boyanm\u0131\u015f Bir D\u00fcnya! Psikoloji olmasayd\u0131 herkes ayn\u0131 hataya d\u00fc\u015fmeye devam edecekti, birbirine kibar davranma hatas\u0131na. Bagombo Enfiye Kutusu, Vonnegut\u2019un \u0130kinci D\u00fcnya Sava\u015f\u0131\u2019ndan sonra<span class=\"excerpt-hellip\"> [\u2026]<\/span><\/p>\n","protected":false},"featured_media":0,"template":"","meta":{"_monsterinsights_skip_tracking":false,"_monsterinsights_sitenote_active":false,"_monsterinsights_sitenote_note":"","_monsterinsights_sitenote_category":0},"product_brand":[],"product_cat":[12291,18202],"product_tag":[],"class_list":{"0":"post-763834","1":"product","2":"type-product","3":"status-publish","5":"product_cat-edebiyat","6":"product_cat-hikaye","7":"pa_cilt-ciltsiz","8":"pa_tur-kitap","9":"pa_yayinevi-can-yayinlari","10":"pa_yazar-kurt-vonnegut","12":"first","13":"instock","14":"sale","15":"shipping-taxable","16":"purchasable","17":"product-type-simple"},"_links":{"self":[{"href":"https:\/\/roveyayinevi.com.tr\/index.php\/wp-json\/wp\/v2\/product\/763834","targetHints":{"allow":["GET"]}}],"collection":[{"href":"https:\/\/roveyayinevi.com.tr\/index.php\/wp-json\/wp\/v2\/product"}],"about":[{"href":"https:\/\/roveyayinevi.com.tr\/index.php\/wp-json\/wp\/v2\/types\/product"}],"wp:attachment":[{"href":"https:\/\/roveyayinevi.com.tr\/index.php\/wp-json\/wp\/v2\/media?parent=763834"}],"wp:term":[{"taxonomy":"product_brand","embeddable":true,"href":"https:\/\/roveyayinevi.com.tr\/index.php\/wp-json\/wp\/v2\/product_brand?post=763834"},{"taxonomy":"product_cat","embeddable":true,"href":"https:\/\/roveyayinevi.com.tr\/index.php\/wp-json\/wp\/v2\/product_cat?post=763834"},{"taxonomy":"product_tag","embeddable":true,"href":"https:\/\/roveyayinevi.com.tr\/index.php\/wp-json\/wp\/v2\/product_tag?post=763834"}],"curies":[{"name":"wp","href":"https:\/\/api.w.org\/{rel}","templated":true}]}}