{"id":763833,"date":"2025-08-28T10:53:26","date_gmt":"2025-08-28T07:53:26","guid":{"rendered":"https:\/\/roveyayinevi.com.tr\/index.php\/urun\/vampeterlar-fomalar-ve-granfalloonlar\/"},"modified":"2026-04-15T03:29:44","modified_gmt":"2026-04-15T00:29:44","slug":"vampeterlar-fomalar-ve-granfalloonlar","status":"publish","type":"product","link":"https:\/\/roveyayinevi.com.tr\/index.php\/urun\/vampeterlar-fomalar-ve-granfalloonlar\/","title":{"rendered":"Vampeter&#8217;lar, Foma&#8217;lar ve Granfalloon&#8217;lar"},"content":{"rendered":"<p>Elbette S\u00f6yledi\u011fim Her \u015eeyin Sa\u00e7mal\u0131k Oldu\u011funu Biliyorsunuz.   Sevgili okur,   Bu kitab\u0131n ba\u015fl\u0131\u011f\u0131 Kedi Be\u015fi\u011fi adl\u0131 roman\u0131mda ge\u00e7en \u00fc\u00e7 kelimeden olu\u015fuyor. Wampeter, birbiriyle hi\u00e7 alakas\u0131 bulunmayan insan hayatlar\u0131n\u0131n \u00e7evresinde d\u00f6nd\u00fc\u011f\u00fc bir nesne anlam\u0131na geliyor. Kutsal K\u00e2se buna son derece yerinde bir \u00f6rnek olarak g\u00f6sterilebilir. Foma, basit ruhlar\u0131 rahatlatmak i\u00e7in s\u00f6ylenen zarars\u0131z yalanlard\u0131r. Mesela: \u201c\u00c7ok yak\u0131nda refaha kavu\u015facaks\u0131n\u0131z.\u201d Granfalloon da insanlar\u0131n kibirli ve anlams\u0131z ortakl\u0131klar\u0131na denir. Bir araya getirildi\u011finde bu kelimeler, yazd\u0131\u011f\u0131m baz\u0131 ele\u015ftiri ve makaleler, yapt\u0131\u011f\u0131m konu\u015fmalar\u0131n birka\u00e7\u0131 i\u00e7in olduk\u00e7a iyi bir \u015femsiye olu\u015fturuyor.   \u201cAyn\u0131 anda Hem Komik Hem de H\u00fcz\u00fcnl\u00fc oldu\u011fu \u0130\u00e7in, Ac\u0131 Veren Ciddiyeti Asla Ciddi Olmad\u0131\u011f\u0131 \u0130\u00e7in, Vonnegut E\u015fsiz Bir Yazard\u0131r.\u201d Doris Lessing <\/p>\n","protected":false},"excerpt":{"rendered":"<p>Elbette S\u00f6yledi\u011fim Her \u015eeyin Sa\u00e7mal\u0131k Oldu\u011funu Biliyorsunuz. Sevgili okur, Bu kitab\u0131n ba\u015fl\u0131\u011f\u0131 Kedi Be\u015fi\u011fi adl\u0131 roman\u0131mda ge\u00e7en \u00fc\u00e7 kelimeden olu\u015fuyor. Wampeter, birbiriyle hi\u00e7 alakas\u0131 bulunmayan insan<span class=\"excerpt-hellip\"> [\u2026]<\/span><\/p>\n","protected":false},"featured_media":0,"template":"","meta":{"_monsterinsights_skip_tracking":false,"_monsterinsights_sitenote_active":false,"_monsterinsights_sitenote_note":"","_monsterinsights_sitenote_category":0},"product_brand":[],"product_cat":[18545,12291],"product_tag":[],"class_list":{"0":"post-763833","1":"product","2":"type-product","3":"status-publish","5":"product_cat-anlati","6":"product_cat-edebiyat","7":"pa_cilt-ciltsiz","8":"pa_tur-kitap","9":"pa_yayinevi-can-yayinlari","10":"pa_yazar-kurt-vonnegut","12":"first","13":"instock","14":"sale","15":"shipping-taxable","16":"purchasable","17":"product-type-simple"},"_links":{"self":[{"href":"https:\/\/roveyayinevi.com.tr\/index.php\/wp-json\/wp\/v2\/product\/763833","targetHints":{"allow":["GET"]}}],"collection":[{"href":"https:\/\/roveyayinevi.com.tr\/index.php\/wp-json\/wp\/v2\/product"}],"about":[{"href":"https:\/\/roveyayinevi.com.tr\/index.php\/wp-json\/wp\/v2\/types\/product"}],"wp:attachment":[{"href":"https:\/\/roveyayinevi.com.tr\/index.php\/wp-json\/wp\/v2\/media?parent=763833"}],"wp:term":[{"taxonomy":"product_brand","embeddable":true,"href":"https:\/\/roveyayinevi.com.tr\/index.php\/wp-json\/wp\/v2\/product_brand?post=763833"},{"taxonomy":"product_cat","embeddable":true,"href":"https:\/\/roveyayinevi.com.tr\/index.php\/wp-json\/wp\/v2\/product_cat?post=763833"},{"taxonomy":"product_tag","embeddable":true,"href":"https:\/\/roveyayinevi.com.tr\/index.php\/wp-json\/wp\/v2\/product_tag?post=763833"}],"curies":[{"name":"wp","href":"https:\/\/api.w.org\/{rel}","templated":true}]}}