{"id":763832,"date":"2025-08-28T10:53:25","date_gmt":"2025-08-28T07:53:25","guid":{"rendered":"https:\/\/roveyayinevi.com.tr\/index.php\/urun\/mutlu-saglikli-zihinler\/"},"modified":"2026-04-15T03:29:44","modified_gmt":"2026-04-15T00:29:44","slug":"mutlu-saglikli-zihinler","status":"publish","type":"product","link":"https:\/\/roveyayinevi.com.tr\/index.php\/urun\/mutlu-saglikli-zihinler\/","title":{"rendered":"Mutlu, Sa\u011fl\u0131kl\u0131 Zihinler"},"content":{"rendered":"<p>Zorbal\u0131k, arkada\u015fl\u0131k, ebeveyn ili\u015fkileri, sorumluluk, \u00f6fke, kayg\u0131\u2026 G\u00fcndelik sorunlarla ba\u015fa \u00e7\u0131kabilmeleri i\u00e7in \u00e7ocuklara y\u00f6nelik temel bir zihinsel sa\u011fl\u0131k rehberi\u2026   \u00c7ocuklar\u0131n duygular\u0131n\u0131 tan\u0131malar\u0131 ve ifade edebilmeleri; ebeveynlerin onlar\u0131 anlayabilmesi, ileti\u015fim kurabilmeleri ve sorunlara \u00e7\u00f6z\u00fcm bulabilmeleri i\u00e7in elzem. Ancak \u00e7ocuklar\u0131n d\u00fcnyas\u0131na, yeti\u015fkinlerin d\u00fcnyas\u0131ndan, yeti\u015fkinlerin diliyle ula\u015fmak m\u00fcmk\u00fcn de\u011fil. Tam da bu y\u00fczden, \u00e7ocuklarla yeti\u015fkinler aras\u0131nda k\u00f6pr\u00fc kurabilecek kitaplara ihtiyac\u0131m\u0131z var! Okullar\u0131n bizi kar\u015f\u0131la\u015ft\u0131\u011f\u0131m\u0131z g\u00fcndelik hayat zorluklar\u0131na kar\u015f\u0131 haz\u0131rlamad\u0131\u011f\u0131 ger\u00e7e\u011finden yola \u00e7\u0131kan Alain de Botton taraf\u0131ndan kurulan The School of Life\/Hayat Okulu, konunun uzmanlar\u0131yla beraber geli\u015ftirilen Mutlu, Sa\u011fl\u0131kl\u0131 Zihinler: \u00c7ocuklar \u0130\u00e7in Duygusal Sa\u011fl\u0131k Rehberi\u2019yle b\u00fcy\u00fck bir eksikli\u011fi gideriyor: Bu kitap, hem sorunlarla ba\u015fa \u00e7\u0131kmay\u0131 \u00f6\u011frenmesi gereken \u00e7ocuklara hem de ebeveynlik becerilerini geli\u015ftirmesi gereken yeti\u015fkinlere yard\u0131mc\u0131 olacak.   \u201c\u0130lk bak\u0131\u015fta \u00e7ocuklar i\u00e7in yaz\u0131lm\u0131\u015f gibi dursa da, asl\u0131nda ebeveynlerin okumas\u0131 ve \u00e7ocuklar\u0131 sorunlarla kar\u015f\u0131la\u015ft\u0131\u011f\u0131nda onlara nas\u0131l e\u015flik edeceklerini \u00f6\u011frenebilmeleri i\u00e7in yaz\u0131lm\u0131\u015f, pratik bilgilerle dolu, g\u00fcvenilir bir kaynak. Ayr\u0131ca, ebeveynler ihtiya\u00e7 duyuldu\u011funda gerekli b\u00f6l\u00fcmleri \u00e7ocuklar\u0131yla birlikte okuyabilir, b\u00f6ylece \u00e7ocuklar\u0131na ya\u015fad\u0131klar\u0131n\u0131 anlatabilmeleri i\u00e7in uygun ortam\u0131 haz\u0131rlayabilirler.\u201d Alper Hasano\u011flu <\/p>\n","protected":false},"excerpt":{"rendered":"<p>Zorbal\u0131k, arkada\u015fl\u0131k, ebeveyn ili\u015fkileri, sorumluluk, \u00f6fke, kayg\u0131\u2026 G\u00fcndelik sorunlarla ba\u015fa \u00e7\u0131kabilmeleri i\u00e7in \u00e7ocuklara y\u00f6nelik temel bir zihinsel sa\u011fl\u0131k rehberi\u2026 \u00c7ocuklar\u0131n duygular\u0131n\u0131 tan\u0131malar\u0131 ve ifade edebilmeleri; ebeveynlerin<span class=\"excerpt-hellip\"> [\u2026]<\/span><\/p>\n","protected":false},"featured_media":0,"template":"","meta":{"_monsterinsights_skip_tracking":false,"_monsterinsights_sitenote_active":false,"_monsterinsights_sitenote_note":"","_monsterinsights_sitenote_category":0},"product_brand":[],"product_cat":[12357],"product_tag":[],"class_list":{"0":"post-763832","1":"product","2":"type-product","3":"status-publish","5":"product_cat-psikoloji","6":"pa_cilt-ciltsiz","7":"pa_tur-kitap","8":"pa_yayinevi-mundi","9":"pa_yazar-alain-de-boton","11":"first","12":"instock","13":"sale","14":"shipping-taxable","15":"purchasable","16":"product-type-simple"},"_links":{"self":[{"href":"https:\/\/roveyayinevi.com.tr\/index.php\/wp-json\/wp\/v2\/product\/763832","targetHints":{"allow":["GET"]}}],"collection":[{"href":"https:\/\/roveyayinevi.com.tr\/index.php\/wp-json\/wp\/v2\/product"}],"about":[{"href":"https:\/\/roveyayinevi.com.tr\/index.php\/wp-json\/wp\/v2\/types\/product"}],"wp:attachment":[{"href":"https:\/\/roveyayinevi.com.tr\/index.php\/wp-json\/wp\/v2\/media?parent=763832"}],"wp:term":[{"taxonomy":"product_brand","embeddable":true,"href":"https:\/\/roveyayinevi.com.tr\/index.php\/wp-json\/wp\/v2\/product_brand?post=763832"},{"taxonomy":"product_cat","embeddable":true,"href":"https:\/\/roveyayinevi.com.tr\/index.php\/wp-json\/wp\/v2\/product_cat?post=763832"},{"taxonomy":"product_tag","embeddable":true,"href":"https:\/\/roveyayinevi.com.tr\/index.php\/wp-json\/wp\/v2\/product_tag?post=763832"}],"curies":[{"name":"wp","href":"https:\/\/api.w.org\/{rel}","templated":true}]}}