{"id":763830,"date":"2025-08-28T10:53:22","date_gmt":"2025-08-28T07:53:22","guid":{"rendered":"https:\/\/roveyayinevi.com.tr\/index.php\/urun\/milli-mecmua-sayi-39-temmuz-agustos-2024\/"},"modified":"2026-04-15T03:29:44","modified_gmt":"2026-04-15T00:29:44","slug":"milli-mecmua-sayi-39-temmuz-agustos-2024","status":"publish","type":"product","link":"https:\/\/roveyayinevi.com.tr\/index.php\/urun\/milli-mecmua-sayi-39-temmuz-agustos-2024\/","title":{"rendered":"Milli Mecmua Say\u0131 39 \/ Temmuz &#8211; A\u011fustos 2024"},"content":{"rendered":"<p>T\u00fcrk Milliyet\u00e7ili\u011fi dizimizin \u00fc\u00e7\u00fcnc\u00fc cildi, \u201cBa\u015fucu Kitaplar\u201d alt ba\u015fl\u0131\u011f\u0131yla ne\u015fredilirken bu ihtiya\u00e7lar\u0131n kar\u015f\u0131lanmas\u0131 y\u00f6n\u00fcnde \u00f6nc\u00fc bir k\u0131lavuz olarak haz\u0131rlanm\u0131\u015ft\u0131r. Pek\u00e2l\u00e2, T\u00fcrk milliyet\u00e7ili\u011fi d\u00fc\u015f\u00fcncesinin b\u00fct\u00fcn temsilcileri tek bir dosyada ayniyle ele al\u0131namam\u0131\u015ft\u0131r. S\u00f6zgelimi Nurettin Top\u00e7u gibi Anadolucu portreler yahut \u201cana ak\u0131m\u201da daha uzak olsa da T\u00fcrk milliyet\u00e7ili\u011fi iddias\u0131n\u0131 ta\u015f\u0131yan Berkes, Avc\u0131o\u011flu gibi isimlere temas edilememi\u015f; alt ba\u015fl\u0131\u011f\u0131n ilk cildi i\u00e7in Yusuf Ak\u00e7ura, Ziya G\u00f6kalp, Ahmet A\u011fao\u011flu, Mehmet \u0130zzet, M\u00fcmtaz Turhan Sadri Maksudi Arsal, H\u00fcseyin Nih\u00e2l Ats\u0131z, D\u00fcndar Ta\u015fer, Alparslan T\u00fcrke\u015f, Osman Turan, \u0130brahim Kafeso\u011flu, Ziya Nur Aksun, Galip Erdem, Nevzat K\u00f6so\u011flu, \u0130skender \u00d6ks\u00fcz, \u00d6mer L\u00fctfi Mete ve Seyyid Ahmed Arvasi gibi isimlerin eserleri ele al\u0131nm\u0131\u015ft\u0131r.<\/p>\n","protected":false},"excerpt":{"rendered":"<p>T\u00fcrk Milliyet\u00e7ili\u011fi dizimizin \u00fc\u00e7\u00fcnc\u00fc cildi, \u201cBa\u015fucu Kitaplar\u201d alt ba\u015fl\u0131\u011f\u0131yla ne\u015fredilirken bu ihtiya\u00e7lar\u0131n kar\u015f\u0131lanmas\u0131 y\u00f6n\u00fcnde \u00f6nc\u00fc bir k\u0131lavuz olarak haz\u0131rlanm\u0131\u015ft\u0131r. Pek\u00e2l\u00e2, T\u00fcrk milliyet\u00e7ili\u011fi d\u00fc\u015f\u00fcncesinin b\u00fct\u00fcn temsilcileri tek<span class=\"excerpt-hellip\"> [\u2026]<\/span><\/p>\n","protected":false},"featured_media":0,"template":"","meta":{"_monsterinsights_skip_tracking":false,"_monsterinsights_sitenote_active":false,"_monsterinsights_sitenote_note":"","_monsterinsights_sitenote_category":0},"product_brand":[],"product_cat":[13527],"product_tag":[],"class_list":{"0":"post-763830","1":"product","2":"type-product","3":"status-publish","5":"product_cat-sureli-yayinlar","6":"pa_cilt-ciltsiz","7":"pa_tur-dergi","8":"pa_yayinevi-otuken-nesriyat","9":"pa_yazar-kolektif","11":"first","12":"instock","13":"sale","14":"shipping-taxable","15":"purchasable","16":"product-type-simple"},"_links":{"self":[{"href":"https:\/\/roveyayinevi.com.tr\/index.php\/wp-json\/wp\/v2\/product\/763830","targetHints":{"allow":["GET"]}}],"collection":[{"href":"https:\/\/roveyayinevi.com.tr\/index.php\/wp-json\/wp\/v2\/product"}],"about":[{"href":"https:\/\/roveyayinevi.com.tr\/index.php\/wp-json\/wp\/v2\/types\/product"}],"wp:attachment":[{"href":"https:\/\/roveyayinevi.com.tr\/index.php\/wp-json\/wp\/v2\/media?parent=763830"}],"wp:term":[{"taxonomy":"product_brand","embeddable":true,"href":"https:\/\/roveyayinevi.com.tr\/index.php\/wp-json\/wp\/v2\/product_brand?post=763830"},{"taxonomy":"product_cat","embeddable":true,"href":"https:\/\/roveyayinevi.com.tr\/index.php\/wp-json\/wp\/v2\/product_cat?post=763830"},{"taxonomy":"product_tag","embeddable":true,"href":"https:\/\/roveyayinevi.com.tr\/index.php\/wp-json\/wp\/v2\/product_tag?post=763830"}],"curies":[{"name":"wp","href":"https:\/\/api.w.org\/{rel}","templated":true}]}}