{"id":763829,"date":"2025-08-28T10:53:13","date_gmt":"2025-08-28T07:53:13","guid":{"rendered":"https:\/\/roveyayinevi.com.tr\/index.php\/urun\/imparator\/"},"modified":"2026-04-15T03:29:44","modified_gmt":"2026-04-15T00:29:44","slug":"imparator","status":"publish","type":"product","link":"https:\/\/roveyayinevi.com.tr\/index.php\/urun\/imparator\/","title":{"rendered":"\u0130mparator"},"content":{"rendered":"<p>K\u00f6t\u00fc \u015f\u00f6hretli Tenebrae Outfit\u2019in v\u00e2risi Dante Maroni do\u011fdu\u011fundan beri e\u011fitiliyordu. Ac\u0131mas\u0131zl\u0131\u011f\u0131n\u0131 cazibesinin, vah\u015fili\u011fini ise tak\u0131m elbiselerinin alt\u0131nda saklamay\u0131 \u00f6\u011frenmi\u015fti. Sevdi\u011fi kad\u0131na olan a\u015fk\u0131n\u0131 sessizli\u011finin i\u00e7ine g\u00f6merken g\u00f6lgelerin aras\u0131nda sessiz bir asiye d\u00f6n\u00fc\u015fm\u00fc\u015ft\u00fc. Kay\u0131p \u00e7ocuklardan sorumlu olan Birlik\u2019e s\u0131zd\u0131\u011f\u0131nda, ger\u00e7eklik alg\u0131s\u0131n\u0131 parampar\u00e7a eden bilgiler ke\u015ffetmi\u015f ve \u00f6l\u00fcmc\u00fcl bir oyun oynamak zorunda kalm\u0131\u015ft\u0131. Maroni ailesinin k\u00e2hyas\u0131n\u0131n k\u0131z\u0131 olan Amara, kendini bildi\u011finden beri Dante\u2019yi seviyordu. On be\u015f ya\u015f\u0131nda ka\u00e7\u0131r\u0131l\u0131p i\u015fkence g\u00f6rm\u00fc\u015ft\u00fc. Kendini, hayat\u0131n\u0131 ve bildi\u011fi tek evi kaybetmi\u015fti. Bu olaydan y\u0131llar sonra, korundu\u011fundan habersiz olarak s\u00fcrd\u00fcrd\u00fc\u011f\u00fc hayat\u0131 biraz olsun normalle\u015fmi\u015fken d\u00fcnyas\u0131 bir anda tekrar \u00e7\u00f6km\u00fc\u015f ve onu kanl\u0131 bir oyuna kat\u0131lmaya zorlam\u0131\u015ft\u0131. Gizemler \u00e7\u00f6z\u00fcl\u00fcyordu. S\u0131rlar ke\u015ffediliyordu. \u00c7ocukluk a\u015fklar\u0131 yerini derin bir yak\u0131nl\u0131\u011fa, g\u00fcce ve hayatta kalmaya b\u0131rak\u0131yordu. \u0130steksiz kral ve mutlak krali\u00e7e hamle yap\u0131yordu.<\/p>\n","protected":false},"excerpt":{"rendered":"<p>K\u00f6t\u00fc \u015f\u00f6hretli Tenebrae Outfit\u2019in v\u00e2risi Dante Maroni do\u011fdu\u011fundan beri e\u011fitiliyordu. Ac\u0131mas\u0131zl\u0131\u011f\u0131n\u0131 cazibesinin, vah\u015fili\u011fini ise tak\u0131m elbiselerinin alt\u0131nda saklamay\u0131 \u00f6\u011frenmi\u015fti. Sevdi\u011fi kad\u0131na olan a\u015fk\u0131n\u0131 sessizli\u011finin i\u00e7ine g\u00f6merken<span class=\"excerpt-hellip\"> [\u2026]<\/span><\/p>\n","protected":false},"featured_media":0,"template":"","meta":{"_monsterinsights_skip_tracking":false,"_monsterinsights_sitenote_active":false,"_monsterinsights_sitenote_note":"","_monsterinsights_sitenote_category":0},"product_brand":[],"product_cat":[12291,12711],"product_tag":[],"class_list":{"0":"post-763829","1":"product","2":"type-product","3":"status-publish","5":"product_cat-edebiyat","6":"product_cat-roman-oyku","7":"pa_cilt-ciltsiz","8":"pa_tur-kitap","9":"pa_yayinevi-marti-yayinlari","10":"pa_yazar-runyx","12":"first","13":"instock","14":"sale","15":"shipping-taxable","16":"purchasable","17":"product-type-simple"},"_links":{"self":[{"href":"https:\/\/roveyayinevi.com.tr\/index.php\/wp-json\/wp\/v2\/product\/763829","targetHints":{"allow":["GET"]}}],"collection":[{"href":"https:\/\/roveyayinevi.com.tr\/index.php\/wp-json\/wp\/v2\/product"}],"about":[{"href":"https:\/\/roveyayinevi.com.tr\/index.php\/wp-json\/wp\/v2\/types\/product"}],"wp:attachment":[{"href":"https:\/\/roveyayinevi.com.tr\/index.php\/wp-json\/wp\/v2\/media?parent=763829"}],"wp:term":[{"taxonomy":"product_brand","embeddable":true,"href":"https:\/\/roveyayinevi.com.tr\/index.php\/wp-json\/wp\/v2\/product_brand?post=763829"},{"taxonomy":"product_cat","embeddable":true,"href":"https:\/\/roveyayinevi.com.tr\/index.php\/wp-json\/wp\/v2\/product_cat?post=763829"},{"taxonomy":"product_tag","embeddable":true,"href":"https:\/\/roveyayinevi.com.tr\/index.php\/wp-json\/wp\/v2\/product_tag?post=763829"}],"curies":[{"name":"wp","href":"https:\/\/api.w.org\/{rel}","templated":true}]}}