{"id":763828,"date":"2025-08-28T10:53:12","date_gmt":"2025-08-28T07:53:12","guid":{"rendered":"https:\/\/roveyayinevi.com.tr\/index.php\/urun\/yenilenmek-ve-yenilikci-olmak-cagi\/"},"modified":"2026-04-15T03:29:44","modified_gmt":"2026-04-15T00:29:44","slug":"yenilenmek-ve-yenilikci-olmak-cagi","status":"publish","type":"product","link":"https:\/\/roveyayinevi.com.tr\/index.php\/urun\/yenilenmek-ve-yenilikci-olmak-cagi\/","title":{"rendered":"Yenilenmek ve Yenilik\u00e7i Olmak \u00c7a\u011f\u0131"},"content":{"rendered":"<p>Herkes bir tek a\u00e7\u0131dan bakarken, sen farkl\u0131 bir a\u00e7\u0131dan bak! \u0130\u015fte o zaman herkes taraf\u0131ndan bilinmeyeni bilir, g\u00f6r\u00fcnmeyeni g\u00f6r\u00fcrs\u00fcn. Yenilenmek ve yenilik\u00e7i olman\u0131n form\u00fcl\u00fc budur. Bu halinle de herkesten farkl\u0131 oldu\u011funu anla! \u00d6zg\u00fcr akl\u0131n, alg\u0131n ve idrakin senin y\u00f6n\u00fcn\u00fc belirleyecektir. Y\u00f6n\u00fcn, yenilenmeye ve yenilik\u00e7i olmaya oldu\u011fu s\u00fcrece hakikatin i\u00e7inde olacaks\u0131n. Kim ne \u015fekilde yolda ilerlemek isterse yola bak\u0131\u015f a\u00e7\u0131s\u0131 onun h\u0131z\u0131n\u0131 belirler. Bu y\u00fczden de akl\u0131n\u0131n, alg\u0131n\u0131n ve idrakinin tek\u00e2m\u00fcl\u00fc i\u00e7in yeni olanla ilgilen zira eskiler \u00fczerinde yeterince d\u00fc\u015f\u00fcn\u00fclm\u00fc\u015f, yorumlanm\u0131\u015f hatta hak etmedi\u011fi \u00f6vg\u00fclere sebep oldu\u011fu gibi gereksiz sald\u0131r\u0131lara da u\u011fram\u0131\u015f olabilir. Bunlar\u0131n hi\u00e7biri seni yan\u0131ltmas\u0131n \u00e7\u00fcnk\u00fc \u00f6vg\u00fcler de sald\u0131r\u0131lar da senin alg\u0131 ve idrakin d\u0131\u015f\u0131nda olanlard\u0131r. Sen sana ait olan a\u00e7\u0131dan bak ve g\u00f6r, hakikatle o zaman y\u00fczle\u015firsin. Herkesten farkl\u0131 bir bak\u0131\u015f a\u00e7\u0131n ve zihnin seni kal\u0131plardan s\u0131y\u0131r\u0131p, sorgulamaya, anlamaya, yenilenmeye ve yenilik\u00e7i olmaya sevk edecektir. Buna a\u00e7\u0131k oldu\u011fun s\u00fcrece \u00fczerinde ta\u015f\u0131d\u0131\u011f\u0131n Yaradan\u2019\u0131n donan\u0131mlar\u0131n\u0131 fark edip ona g\u00f6re kullan\u0131rs\u0131n. <\/p>\n","protected":false},"excerpt":{"rendered":"<p>Herkes bir tek a\u00e7\u0131dan bakarken, sen farkl\u0131 bir a\u00e7\u0131dan bak! \u0130\u015fte o zaman herkes taraf\u0131ndan bilinmeyeni bilir, g\u00f6r\u00fcnmeyeni g\u00f6r\u00fcrs\u00fcn. Yenilenmek ve yenilik\u00e7i olman\u0131n form\u00fcl\u00fc budur. Bu<span class=\"excerpt-hellip\"> [\u2026]<\/span><\/p>\n","protected":false},"featured_media":0,"template":"","meta":{"_monsterinsights_skip_tracking":false,"_monsterinsights_sitenote_active":false,"_monsterinsights_sitenote_note":"","_monsterinsights_sitenote_category":0},"product_brand":[],"product_cat":[12364,12376],"product_tag":[],"class_list":{"0":"post-763828","1":"product","2":"type-product","3":"status-publish","5":"product_cat-genel-konular","6":"product_cat-kisisel-gelisim","7":"pa_cilt-ciltsiz","8":"pa_tur-kitap","9":"pa_yayinevi-doksan-dokuz-yayinlari","10":"pa_yazar-fuat-erkan","12":"first","13":"instock","14":"sale","15":"shipping-taxable","16":"purchasable","17":"product-type-simple"},"_links":{"self":[{"href":"https:\/\/roveyayinevi.com.tr\/index.php\/wp-json\/wp\/v2\/product\/763828","targetHints":{"allow":["GET"]}}],"collection":[{"href":"https:\/\/roveyayinevi.com.tr\/index.php\/wp-json\/wp\/v2\/product"}],"about":[{"href":"https:\/\/roveyayinevi.com.tr\/index.php\/wp-json\/wp\/v2\/types\/product"}],"wp:attachment":[{"href":"https:\/\/roveyayinevi.com.tr\/index.php\/wp-json\/wp\/v2\/media?parent=763828"}],"wp:term":[{"taxonomy":"product_brand","embeddable":true,"href":"https:\/\/roveyayinevi.com.tr\/index.php\/wp-json\/wp\/v2\/product_brand?post=763828"},{"taxonomy":"product_cat","embeddable":true,"href":"https:\/\/roveyayinevi.com.tr\/index.php\/wp-json\/wp\/v2\/product_cat?post=763828"},{"taxonomy":"product_tag","embeddable":true,"href":"https:\/\/roveyayinevi.com.tr\/index.php\/wp-json\/wp\/v2\/product_tag?post=763828"}],"curies":[{"name":"wp","href":"https:\/\/api.w.org\/{rel}","templated":true}]}}