{"id":763827,"date":"2025-08-28T10:53:11","date_gmt":"2025-08-28T07:53:11","guid":{"rendered":"https:\/\/roveyayinevi.com.tr\/index.php\/urun\/1-sinif-tatil-kitabim\/"},"modified":"2026-04-15T03:29:44","modified_gmt":"2026-04-15T00:29:44","slug":"1-sinif-tatil-kitabim","status":"publish","type":"product","link":"https:\/\/roveyayinevi.com.tr\/index.php\/urun\/1-sinif-tatil-kitabim\/","title":{"rendered":"1. S\u0131n\u0131f Tatil Kitab\u0131m"},"content":{"rendered":"<p>Her bir haftada \u00f6\u011frenciler; *Drama ve Oyun ile konu\u015fma becerilerini geli\u015ftirecek,*Yarat\u0131c\u0131 Yazma ile dil becerilerini geli\u015ftirecek,*Etkin Okuma ile okudu\u011funu anlama \u00e7al\u0131\u015fmalar\u0131 yapacak,*Say\u0131 ve \u015eekil D\u00fcnyas\u0131 ile farkl\u0131 bak\u0131\u015f a\u00e7\u0131lar\u0131 kazanacak,*Ak\u0131l Oyunlar\u0131 ile d\u00fc\u015f\u00fcnme becerilerini geli\u015ftirecek,*Bilim ve Teknoloji ile ufkunu geni\u015fletecek,*Bilim \u0130nsanlar\u0131 ile bilime y\u00f6n verenleri tan\u0131yacak,*Sanat\u00e7\u0131lar\u0131n Ya\u015fam\u0131 ve Gezelim G\u00f6relim ile genel k\u00fclt\u00fcr\u00fcn\u00fc art\u0131racak,*Bulmacalar ile keyifli vakit ge\u00e7irecek,*\u00c7iziktir ve Yemek Yapal\u0131m ile el becerisi kazanacak,*\u0130ngilizce ile e\u011flenerek pratik yapacak,*Tekrar \u00c7al\u0131\u015fmalar\u0131m ile a\u00e7\u0131k u\u00e7lu sorular sayesinde y\u0131l i\u00e7inde \u00f6\u011frendiklerini peki\u015ftirerek bir sonraki sene i\u00e7in \u00f6n haz\u0131rl\u0131k yapacak.Yenilenen tasar\u0131m\u0131 ve yap\u0131s\u0131yla Tudem Tatil Kitab\u0131m sayesinde \u00f6\u011frenciler, yaz tatilinde e\u011flenerek kendilerini geli\u015ftirecek!<\/p>\n","protected":false},"excerpt":{"rendered":"<p>Her bir haftada \u00f6\u011frenciler; *Drama ve Oyun ile konu\u015fma becerilerini geli\u015ftirecek,*Yarat\u0131c\u0131 Yazma ile dil becerilerini geli\u015ftirecek,*Etkin Okuma ile okudu\u011funu anlama \u00e7al\u0131\u015fmalar\u0131 yapacak,*Say\u0131 ve \u015eekil D\u00fcnyas\u0131 ile<span class=\"excerpt-hellip\"> [\u2026]<\/span><\/p>\n","protected":false},"featured_media":0,"template":"","meta":{"_monsterinsights_skip_tracking":false,"_monsterinsights_sitenote_active":false,"_monsterinsights_sitenote_note":"","_monsterinsights_sitenote_category":0},"product_brand":[],"product_cat":[12566,13473],"product_tag":[],"class_list":{"0":"post-763827","1":"product","2":"type-product","3":"status-publish","5":"product_cat-egitim","6":"product_cat-sinavlara-hazirlik-okula-yardimci-kaynaklar","7":"pa_cilt-ciltsiz","8":"pa_tur-kitap","9":"pa_yayinevi-tudem-yayinlari","10":"pa_yazar-kolektif","12":"first","13":"instock","14":"sale","15":"shipping-taxable","16":"purchasable","17":"product-type-simple"},"_links":{"self":[{"href":"https:\/\/roveyayinevi.com.tr\/index.php\/wp-json\/wp\/v2\/product\/763827","targetHints":{"allow":["GET"]}}],"collection":[{"href":"https:\/\/roveyayinevi.com.tr\/index.php\/wp-json\/wp\/v2\/product"}],"about":[{"href":"https:\/\/roveyayinevi.com.tr\/index.php\/wp-json\/wp\/v2\/types\/product"}],"wp:attachment":[{"href":"https:\/\/roveyayinevi.com.tr\/index.php\/wp-json\/wp\/v2\/media?parent=763827"}],"wp:term":[{"taxonomy":"product_brand","embeddable":true,"href":"https:\/\/roveyayinevi.com.tr\/index.php\/wp-json\/wp\/v2\/product_brand?post=763827"},{"taxonomy":"product_cat","embeddable":true,"href":"https:\/\/roveyayinevi.com.tr\/index.php\/wp-json\/wp\/v2\/product_cat?post=763827"},{"taxonomy":"product_tag","embeddable":true,"href":"https:\/\/roveyayinevi.com.tr\/index.php\/wp-json\/wp\/v2\/product_tag?post=763827"}],"curies":[{"name":"wp","href":"https:\/\/api.w.org\/{rel}","templated":true}]}}