{"id":763823,"date":"2025-08-28T10:53:05","date_gmt":"2025-08-28T07:53:05","guid":{"rendered":"https:\/\/roveyayinevi.com.tr\/index.php\/urun\/her-seyin-safagi\/"},"modified":"2026-02-03T03:31:01","modified_gmt":"2026-02-03T00:31:01","slug":"her-seyin-safagi","status":"publish","type":"product","link":"https:\/\/roveyayinevi.com.tr\/index.php\/urun\/her-seyin-safagi\/","title":{"rendered":"Her \u015eeyin \u015eafa\u011f\u0131"},"content":{"rendered":"<p>\u201cSosyoloji, antropoloji, arkeoloji ve siyaset felsefesinin temel fikirlerine cesur yorumlar getiren, modern uygarl\u0131k \u00fczerine kapsaml\u0131 bir inceleme.\u201dNew York Times Tar\u0131m\u0131n ve \u015fehirlerin geli\u015fiminden devletin, demokrasinin ve e\u015fitsizli\u011fin k\u00f6kenlerine kadar sosyal evrim hakk\u0131ndaki en temel varsay\u0131mlar\u0131m\u0131za meydan okuyan ve insani \u00f6zg\u00fcrle\u015fme i\u00e7in yeni olas\u0131l\u0131klar ortaya koyan, insanl\u0131k tarihine dair yepyeni bir yakla\u015f\u0131m&#8230;Nesiller boyu uzak atalar\u0131m\u0131z ya \u00f6zg\u00fcr masumlar ya da haydut sava\u015f\u00e7\u0131lar olarak ilkel a\u00e7\u0131dan nitelendirildi. Bize uygarl\u0131\u011f\u0131n ancak ba\u015flang\u0131\u00e7taki bu \u00f6zg\u00fcrl\u00fcklerimizden vazge\u00e7erek ya da temel i\u00e7g\u00fcd\u00fclerimizi kontrol alt\u0131na alarak elde edilebilece\u011fi s\u00f6ylendi. David Graeber ve David Wengrow, bu t\u00fcr teorilerin ilk olarak 18. y\u00fczy\u0131lda, yerli g\u00f6zlemciler ve entelekt\u00fceller taraf\u0131ndan Avrupa toplumuna y\u00f6neltilen ele\u015ftirilere kar\u015f\u0131 muhafazak\u00e2r tepkilerin nas\u0131l ortaya \u00e7\u0131kt\u0131\u011f\u0131n\u0131 g\u00f6steriyor. Bu tart\u0131\u015fman\u0131n yeniden ele al\u0131nmas\u0131 tar\u0131m\u0131n, m\u00fclkiyetin, kentlerin, demokrasinin, k\u00f6leli\u011fin ve uygarl\u0131\u011f\u0131n k\u00f6kenleri de dahil olmak \u00fczere, bug\u00fcn insanl\u0131k tarihini nas\u0131l anlamland\u0131rd\u0131\u011f\u0131m\u0131z konusunda \u00e7arp\u0131c\u0131 sonu\u00e7lar do\u011furmaktad\u0131r. E\u011fer insanlar evrimsel ge\u00e7mi\u015flerini k\u00fc\u00e7\u00fck avc\u0131-toplay\u0131c\u0131 gruplarh\u00e2linde ge\u00e7irmedilerse bunca zaman ne yap\u0131yorlard\u0131?Tar\u0131m ve \u015fehirle\u015fme hiyerar\u015fi ve tahakk\u00fcm\u00fcn pen\u00e7esine d\u00fc\u015fmekanlam\u0131na gelmiyorsa ne t\u00fcr sosyal ve ekonomik \u00f6rg\u00fctlenmelere yol a\u00e7t\u0131?Arkeoloji ve antropolojide \u00e7\u0131\u011f\u0131r a\u00e7an ara\u015ft\u0131rmalara ba\u015fvuran yazarlar, kavram zincirlerimizi bir kenara b\u0131rak\u0131p ger\u00e7ekten olan biteni alg\u0131lamay\u0131 \u00f6\u011frendi\u011fimizde tarihin nas\u0131l \u00e7ok daha ilgin\u00e7 bir h\u00e2l ald\u0131\u011f\u0131n\u0131 g\u00f6stererek insanl\u0131k tarihinin seyrinin san\u0131ld\u0131\u011f\u0131ndan daha belirsiz, daha e\u011flenceli ve umut dolu olas\u0131l\u0131klarla dolu olabilece\u011fini ortaya koyuyor. Her \u015eeyin \u015eafa\u011f\u0131, insanl\u0131k tarihine dair anlay\u0131\u015f\u0131m\u0131z\u0131 k\u00f6kten de\u011fi\u015ftirerek yeni \u00f6zg\u00fcrl\u00fck bi\u00e7imlerini, toplumsal \u00f6rg\u00fctlenmenin yeni yollar\u0131n\u0131 hayal etmeye giden bir yol \u00e7iziyor.\u201cSadece bir kitap de\u011fil, entelekt\u00fcel bir \u015f\u00f6len. Her b\u00f6l\u00fcm\u00fcnde zihinlerimizde yer etmi\u015f d\u00fc\u015f\u00fcnsel kal\u0131plar\u0131 kolayca yerle bir etmeyi ba\u015far\u0131yor. Titiz, derin ara\u015ft\u0131rmalar\u0131n \u00fcr\u00fcn\u00fc olmas\u0131 ve keyifle okunmas\u0131 da cabas\u0131.\u201dNassim Nicholas Taleb<\/p>\n","protected":false},"excerpt":{"rendered":"<p>\u201cSosyoloji, antropoloji, arkeoloji ve siyaset felsefesinin temel fikirlerine cesur yorumlar getiren, modern uygarl\u0131k \u00fczerine kapsaml\u0131 bir inceleme.\u201dNew York Times Tar\u0131m\u0131n ve \u015fehirlerin geli\u015fiminden devletin, demokrasinin ve<span class=\"excerpt-hellip\"> [\u2026]<\/span><\/p>\n","protected":false},"featured_media":0,"template":"","meta":{"_monsterinsights_skip_tracking":false,"_monsterinsights_sitenote_active":false,"_monsterinsights_sitenote_note":"","_monsterinsights_sitenote_category":0},"product_brand":[],"product_cat":[16038,12388],"product_tag":[],"class_list":{"0":"post-763823","1":"product","2":"type-product","3":"status-publish","5":"product_cat-arastirma-inceleme-referans-felsefe","6":"product_cat-felsefe","7":"pa_cilt-ciltsiz","8":"pa_tur-kitap","9":"pa_yayinevi-epsilon-yayinlari","10":"pa_yazar-david-graeber-david-wengrow","12":"first","13":"instock","14":"sale","15":"shipping-taxable","16":"purchasable","17":"product-type-simple"},"_links":{"self":[{"href":"https:\/\/roveyayinevi.com.tr\/index.php\/wp-json\/wp\/v2\/product\/763823","targetHints":{"allow":["GET"]}}],"collection":[{"href":"https:\/\/roveyayinevi.com.tr\/index.php\/wp-json\/wp\/v2\/product"}],"about":[{"href":"https:\/\/roveyayinevi.com.tr\/index.php\/wp-json\/wp\/v2\/types\/product"}],"wp:attachment":[{"href":"https:\/\/roveyayinevi.com.tr\/index.php\/wp-json\/wp\/v2\/media?parent=763823"}],"wp:term":[{"taxonomy":"product_brand","embeddable":true,"href":"https:\/\/roveyayinevi.com.tr\/index.php\/wp-json\/wp\/v2\/product_brand?post=763823"},{"taxonomy":"product_cat","embeddable":true,"href":"https:\/\/roveyayinevi.com.tr\/index.php\/wp-json\/wp\/v2\/product_cat?post=763823"},{"taxonomy":"product_tag","embeddable":true,"href":"https:\/\/roveyayinevi.com.tr\/index.php\/wp-json\/wp\/v2\/product_tag?post=763823"}],"curies":[{"name":"wp","href":"https:\/\/api.w.org\/{rel}","templated":true}]}}