{"id":763821,"date":"2025-08-28T10:53:02","date_gmt":"2025-08-28T07:53:02","guid":{"rendered":"https:\/\/roveyayinevi.com.tr\/index.php\/urun\/10-kat-daha-mutlu\/"},"modified":"2026-04-15T03:29:44","modified_gmt":"2026-04-15T00:29:44","slug":"10-kat-daha-mutlu","status":"publish","type":"product","link":"https:\/\/roveyayinevi.com.tr\/index.php\/urun\/10-kat-daha-mutlu\/","title":{"rendered":"10 Kat  Daha Mutlu"},"content":{"rendered":"<p>Bo\u015f vaatlere maruz kalmadan mutlu bir ya\u015fama sahip olman\u0131n yollar\u0131n\u0131 \u00fcnl\u00fclerin psikoterapistinden \u00f6\u011frenmek ister misiniz?  Modern hayatlar\u0131m\u0131z stres a\u00e7\u0131s\u0131ndan bir may\u0131n tarlas\u0131d\u0131r. \u0130\u015f, ili\u015fkiler, maddiyat, bazen de ge\u00e7mi\u015fteki \u00fcz\u00fcc\u00fc olaylar y\u00fcz\u00fcnden t\u00f6kezleriz ve \u00e7o\u011fu zaman yanl\u0131\u015f giden \u015feylere saplan\u0131p kal\u0131r\u0131z. On Kat Daha Mutlu\u2019da Owen O\u2019Kane; daha sa\u011fl\u0131kl\u0131 bak\u0131\u015f a\u00e7\u0131lar\u0131n\u0131 nas\u0131l se\u00e7ece\u011fimizi, gere\u011finden fazla d\u00fc\u015f\u00fcnd\u00fc\u011f\u00fcm\u00fcz veya k\u00f6t\u00fc y\u00f6netti\u011fimiz konularda zararl\u0131 kal\u0131plardan nas\u0131l kurtulaca\u011f\u0131m\u0131z\u0131 a\u00e7\u0131kl\u0131yor. Vaka incelemeleri, en ge\u00e7erli bilimsel yakla\u015f\u0131mlar ve psikoterapi alan\u0131nda y\u0131llard\u0131r edindi\u011fi deneyimler \u0131\u015f\u0131\u011f\u0131nda O\u2019Kane, do\u011frular\u0131 ki\u015finin kendi kendine g\u00f6rmesini sa\u011fl\u0131yor. On Kat Daha Mutlu, her \u015fey ters gidiyormu\u015f gibi hissetti\u011finizde zihninize ve kalbinize iyi gelecek bir yol haritas\u0131. Ayr\u0131ca bu kitap, hayat\u0131n\u0131z\u0131 zenginle\u015ftirecek ve mutlulu\u011funuza katk\u0131da bulunacak se\u00e7imler yapmay\u0131 \u00f6\u011fretirken ge\u00e7mi\u015fe tak\u0131l\u0131p kalm\u0131\u015f zihin yap\u0131s\u0131ndan kurtulman\u0131n da ad\u0131mlar\u0131n\u0131 g\u00f6steriyor. \u201cOlumlu ve sa\u011fl\u0131kl\u0131 bir ya\u015fama y\u00f6nelik size uzanan net ve dost\u00e7a bir el.\u201d   \u2013Magic Radio Book Club \u201cFark\u0131ndal\u0131ktan ki\u015filer aras\u0131 terapiye, hayat\u0131n\u0131za nas\u0131l devam etmeniz gerekti\u011fi konusunda en g\u00fc\u00e7l\u00fc \u00e7\u00f6z\u00fcmlerden baz\u0131lar\u0131n\u0131 kolayl\u0131kla \u00f6\u011freneceksiniz.\u201d \u2013The Sun <\/p>\n","protected":false},"excerpt":{"rendered":"<p>Bo\u015f vaatlere maruz kalmadan mutlu bir ya\u015fama sahip olman\u0131n yollar\u0131n\u0131 \u00fcnl\u00fclerin psikoterapistinden \u00f6\u011frenmek ister misiniz? Modern hayatlar\u0131m\u0131z stres a\u00e7\u0131s\u0131ndan bir may\u0131n tarlas\u0131d\u0131r. \u0130\u015f, ili\u015fkiler, maddiyat, bazen<span class=\"excerpt-hellip\"> [\u2026]<\/span><\/p>\n","protected":false},"featured_media":0,"template":"","meta":{"_monsterinsights_skip_tracking":false,"_monsterinsights_sitenote_active":false,"_monsterinsights_sitenote_note":"","_monsterinsights_sitenote_category":0},"product_brand":[],"product_cat":[12364,12376],"product_tag":[],"class_list":{"0":"post-763821","1":"product","2":"type-product","3":"status-publish","5":"product_cat-genel-konular","6":"product_cat-kisisel-gelisim","7":"pa_cilt-ciltsiz","8":"pa_tur-kitap","9":"pa_yayinevi-mona-kitap","10":"pa_yazar-owen-okane","12":"first","13":"instock","14":"sale","15":"shipping-taxable","16":"purchasable","17":"product-type-simple"},"_links":{"self":[{"href":"https:\/\/roveyayinevi.com.tr\/index.php\/wp-json\/wp\/v2\/product\/763821","targetHints":{"allow":["GET"]}}],"collection":[{"href":"https:\/\/roveyayinevi.com.tr\/index.php\/wp-json\/wp\/v2\/product"}],"about":[{"href":"https:\/\/roveyayinevi.com.tr\/index.php\/wp-json\/wp\/v2\/types\/product"}],"wp:attachment":[{"href":"https:\/\/roveyayinevi.com.tr\/index.php\/wp-json\/wp\/v2\/media?parent=763821"}],"wp:term":[{"taxonomy":"product_brand","embeddable":true,"href":"https:\/\/roveyayinevi.com.tr\/index.php\/wp-json\/wp\/v2\/product_brand?post=763821"},{"taxonomy":"product_cat","embeddable":true,"href":"https:\/\/roveyayinevi.com.tr\/index.php\/wp-json\/wp\/v2\/product_cat?post=763821"},{"taxonomy":"product_tag","embeddable":true,"href":"https:\/\/roveyayinevi.com.tr\/index.php\/wp-json\/wp\/v2\/product_tag?post=763821"}],"curies":[{"name":"wp","href":"https:\/\/api.w.org\/{rel}","templated":true}]}}