{"id":763820,"date":"2025-08-28T10:52:59","date_gmt":"2025-08-28T07:52:59","guid":{"rendered":"https:\/\/roveyayinevi.com.tr\/index.php\/urun\/noolur-kalemimi-kirma-ogretmenim\/"},"modified":"2026-04-15T03:29:44","modified_gmt":"2026-04-15T00:29:44","slug":"noolur-kalemimi-kirma-ogretmenim","status":"publish","type":"product","link":"https:\/\/roveyayinevi.com.tr\/index.php\/urun\/noolur-kalemimi-kirma-ogretmenim\/","title":{"rendered":"N&#8217;oolur Kalemimi K\u0131rma \u00d6\u011fretmenim"},"content":{"rendered":"<p>\u0130nsan yeti\u015ftirmek, devlet kurmak gibidir. Devlet ise insanlardan olu\u015fur.  Devletin nas\u0131l bir \u00f6zellikte olmas\u0131n\u0131 istiyorsan\u0131z, insan\u0131 da o anlay\u0131\u015fla yeti\u015ftirirsiniz. Bu konuda \u00f6\u011fretmenler de en az anne ve babalar ile ayn\u0131 etki ve sorumlulu\u011fa sahiptir. B\u00fcy\u00fck bir sab\u0131r ve \u00e7aba gerektiren insan yeti\u015ftirme i\u015finde iyi niyetle yap\u0131lan yanl\u0131\u015flar\u0131n olmas\u0131 ka\u00e7\u0131n\u0131lmazd\u0131r. Bu yanl\u0131\u015flar\u0131n fark\u0131nda olmak, \u00f6nlem almak i\u00e7in \u00f6nem kazanmaktad\u0131r. Bu eserde, ger\u00e7ek ya\u015famdan kesitlerden olu\u015fan bu konular \u00f6yk\u00fcler halinde ele al\u0131nm\u0131\u015ft\u0131r. Bakal\u0131m ya\u015fam\u0131n\u0131z boyunca bu \u00f6yk\u00fclerden hangilerine rastlad\u0131n\u0131z veya hangileri ile kar\u015f\u0131la\u015facaks\u0131n\u0131z. <\/p>\n","protected":false},"excerpt":{"rendered":"<p>\u0130nsan yeti\u015ftirmek, devlet kurmak gibidir. Devlet ise insanlardan olu\u015fur. Devletin nas\u0131l bir \u00f6zellikte olmas\u0131n\u0131 istiyorsan\u0131z, insan\u0131 da o anlay\u0131\u015fla yeti\u015ftirirsiniz. Bu konuda \u00f6\u011fretmenler de en az<span class=\"excerpt-hellip\"> [\u2026]<\/span><\/p>\n","protected":false},"featured_media":0,"template":"","meta":{"_monsterinsights_skip_tracking":false,"_monsterinsights_sitenote_active":false,"_monsterinsights_sitenote_note":"","_monsterinsights_sitenote_category":0},"product_brand":[],"product_cat":[12291,12711],"product_tag":[],"class_list":{"0":"post-763820","1":"product","2":"type-product","3":"status-publish","5":"product_cat-edebiyat","6":"product_cat-roman-oyku","7":"pa_cilt-ciltsiz","8":"pa_tur-kitap","9":"pa_yayinevi-kmd-yayinlari","10":"pa_yazar-ibrahim-senel","12":"first","13":"instock","14":"sale","15":"shipping-taxable","16":"purchasable","17":"product-type-simple"},"_links":{"self":[{"href":"https:\/\/roveyayinevi.com.tr\/index.php\/wp-json\/wp\/v2\/product\/763820","targetHints":{"allow":["GET"]}}],"collection":[{"href":"https:\/\/roveyayinevi.com.tr\/index.php\/wp-json\/wp\/v2\/product"}],"about":[{"href":"https:\/\/roveyayinevi.com.tr\/index.php\/wp-json\/wp\/v2\/types\/product"}],"wp:attachment":[{"href":"https:\/\/roveyayinevi.com.tr\/index.php\/wp-json\/wp\/v2\/media?parent=763820"}],"wp:term":[{"taxonomy":"product_brand","embeddable":true,"href":"https:\/\/roveyayinevi.com.tr\/index.php\/wp-json\/wp\/v2\/product_brand?post=763820"},{"taxonomy":"product_cat","embeddable":true,"href":"https:\/\/roveyayinevi.com.tr\/index.php\/wp-json\/wp\/v2\/product_cat?post=763820"},{"taxonomy":"product_tag","embeddable":true,"href":"https:\/\/roveyayinevi.com.tr\/index.php\/wp-json\/wp\/v2\/product_tag?post=763820"}],"curies":[{"name":"wp","href":"https:\/\/api.w.org\/{rel}","templated":true}]}}