{"id":763818,"date":"2025-08-28T10:52:55","date_gmt":"2025-08-28T07:52:55","guid":{"rendered":"https:\/\/roveyayinevi.com.tr\/index.php\/urun\/dostca-yazilar\/"},"modified":"2026-04-15T03:29:44","modified_gmt":"2026-04-15T00:29:44","slug":"dostca-yazilar","status":"publish","type":"product","link":"https:\/\/roveyayinevi.com.tr\/index.php\/urun\/dostca-yazilar\/","title":{"rendered":"Dost\u00e7a Yaz\u0131lar"},"content":{"rendered":"<p>G\u00fcndelik ya\u015fam\u0131m\u0131zda kar\u015f\u0131la\u015ft\u0131\u011f\u0131m\u0131z olaylardan esinlenerek kaleme al\u0131nan \u201cDost\u00e7a Yaz\u0131lar\u201d eseri; ansiklopedik bilgi, hik\u00e2yeler, yazar\u0131n an\u0131lar\u0131, d\u00fc\u015f\u00fcnceleri, duru\u015fu ve vizyonu ile harmanlanarak olu\u015fturulmu\u015ftur. Denemeler, yazar\u0131n \u015fiirleri ile de bezenerek keyifle okunabilecek ba\u015far\u0131l\u0131 bir eser halini alm\u0131\u015ft\u0131r.       Orta Asya\u2019dan getirmi\u015f oldu\u011fumuz ozanl\u0131k gelene\u011finin \u00f6nemi ve temsilcilerinin say\u0131s\u0131 her ge\u00e7en zaman diliminde azalmaktad\u0131r. Maalesef, ozanlar\u0131m\u0131z\u0131n k\u0131ymetlerini de onlar\u0131 kaybettikten sonra anlamaktay\u0131z. Eserleriyle bu kadim gelene\u011fimizi ve k\u00fclt\u00fcrel miras\u0131m\u0131z\u0131 gen\u00e7 nesillere tan\u0131tan ve yok olmaktan kurtaran g\u00fcn\u00fcm\u00fcz halk ozanlar\u0131 temsilcilerine ve bu eseri dolay\u0131s\u0131yla ozan\u0131m\u0131z Halil MANU\u015e\u2019a ne kadar te\u015fekk\u00fcr etsek azd\u0131r.      Ozan\u0131m\u0131z\u0131n kitab\u0131 okuyucuyu yormuyor. Her biri 1 &#8211; 2 sayfa s\u00fcren denemelerinden daha biri bitmeden bir sonrakini merak ettiriyor. Elinizden b\u0131rakamadan ve hi\u00e7 s\u0131k\u0131lmadan \u00e7ok k\u0131sa bir s\u00fcre i\u00e7inde okuyup bitirece\u011finiz bu kitab\u0131n t\u00fcm ya\u015f gruplar\u0131na hitap edece\u011fi kan\u0131s\u0131nday\u0131m.      Halk \u015fiiri ve ozanl\u0131k gelene\u011fine ilgi duyan herkese \u015fiddetle tavsiye ederim.                                                                                                                                                       Prof. Dr. Abdullah CAN                                                                                                                                          \u015eanl\u0131urfa, Harran \u00dcniversitesi <\/p>\n","protected":false},"excerpt":{"rendered":"<p>G\u00fcndelik ya\u015fam\u0131m\u0131zda kar\u015f\u0131la\u015ft\u0131\u011f\u0131m\u0131z olaylardan esinlenerek kaleme al\u0131nan \u201cDost\u00e7a Yaz\u0131lar\u201d eseri; ansiklopedik bilgi, hik\u00e2yeler, yazar\u0131n an\u0131lar\u0131, d\u00fc\u015f\u00fcnceleri, duru\u015fu ve vizyonu ile harmanlanarak olu\u015fturulmu\u015ftur. Denemeler, yazar\u0131n \u015fiirleri ile<span class=\"excerpt-hellip\"> [\u2026]<\/span><\/p>\n","protected":false},"featured_media":0,"template":"","meta":{"_monsterinsights_skip_tracking":false,"_monsterinsights_sitenote_active":false,"_monsterinsights_sitenote_note":"","_monsterinsights_sitenote_category":0},"product_brand":[],"product_cat":[12777,12291],"product_tag":[],"class_list":{"0":"post-763818","1":"product","2":"type-product","3":"status-publish","5":"product_cat-deneme","6":"product_cat-edebiyat","7":"pa_cilt-ciltsiz","8":"pa_tur-kitap","9":"pa_yayinevi-kmd-yayinlari","10":"pa_yazar-halil-manus","12":"first","13":"instock","14":"sale","15":"shipping-taxable","16":"purchasable","17":"product-type-simple"},"_links":{"self":[{"href":"https:\/\/roveyayinevi.com.tr\/index.php\/wp-json\/wp\/v2\/product\/763818","targetHints":{"allow":["GET"]}}],"collection":[{"href":"https:\/\/roveyayinevi.com.tr\/index.php\/wp-json\/wp\/v2\/product"}],"about":[{"href":"https:\/\/roveyayinevi.com.tr\/index.php\/wp-json\/wp\/v2\/types\/product"}],"wp:attachment":[{"href":"https:\/\/roveyayinevi.com.tr\/index.php\/wp-json\/wp\/v2\/media?parent=763818"}],"wp:term":[{"taxonomy":"product_brand","embeddable":true,"href":"https:\/\/roveyayinevi.com.tr\/index.php\/wp-json\/wp\/v2\/product_brand?post=763818"},{"taxonomy":"product_cat","embeddable":true,"href":"https:\/\/roveyayinevi.com.tr\/index.php\/wp-json\/wp\/v2\/product_cat?post=763818"},{"taxonomy":"product_tag","embeddable":true,"href":"https:\/\/roveyayinevi.com.tr\/index.php\/wp-json\/wp\/v2\/product_tag?post=763818"}],"curies":[{"name":"wp","href":"https:\/\/api.w.org\/{rel}","templated":true}]}}