{"id":763815,"date":"2025-08-28T10:52:49","date_gmt":"2025-08-28T07:52:49","guid":{"rendered":"https:\/\/roveyayinevi.com.tr\/index.php\/urun\/afacanlar-banki\/"},"modified":"2026-04-15T03:29:44","modified_gmt":"2026-04-15T00:29:44","slug":"afacanlar-banki","status":"publish","type":"product","link":"https:\/\/roveyayinevi.com.tr\/index.php\/urun\/afacanlar-banki\/","title":{"rendered":"Afacanlar Bank\u0131"},"content":{"rendered":"<p>1-D de i\u015fler pek yolunda gitmiyor. Hava berbat, \u00f6\u011fleden sonra yap\u0131lacak gezi iptal oldu ve Nurhan \u00d6\u011fretmen\u2019in ba\u015f\u0131 \u00e7atlayacak gibi a\u011fr\u0131yor. F\u0131rat ders s\u0131ras\u0131nda tuhaf bir ses \u00e7\u0131kar\u0131yor. \u201cHemen gidip banka otur!\u201d diyor Nurhan \u00d6\u011fretmen. Beren ile Yaren didi\u015fiyor. \u201cDo\u011fruca banka!\u201d Osman tuvalette \u00e7ok uzun kal\u0131yor. \u201cHaydi bakal\u0131m banka!\u201d \u00c7ok ge\u00e7meden t\u00fcm s\u0131n\u0131f kendini bankta buluyor. Peki \u015fimdi ne olacak? S\u0131n\u0131f ak\u0131llanacak m\u0131? <\/p>\n","protected":false},"excerpt":{"rendered":"<p>1-D de i\u015fler pek yolunda gitmiyor. Hava berbat, \u00f6\u011fleden sonra yap\u0131lacak gezi iptal oldu ve Nurhan \u00d6\u011fretmen\u2019in ba\u015f\u0131 \u00e7atlayacak gibi a\u011fr\u0131yor. F\u0131rat ders s\u0131ras\u0131nda tuhaf bir<span class=\"excerpt-hellip\"> [\u2026]<\/span><\/p>\n","protected":false},"featured_media":0,"template":"","meta":{"_monsterinsights_skip_tracking":false,"_monsterinsights_sitenote_active":false,"_monsterinsights_sitenote_note":"","_monsterinsights_sitenote_category":0},"product_brand":[],"product_cat":[12274,12518],"product_tag":[],"class_list":{"0":"post-763815","1":"product","2":"type-product","3":"status-publish","5":"product_cat-cocuk-ve-genclik-kitaplari","6":"product_cat-okul-oncesi-kitaplar","7":"pa_cilt-ciltsiz","8":"pa_tur-kitap","9":"pa_yayinevi-koc-universitesi-yayinlari","10":"pa_yazar-a-h-benjamin","12":"first","13":"instock","14":"sale","15":"shipping-taxable","16":"purchasable","17":"product-type-simple"},"_links":{"self":[{"href":"https:\/\/roveyayinevi.com.tr\/index.php\/wp-json\/wp\/v2\/product\/763815","targetHints":{"allow":["GET"]}}],"collection":[{"href":"https:\/\/roveyayinevi.com.tr\/index.php\/wp-json\/wp\/v2\/product"}],"about":[{"href":"https:\/\/roveyayinevi.com.tr\/index.php\/wp-json\/wp\/v2\/types\/product"}],"wp:attachment":[{"href":"https:\/\/roveyayinevi.com.tr\/index.php\/wp-json\/wp\/v2\/media?parent=763815"}],"wp:term":[{"taxonomy":"product_brand","embeddable":true,"href":"https:\/\/roveyayinevi.com.tr\/index.php\/wp-json\/wp\/v2\/product_brand?post=763815"},{"taxonomy":"product_cat","embeddable":true,"href":"https:\/\/roveyayinevi.com.tr\/index.php\/wp-json\/wp\/v2\/product_cat?post=763815"},{"taxonomy":"product_tag","embeddable":true,"href":"https:\/\/roveyayinevi.com.tr\/index.php\/wp-json\/wp\/v2\/product_tag?post=763815"}],"curies":[{"name":"wp","href":"https:\/\/api.w.org\/{rel}","templated":true}]}}