{"id":763813,"date":"2025-08-28T10:52:45","date_gmt":"2025-08-28T07:52:45","guid":{"rendered":"https:\/\/roveyayinevi.com.tr\/index.php\/urun\/iki-dilli-ingilizce-turkce-dinosaurs-dinozorlar-ingilizce-ogreniyorum\/"},"modified":"2026-04-15T03:29:44","modified_gmt":"2026-04-15T00:29:44","slug":"iki-dilli-ingilizce-turkce-dinosaurs-dinozorlar-ingilizce-ogreniyorum","status":"publish","type":"product","link":"https:\/\/roveyayinevi.com.tr\/index.php\/urun\/iki-dilli-ingilizce-turkce-dinosaurs-dinozorlar-ingilizce-ogreniyorum\/","title":{"rendered":"\u0130ki Dilli: \u0130ngilizce -T\u00fcrk\u00e7e Dinosaurs \/ Dinozorlar \u0130ngilizce \u00d6\u011freniyorum"},"content":{"rendered":"<p>Embark on an exciting search-and-find adventure with this fun book. 501 hidden items dinosaurs, creatures and much more are waiting to be found in this book packed with prehistoric pictures. Young dino fans will love this finding adventure.   Bu e\u011flenceli kitapla heyecan dolu bir arama-bulma maceras\u0131na at\u0131l. Tarih \u00d6ncesi resimlerle dolu bu kitapta 501 sakl\u0131 nesne (dinozorlar, di\u011fer canl\u0131lar ve daha neler neler\u2026) bulunmay\u0131 bekliyor. Minik dinozor hayranlar\u0131 bu arama maceras\u0131na bay\u0131lacak. <\/p>\n","protected":false},"excerpt":{"rendered":"<p>Embark on an exciting search-and-find adventure with this fun book. 501 hidden items dinosaurs, creatures and much more are waiting to be found in this book<span class=\"excerpt-hellip\"> [\u2026]<\/span><\/p>\n","protected":false},"featured_media":0,"template":"","meta":{"_monsterinsights_skip_tracking":false,"_monsterinsights_sitenote_active":false,"_monsterinsights_sitenote_note":"","_monsterinsights_sitenote_category":0},"product_brand":[],"product_cat":[12274,12518],"product_tag":[],"class_list":{"0":"post-763813","1":"product","2":"type-product","3":"status-publish","5":"product_cat-cocuk-ve-genclik-kitaplari","6":"product_cat-okul-oncesi-kitaplar","7":"pa_cilt-ciltsiz","8":"pa_tur-kitap","9":"pa_yayinevi-koc-universitesi-yayinlari","10":"pa_yazar-claire-mowat","12":"first","13":"instock","14":"sale","15":"shipping-taxable","16":"purchasable","17":"product-type-simple"},"_links":{"self":[{"href":"https:\/\/roveyayinevi.com.tr\/index.php\/wp-json\/wp\/v2\/product\/763813","targetHints":{"allow":["GET"]}}],"collection":[{"href":"https:\/\/roveyayinevi.com.tr\/index.php\/wp-json\/wp\/v2\/product"}],"about":[{"href":"https:\/\/roveyayinevi.com.tr\/index.php\/wp-json\/wp\/v2\/types\/product"}],"wp:attachment":[{"href":"https:\/\/roveyayinevi.com.tr\/index.php\/wp-json\/wp\/v2\/media?parent=763813"}],"wp:term":[{"taxonomy":"product_brand","embeddable":true,"href":"https:\/\/roveyayinevi.com.tr\/index.php\/wp-json\/wp\/v2\/product_brand?post=763813"},{"taxonomy":"product_cat","embeddable":true,"href":"https:\/\/roveyayinevi.com.tr\/index.php\/wp-json\/wp\/v2\/product_cat?post=763813"},{"taxonomy":"product_tag","embeddable":true,"href":"https:\/\/roveyayinevi.com.tr\/index.php\/wp-json\/wp\/v2\/product_tag?post=763813"}],"curies":[{"name":"wp","href":"https:\/\/api.w.org\/{rel}","templated":true}]}}