{"id":763811,"date":"2025-08-28T10:52:42","date_gmt":"2025-08-28T07:52:42","guid":{"rendered":"https:\/\/roveyayinevi.com.tr\/index.php\/urun\/muhallebimi-filler-basti\/"},"modified":"2026-04-15T03:29:44","modified_gmt":"2026-04-15T00:29:44","slug":"muhallebimi-filler-basti","status":"publish","type":"product","link":"https:\/\/roveyayinevi.com.tr\/index.php\/urun\/muhallebimi-filler-basti\/","title":{"rendered":"Muhallebimi Filler Bast\u0131!"},"content":{"rendered":"<p>Cenk ailesiyle birlikte ak\u015fam yeme\u011fi yerken aniden bir s\u00fcr\u00fc fil ortaya \u00e7\u0131k\u0131nca i\u015fler sarpa sard\u0131! Kayg\u0131lanan Cenk aile \u00fcyelerine olanlar\u0131 anlatmaya \u00e7al\u0131\u015fsa da herkes \u00e7ok me\u015fgul g\u00f6r\u00fcn\u00fcyordu. Kayg\u0131lar\u0131 giderek art\u0131nca ninesine i\u00e7ini d\u00f6kmeye karar verdi. Neyse ki ninesinin \u00f6zel yeteneklerine g\u00fcvenebilirdi. \u00c7ocuklar\u0131 \u00fcz\u00fcnt\u00fc ve kayg\u0131lar\u0131n\u0131 payla\u015fmaya te\u015fvik eden, aile i\u00e7inde g\u00fcven hissi ve etkili ileti\u015fimin \u00f6nemini vurgulayan bir \u00f6yk\u00fc&#8230; <\/p>\n","protected":false},"excerpt":{"rendered":"<p>Cenk ailesiyle birlikte ak\u015fam yeme\u011fi yerken aniden bir s\u00fcr\u00fc fil ortaya \u00e7\u0131k\u0131nca i\u015fler sarpa sard\u0131! Kayg\u0131lanan Cenk aile \u00fcyelerine olanlar\u0131 anlatmaya \u00e7al\u0131\u015fsa da herkes \u00e7ok me\u015fgul<span class=\"excerpt-hellip\"> [\u2026]<\/span><\/p>\n","protected":false},"featured_media":0,"template":"","meta":{"_monsterinsights_skip_tracking":false,"_monsterinsights_sitenote_active":false,"_monsterinsights_sitenote_note":"","_monsterinsights_sitenote_category":0},"product_brand":[],"product_cat":[12274,12518],"product_tag":[],"class_list":{"0":"post-763811","1":"product","2":"type-product","3":"status-publish","5":"product_cat-cocuk-ve-genclik-kitaplari","6":"product_cat-okul-oncesi-kitaplar","7":"pa_cilt-ciltsiz","8":"pa_tur-kitap","9":"pa_yayinevi-koc-universitesi-yayinlari","10":"pa_yazar-samuel-langley-swain","12":"first","13":"instock","14":"sale","15":"shipping-taxable","16":"purchasable","17":"product-type-simple"},"_links":{"self":[{"href":"https:\/\/roveyayinevi.com.tr\/index.php\/wp-json\/wp\/v2\/product\/763811","targetHints":{"allow":["GET"]}}],"collection":[{"href":"https:\/\/roveyayinevi.com.tr\/index.php\/wp-json\/wp\/v2\/product"}],"about":[{"href":"https:\/\/roveyayinevi.com.tr\/index.php\/wp-json\/wp\/v2\/types\/product"}],"wp:attachment":[{"href":"https:\/\/roveyayinevi.com.tr\/index.php\/wp-json\/wp\/v2\/media?parent=763811"}],"wp:term":[{"taxonomy":"product_brand","embeddable":true,"href":"https:\/\/roveyayinevi.com.tr\/index.php\/wp-json\/wp\/v2\/product_brand?post=763811"},{"taxonomy":"product_cat","embeddable":true,"href":"https:\/\/roveyayinevi.com.tr\/index.php\/wp-json\/wp\/v2\/product_cat?post=763811"},{"taxonomy":"product_tag","embeddable":true,"href":"https:\/\/roveyayinevi.com.tr\/index.php\/wp-json\/wp\/v2\/product_tag?post=763811"}],"curies":[{"name":"wp","href":"https:\/\/api.w.org\/{rel}","templated":true}]}}