{"id":763810,"date":"2025-08-28T10:52:40","date_gmt":"2025-08-28T07:52:40","guid":{"rendered":"https:\/\/roveyayinevi.com.tr\/index.php\/urun\/zurafa-bu-kitap-icin-cok-uzun\/"},"modified":"2026-04-15T03:29:44","modified_gmt":"2026-04-15T00:29:44","slug":"zurafa-bu-kitap-icin-cok-uzun","status":"publish","type":"product","link":"https:\/\/roveyayinevi.com.tr\/index.php\/urun\/zurafa-bu-kitap-icin-cok-uzun\/","title":{"rendered":"Z\u00fcrafa Bu Kitap \u0130\u00e7in \u00c7ok Uzun"},"content":{"rendered":"<p>BU K\u0130TABIN KAZANDI\u011eI \u00d6D\u00dcLLER  -2024 Notable Children\u2019s Book in the Language Arts Award &#8211; Children\u2019s Literature Assembly -2024 Best Children\u2019s Book List (Outstanding Merit) &#8211; Children\u2019s Book Committee of Bank Street College of Education -Target Book Club Book of the Month &#8211; November 2023 -Scholastic and Literati Book Fair pick   Zavall\u0131 Z\u00fcrafa bu kitap i\u00e7in \u00e7ok uzun.   &#8230; yoksa esasss sorun bu kitab\u0131n \u00e7ok k\u00fc\u00e7\u00fck olmas\u0131 m\u0131? <\/p>\n","protected":false},"excerpt":{"rendered":"<p>BU K\u0130TABIN KAZANDI\u011eI \u00d6D\u00dcLLER -2024 Notable Children\u2019s Book in the Language Arts Award &#8211; Children\u2019s Literature Assembly -2024 Best Children\u2019s Book List (Outstanding Merit) &#8211; Children\u2019s<span class=\"excerpt-hellip\"> [\u2026]<\/span><\/p>\n","protected":false},"featured_media":0,"template":"","meta":{"_monsterinsights_skip_tracking":false,"_monsterinsights_sitenote_active":false,"_monsterinsights_sitenote_note":"","_monsterinsights_sitenote_category":0},"product_brand":[],"product_cat":[12274,12518],"product_tag":[],"class_list":{"0":"post-763810","1":"product","2":"type-product","3":"status-publish","5":"product_cat-cocuk-ve-genclik-kitaplari","6":"product_cat-okul-oncesi-kitaplar","7":"pa_cilt-ciltsiz","8":"pa_tur-kitap","9":"pa_yayinevi-koc-universitesi-yayinlari","10":"pa_yazar-dk-ryland","12":"first","13":"instock","14":"sale","15":"shipping-taxable","16":"purchasable","17":"product-type-simple"},"_links":{"self":[{"href":"https:\/\/roveyayinevi.com.tr\/index.php\/wp-json\/wp\/v2\/product\/763810","targetHints":{"allow":["GET"]}}],"collection":[{"href":"https:\/\/roveyayinevi.com.tr\/index.php\/wp-json\/wp\/v2\/product"}],"about":[{"href":"https:\/\/roveyayinevi.com.tr\/index.php\/wp-json\/wp\/v2\/types\/product"}],"wp:attachment":[{"href":"https:\/\/roveyayinevi.com.tr\/index.php\/wp-json\/wp\/v2\/media?parent=763810"}],"wp:term":[{"taxonomy":"product_brand","embeddable":true,"href":"https:\/\/roveyayinevi.com.tr\/index.php\/wp-json\/wp\/v2\/product_brand?post=763810"},{"taxonomy":"product_cat","embeddable":true,"href":"https:\/\/roveyayinevi.com.tr\/index.php\/wp-json\/wp\/v2\/product_cat?post=763810"},{"taxonomy":"product_tag","embeddable":true,"href":"https:\/\/roveyayinevi.com.tr\/index.php\/wp-json\/wp\/v2\/product_tag?post=763810"}],"curies":[{"name":"wp","href":"https:\/\/api.w.org\/{rel}","templated":true}]}}