{"id":763809,"date":"2025-08-28T10:52:38","date_gmt":"2025-08-28T07:52:38","guid":{"rendered":"https:\/\/roveyayinevi.com.tr\/index.php\/urun\/my-first-english-dictionary-ilk-ingilizce-sozlugum\/"},"modified":"2026-04-15T03:29:44","modified_gmt":"2026-04-15T00:29:44","slug":"my-first-english-dictionary-ilk-ingilizce-sozlugum","status":"publish","type":"product","link":"https:\/\/roveyayinevi.com.tr\/index.php\/urun\/my-first-english-dictionary-ilk-ingilizce-sozlugum\/","title":{"rendered":"My First English Dictionary &#8211; \u0130lk \u0130ngilizce S\u00f6zl\u00fc\u011f\u00fcm"},"content":{"rendered":"<p>\u0130ngilizce \u00f6\u011frenen k\u00fc\u00e7\u00fck okurlara yard\u0131mc\u0131 olmak \u00fczere haz\u0131rlanan bu e\u011flenceli \u0130ngilizce T\u00fcrk\u00e7e resimli s\u00f6zl\u00fck, \u00e7ocu\u011funuzun ilgisini \u00e7ekecek reng\u00e2renk, ne\u015feli \u00e7izimler i\u00e7eriyor. Evcil hayvanlardan say\u0131lara, al\u0131\u015fveri\u015ften ta\u015f\u0131tlara kadar \u00e7ok \u00e7e\u015fitli temalarda g\u00fcndelik hayattan se\u00e7ilmi\u015f bu 1000 s\u00f6zc\u00fckle \u00e7ocu\u011funuz hem severek dil \u00f6\u011frenecek hem de \u00e7evresindeki d\u00fcnyay\u0131 tan\u0131yacak.<\/p>\n","protected":false},"excerpt":{"rendered":"<p>\u0130ngilizce \u00f6\u011frenen k\u00fc\u00e7\u00fck okurlara yard\u0131mc\u0131 olmak \u00fczere haz\u0131rlanan bu e\u011flenceli \u0130ngilizce T\u00fcrk\u00e7e resimli s\u00f6zl\u00fck, \u00e7ocu\u011funuzun ilgisini \u00e7ekecek reng\u00e2renk, ne\u015feli \u00e7izimler i\u00e7eriyor. Evcil hayvanlardan say\u0131lara, al\u0131\u015fveri\u015ften ta\u015f\u0131tlara<span class=\"excerpt-hellip\"> [\u2026]<\/span><\/p>\n","protected":false},"featured_media":0,"template":"","meta":{"_monsterinsights_skip_tracking":false,"_monsterinsights_sitenote_active":false,"_monsterinsights_sitenote_note":"","_monsterinsights_sitenote_category":0},"product_brand":[],"product_cat":[12274,12518],"product_tag":[],"class_list":{"0":"post-763809","1":"product","2":"type-product","3":"status-publish","5":"product_cat-cocuk-ve-genclik-kitaplari","6":"product_cat-okul-oncesi-kitaplar","7":"pa_cilt-ciltsiz","8":"pa_tur-kitap","9":"pa_yayinevi-koc-universitesi-yayinlari","10":"pa_yazar-katie-taylor","12":"first","13":"instock","14":"sale","15":"shipping-taxable","16":"purchasable","17":"product-type-simple"},"_links":{"self":[{"href":"https:\/\/roveyayinevi.com.tr\/index.php\/wp-json\/wp\/v2\/product\/763809","targetHints":{"allow":["GET"]}}],"collection":[{"href":"https:\/\/roveyayinevi.com.tr\/index.php\/wp-json\/wp\/v2\/product"}],"about":[{"href":"https:\/\/roveyayinevi.com.tr\/index.php\/wp-json\/wp\/v2\/types\/product"}],"wp:attachment":[{"href":"https:\/\/roveyayinevi.com.tr\/index.php\/wp-json\/wp\/v2\/media?parent=763809"}],"wp:term":[{"taxonomy":"product_brand","embeddable":true,"href":"https:\/\/roveyayinevi.com.tr\/index.php\/wp-json\/wp\/v2\/product_brand?post=763809"},{"taxonomy":"product_cat","embeddable":true,"href":"https:\/\/roveyayinevi.com.tr\/index.php\/wp-json\/wp\/v2\/product_cat?post=763809"},{"taxonomy":"product_tag","embeddable":true,"href":"https:\/\/roveyayinevi.com.tr\/index.php\/wp-json\/wp\/v2\/product_tag?post=763809"}],"curies":[{"name":"wp","href":"https:\/\/api.w.org\/{rel}","templated":true}]}}