{"id":763807,"date":"2025-08-28T10:52:35","date_gmt":"2025-08-28T07:52:35","guid":{"rendered":"https:\/\/roveyayinevi.com.tr\/index.php\/urun\/gezgin-gunce-britanya-defterleri-2008\/"},"modified":"2026-04-15T03:29:44","modified_gmt":"2026-04-15T00:29:44","slug":"gezgin-gunce-britanya-defterleri-2008","status":"publish","type":"product","link":"https:\/\/roveyayinevi.com.tr\/index.php\/urun\/gezgin-gunce-britanya-defterleri-2008\/","title":{"rendered":"Gezgin G\u00fcnce &#8211; Britanya Defterleri, 2008"},"content":{"rendered":"<p>Gezgin G\u00fcnce, Ali Teoman\u2019\u0131n 2008 yaz\u0131nda e\u015fi ve arkada\u015flar\u0131yla birlikte gitti\u011fi Edinburgh ve Londra seyahatinin izlenimleri ve g\u00f6zlemlerinden olu\u015fuyor. Ancak, bir gezginin de\u011fil, bir yazar\u0131n g\u00fcncesi bu. Yazar, sadece g\u00f6rd\u00fcklerini de\u011fil, okuduklar\u0131n\u0131, dinlediklerini, d\u00fc\u015f\u00fcn\u00fcp hissettiklerini de kaydediyor. Kitab\u0131n penceresinden bak\u0131ld\u0131\u011f\u0131nda bir t\u00fcr i\u00e7 yolculu\u011fun kilometre ta\u015flar\u0131 bir g\u00f6r\u00fcn\u00fcp bir kayboluyor. Londra\u2019n\u0131n bir zamanlar en \u00e7ok gezdi\u011fim sokaklar\u0131nda y\u00fcr\u00fcd\u00fcm buraya gelirken. Metroyla Oxford Circus\u2019a geldim, oradan Tottenham Court Road\u2019a, oradan da Leicester Square\u2019e y\u00fcr\u00fcd\u00fcm. Sonra da Garret Street yoluyla buraya, Covent Garden\u2019a geldim. Oturmadan \u00f6nce, binan\u0131n i\u00e7ini d\u0131\u015f\u0131n\u0131 tavaf ettim iyice. Anl\u0131k fla\u015f patlamalar\u0131 gibi kimi g\u00f6r\u00fcnt\u00fcler geliyor g\u00f6zlerimin \u00f6n\u00fcne. Ka\u00e7 y\u0131l \u00f6nceydi? On sekiz y\u0131l m\u0131, on dokuz mu yoksa? Baz\u0131 \u015feyleri hi\u00e7 an\u0131msayam\u0131yorum ama ve \u015fa\u015fk\u0131nl\u0131\u011fa d\u00fc\u015f\u00fcyorum. Ben mi ya\u015fam\u0131\u015f\u0131m buralarda? Bu sokaklarda ben mi y\u00fcr\u00fcm\u00fc\u015f\u00fcm? Nas\u0131l yapm\u0131\u015f\u0131m? Nas\u0131l \u00f6\u011frenmi\u015fim? Nas\u0131l al\u0131\u015fm\u0131\u015f\u0131m b\u00fct\u00fcn bunlara? Sokaklarda y\u00fcr\u00fcrken anl\u0131yorum ki, \u00e2deta bir k\u00f6stebek yuvas\u0131na \u00e7evirmi\u015fim buralar\u0131, delik de\u015fik etmi\u015fim. Ama nas\u0131l? Nas\u0131l. O ki\u015fi kim? Ben miyim? O g\u00fcnlerden bu g\u00fcnlere nas\u0131l geldim? Nas\u0131l de\u011fi\u015ftim? Ben asl\u0131nda kimim? O g\u00fcnk\u00fc ben mi, bug\u00fcnk\u00fc ben mi, hi\u00e7biri mi yoksa \u2013 \u00e7\u00fcnk\u00fc yar\u0131n bamba\u015fka bir \u201cben\u201d \u00e7\u0131kacak ortaya, d\u00fcnk\u00fc ve bug\u00fcnk\u00fc \u2018ben\u2019i \u015fa\u015fk\u0131nl\u0131kla izleyecek. <\/p>\n","protected":false},"excerpt":{"rendered":"<p>Gezgin G\u00fcnce, Ali Teoman\u2019\u0131n 2008 yaz\u0131nda e\u015fi ve arkada\u015flar\u0131yla birlikte gitti\u011fi Edinburgh ve Londra seyahatinin izlenimleri ve g\u00f6zlemlerinden olu\u015fuyor. Ancak, bir gezginin de\u011fil, bir yazar\u0131n g\u00fcncesi<span class=\"excerpt-hellip\"> [\u2026]<\/span><\/p>\n","protected":false},"featured_media":0,"template":"","meta":{"_monsterinsights_skip_tracking":false,"_monsterinsights_sitenote_active":false,"_monsterinsights_sitenote_note":"","_monsterinsights_sitenote_category":0},"product_brand":[],"product_cat":[18545,12291],"product_tag":[],"class_list":{"0":"post-763807","1":"product","2":"type-product","3":"status-publish","5":"product_cat-anlati","6":"product_cat-edebiyat","7":"pa_cilt-ciltsiz","8":"pa_tur-kitap","9":"pa_yayinevi-yapi-kredi-yayinlari","10":"pa_yazar-ali-teoman","12":"first","13":"instock","14":"sale","15":"shipping-taxable","16":"purchasable","17":"product-type-simple"},"_links":{"self":[{"href":"https:\/\/roveyayinevi.com.tr\/index.php\/wp-json\/wp\/v2\/product\/763807","targetHints":{"allow":["GET"]}}],"collection":[{"href":"https:\/\/roveyayinevi.com.tr\/index.php\/wp-json\/wp\/v2\/product"}],"about":[{"href":"https:\/\/roveyayinevi.com.tr\/index.php\/wp-json\/wp\/v2\/types\/product"}],"wp:attachment":[{"href":"https:\/\/roveyayinevi.com.tr\/index.php\/wp-json\/wp\/v2\/media?parent=763807"}],"wp:term":[{"taxonomy":"product_brand","embeddable":true,"href":"https:\/\/roveyayinevi.com.tr\/index.php\/wp-json\/wp\/v2\/product_brand?post=763807"},{"taxonomy":"product_cat","embeddable":true,"href":"https:\/\/roveyayinevi.com.tr\/index.php\/wp-json\/wp\/v2\/product_cat?post=763807"},{"taxonomy":"product_tag","embeddable":true,"href":"https:\/\/roveyayinevi.com.tr\/index.php\/wp-json\/wp\/v2\/product_tag?post=763807"}],"curies":[{"name":"wp","href":"https:\/\/api.w.org\/{rel}","templated":true}]}}