{"id":763806,"date":"2025-08-28T10:52:33","date_gmt":"2025-08-28T07:52:33","guid":{"rendered":"https:\/\/roveyayinevi.com.tr\/index.php\/urun\/butun-hikayeleri-mahmut-yesari-delta\/"},"modified":"2026-04-15T03:29:44","modified_gmt":"2026-04-15T00:29:44","slug":"butun-hikayeleri-mahmut-yesari-delta","status":"publish","type":"product","link":"https:\/\/roveyayinevi.com.tr\/index.php\/urun\/butun-hikayeleri-mahmut-yesari-delta\/","title":{"rendered":"B\u00fct\u00fcn Hikayeleri \u2013 Mahmut Yesari (Delta)"},"content":{"rendered":"<p>Mahmut Yesari\u2019nin b\u00fct\u00fcn hik\u00e2yeleri Delta Dizisi\u2019nde!   Mahmut Yesari\u2019nin, sanat ve edebiyat d\u00fcnyas\u0131na ad\u0131m att\u0131\u011f\u0131nda, \u201cya\u015fad\u0131\u011f\u0131 \u00e2n\u0131 gelecek nesillere g\u00f6sterebilmek\u201d gibi \u00f6nemli bir hayali vard\u0131. Bu hayalini ger\u00e7ekle\u015ftirmek i\u00e7in, \u015fiir d\u0131\u015f\u0131nda b\u00fct\u00fcn t\u00fcrleri denedi. Gazeteci cesareti ve merakl\u0131l\u0131\u011f\u0131yla kaleme ald\u0131\u011f\u0131 yaz\u0131lar\u0131n\u0131, sanat\u00e7\u0131 \u00f6zeniyle tamamlad\u0131. Edebiyat\u0131n ger\u00e7ek hayata s\u0131k\u0131 s\u0131k\u0131ya ba\u011fl\u0131 olmas\u0131 gerekti\u011fini d\u00fc\u015f\u00fcnen yazar; kalemini \u015fehrin i\u00e7inde, halk\u0131n aras\u0131nda tuttu. \u00d6l\u00fcm\u00fcnden yakla\u015f\u0131k seksen y\u0131l sonra bug\u00fcn, Yesari\u2019nin zaman\u0131n\u0131 a\u015fan yazarlardan biri oldu\u011funu s\u00f6ylemek m\u00fcmk\u00fcn. Delta dizisinde bir araya gelen ve i\u00e7inde dilimizi, k\u00fclt\u00fcr\u00fcm\u00fcz\u00fc, inan\u00e7lar\u0131m\u0131z\u0131, hayata bak\u0131\u015f\u0131m\u0131z\u0131, gelecekten beklentilerimizi bar\u0131nd\u0131ran bu hik\u00e2yeler, toplumsal haf\u0131zam\u0131zda biriken, unutulmaya y\u00fcz tutmu\u015f hat\u0131ralar\u0131m\u0131z\u0131 canland\u0131r\u0131yor.<\/p>\n","protected":false},"excerpt":{"rendered":"<p>Mahmut Yesari\u2019nin b\u00fct\u00fcn hik\u00e2yeleri Delta Dizisi\u2019nde! Mahmut Yesari\u2019nin, sanat ve edebiyat d\u00fcnyas\u0131na ad\u0131m att\u0131\u011f\u0131nda, \u201cya\u015fad\u0131\u011f\u0131 \u00e2n\u0131 gelecek nesillere g\u00f6sterebilmek\u201d gibi \u00f6nemli bir hayali vard\u0131. Bu hayalini<span class=\"excerpt-hellip\"> [\u2026]<\/span><\/p>\n","protected":false},"featured_media":0,"template":"","meta":{"_monsterinsights_skip_tracking":false,"_monsterinsights_sitenote_active":false,"_monsterinsights_sitenote_note":"","_monsterinsights_sitenote_category":0},"product_brand":[],"product_cat":[12291,18202],"product_tag":[],"class_list":{"0":"post-763806","1":"product","2":"type-product","3":"status-publish","5":"product_cat-edebiyat","6":"product_cat-hikaye","7":"pa_cilt-ciltsiz","8":"pa_tur-kitap","9":"pa_yayinevi-yapi-kredi-yayinlari","10":"pa_yazar-mahmut-yesari","12":"first","13":"instock","14":"sale","15":"shipping-taxable","16":"purchasable","17":"product-type-simple"},"_links":{"self":[{"href":"https:\/\/roveyayinevi.com.tr\/index.php\/wp-json\/wp\/v2\/product\/763806","targetHints":{"allow":["GET"]}}],"collection":[{"href":"https:\/\/roveyayinevi.com.tr\/index.php\/wp-json\/wp\/v2\/product"}],"about":[{"href":"https:\/\/roveyayinevi.com.tr\/index.php\/wp-json\/wp\/v2\/types\/product"}],"wp:attachment":[{"href":"https:\/\/roveyayinevi.com.tr\/index.php\/wp-json\/wp\/v2\/media?parent=763806"}],"wp:term":[{"taxonomy":"product_brand","embeddable":true,"href":"https:\/\/roveyayinevi.com.tr\/index.php\/wp-json\/wp\/v2\/product_brand?post=763806"},{"taxonomy":"product_cat","embeddable":true,"href":"https:\/\/roveyayinevi.com.tr\/index.php\/wp-json\/wp\/v2\/product_cat?post=763806"},{"taxonomy":"product_tag","embeddable":true,"href":"https:\/\/roveyayinevi.com.tr\/index.php\/wp-json\/wp\/v2\/product_tag?post=763806"}],"curies":[{"name":"wp","href":"https:\/\/api.w.org\/{rel}","templated":true}]}}