{"id":763804,"date":"2025-08-28T10:52:28","date_gmt":"2025-08-28T07:52:28","guid":{"rendered":"https:\/\/roveyayinevi.com.tr\/index.php\/urun\/kacak-yazarlar\/"},"modified":"2026-04-15T03:29:44","modified_gmt":"2026-04-15T00:29:44","slug":"kacak-yazarlar","status":"publish","type":"product","link":"https:\/\/roveyayinevi.com.tr\/index.php\/urun\/kacak-yazarlar\/","title":{"rendered":"Ka\u00e7ak Yazarlar"},"content":{"rendered":"<p>K\u00fcr\u015fad O\u011fuz d\u00fcnya edebiyat\u0131 tarihinde zorlu bir yolculu\u011fa \u00e7\u0131k\u0131yor ve kendi sonunu kurgulayan, haz\u0131rlayan yazarlar\u0131 anlat\u0131yor. Ka\u00e7ak Yazarlar\u2019da eserleri ya\u015famlar\u0131 de\u011fil, sonlar\u0131 olmu\u015f yazarlar\u0131n ya\u015fam\u00f6yk\u00fclerini okuyacaks\u0131n\u0131z. Bu d\u00fcnyadan gitmek i\u00e7in yazman\u0131n da bir yol olabilece\u011finin kan\u0131t\u0131 yirmi iki portre. J.D. Salinger\u2019dan Patricia Highsmith\u2019e, Ernest Hemingway\u2019den Boris Vian\u2019a, Colette\u2019ten Iris Murdoch\u2019a, Stefan Zweig\u2019dan Jorge Luis Borges\u2019e, Mark Twain\u2019den Jack London\u2019a\u2026 Yokolu\u015fun da bir varolu\u015f bi\u00e7imi oldu\u011funu g\u00f6steren nice efsanevi yazar\u2026 <\/p>\n","protected":false},"excerpt":{"rendered":"<p>K\u00fcr\u015fad O\u011fuz d\u00fcnya edebiyat\u0131 tarihinde zorlu bir yolculu\u011fa \u00e7\u0131k\u0131yor ve kendi sonunu kurgulayan, haz\u0131rlayan yazarlar\u0131 anlat\u0131yor. Ka\u00e7ak Yazarlar\u2019da eserleri ya\u015famlar\u0131 de\u011fil, sonlar\u0131 olmu\u015f yazarlar\u0131n ya\u015fam\u00f6yk\u00fclerini okuyacaks\u0131n\u0131z.<span class=\"excerpt-hellip\"> [\u2026]<\/span><\/p>\n","protected":false},"featured_media":0,"template":"","meta":{"_monsterinsights_skip_tracking":false,"_monsterinsights_sitenote_active":false,"_monsterinsights_sitenote_note":"","_monsterinsights_sitenote_category":0},"product_brand":[],"product_cat":[12777,12291],"product_tag":[],"class_list":{"0":"post-763804","1":"product","2":"type-product","3":"status-publish","5":"product_cat-deneme","6":"product_cat-edebiyat","7":"pa_cilt-ciltsiz","8":"pa_tur-kitap","9":"pa_yayinevi-kirmizi-kedi-yayinevi","10":"pa_yazar-kursad-oguz","12":"first","13":"instock","14":"sale","15":"shipping-taxable","16":"purchasable","17":"product-type-simple"},"_links":{"self":[{"href":"https:\/\/roveyayinevi.com.tr\/index.php\/wp-json\/wp\/v2\/product\/763804","targetHints":{"allow":["GET"]}}],"collection":[{"href":"https:\/\/roveyayinevi.com.tr\/index.php\/wp-json\/wp\/v2\/product"}],"about":[{"href":"https:\/\/roveyayinevi.com.tr\/index.php\/wp-json\/wp\/v2\/types\/product"}],"wp:attachment":[{"href":"https:\/\/roveyayinevi.com.tr\/index.php\/wp-json\/wp\/v2\/media?parent=763804"}],"wp:term":[{"taxonomy":"product_brand","embeddable":true,"href":"https:\/\/roveyayinevi.com.tr\/index.php\/wp-json\/wp\/v2\/product_brand?post=763804"},{"taxonomy":"product_cat","embeddable":true,"href":"https:\/\/roveyayinevi.com.tr\/index.php\/wp-json\/wp\/v2\/product_cat?post=763804"},{"taxonomy":"product_tag","embeddable":true,"href":"https:\/\/roveyayinevi.com.tr\/index.php\/wp-json\/wp\/v2\/product_tag?post=763804"}],"curies":[{"name":"wp","href":"https:\/\/api.w.org\/{rel}","templated":true}]}}