{"id":763802,"date":"2025-08-28T10:52:24","date_gmt":"2025-08-28T07:52:24","guid":{"rendered":"https:\/\/roveyayinevi.com.tr\/index.php\/urun\/sanatin-mitolojisi\/"},"modified":"2026-04-15T03:29:43","modified_gmt":"2026-04-15T00:29:43","slug":"sanatin-mitolojisi","status":"publish","type":"product","link":"https:\/\/roveyayinevi.com.tr\/index.php\/urun\/sanatin-mitolojisi\/","title":{"rendered":"Sanat\u0131n Mitolojisi"},"content":{"rendered":"<p>Mitoslar antik\u00e7a\u011f insanlar\u0131n\u0131n psikolojilerini, kimlik kayg\u0131lar\u0131n\u0131, d\u00fcnya tasavvurlar\u0131n\u0131 ve di\u011fer bir\u00e7ok \u015feyle birlikte elbette inan\u00e7lar\u0131n\u0131 i\u00e7erirler. Onlar insan\u0131n i\u00e7inde bulundu\u011fu d\u00fcnyan\u0131n \u00f6tesinde farkl\u0131 d\u00fcnyalar\u0131n ve sonsuz ya\u015fam\u0131n varl\u0131\u011f\u0131na kap\u0131 a\u00e7an kutsal s\u00f6zlerdir. Sanat ise dilde \u015fekillenen bu farazi d\u00fcnyan\u0131n t\u00fcm fig\u00fcrleriyle birlikte bedenlenmesine duyulan psikolojik bir ihtiya\u00e7tan kaynaklan\u0131r; g\u00f6r\u00fcnmeyenin, g\u00f6r\u00fcn\u00fcr olmak isteyenin, g\u00f6rmek isteyen g\u00f6z i\u00e7in somutla\u015fmas\u0131d\u0131r. Her ikisi de ya\u015fan\u0131lan ile d\u00fc\u015flenen ya\u015fam\u0131n \u00f6rt\u00fc\u015fmemesinden ortaya \u00e7\u0131kar. Bu kitapta kimi zaman sanattan hareketle mitosa, kimi zaman ise mitostan hareketle sanata yolculuk yapaca\u011f\u0131z. Bazen bir resme nas\u0131l anlam y\u00fcklendi\u011fine, bazen de bir anlam\u0131n nas\u0131l resimlenebilece\u011fine tan\u0131kl\u0131k edece\u011fiz.<\/p>\n","protected":false},"excerpt":{"rendered":"<p>Mitoslar antik\u00e7a\u011f insanlar\u0131n\u0131n psikolojilerini, kimlik kayg\u0131lar\u0131n\u0131, d\u00fcnya tasavvurlar\u0131n\u0131 ve di\u011fer bir\u00e7ok \u015feyle birlikte elbette inan\u00e7lar\u0131n\u0131 i\u00e7erirler. Onlar insan\u0131n i\u00e7inde bulundu\u011fu d\u00fcnyan\u0131n \u00f6tesinde farkl\u0131 d\u00fcnyalar\u0131n ve sonsuz<span class=\"excerpt-hellip\"> [\u2026]<\/span><\/p>\n","protected":false},"featured_media":0,"template":"","meta":{"_monsterinsights_skip_tracking":false,"_monsterinsights_sitenote_active":false,"_monsterinsights_sitenote_note":"","_monsterinsights_sitenote_category":0},"product_brand":[],"product_cat":[13005],"product_tag":[],"class_list":{"0":"post-763802","1":"product","2":"type-product","3":"status-publish","5":"product_cat-bilim-muhendislik","6":"pa_cilt-ciltsiz","7":"pa_tur-kitap","8":"pa_yayinevi-pinhan-yayincilik","9":"pa_yazar-ismail-gezgin","11":"first","12":"instock","13":"sale","14":"shipping-taxable","15":"purchasable","16":"product-type-simple"},"_links":{"self":[{"href":"https:\/\/roveyayinevi.com.tr\/index.php\/wp-json\/wp\/v2\/product\/763802","targetHints":{"allow":["GET"]}}],"collection":[{"href":"https:\/\/roveyayinevi.com.tr\/index.php\/wp-json\/wp\/v2\/product"}],"about":[{"href":"https:\/\/roveyayinevi.com.tr\/index.php\/wp-json\/wp\/v2\/types\/product"}],"wp:attachment":[{"href":"https:\/\/roveyayinevi.com.tr\/index.php\/wp-json\/wp\/v2\/media?parent=763802"}],"wp:term":[{"taxonomy":"product_brand","embeddable":true,"href":"https:\/\/roveyayinevi.com.tr\/index.php\/wp-json\/wp\/v2\/product_brand?post=763802"},{"taxonomy":"product_cat","embeddable":true,"href":"https:\/\/roveyayinevi.com.tr\/index.php\/wp-json\/wp\/v2\/product_cat?post=763802"},{"taxonomy":"product_tag","embeddable":true,"href":"https:\/\/roveyayinevi.com.tr\/index.php\/wp-json\/wp\/v2\/product_tag?post=763802"}],"curies":[{"name":"wp","href":"https:\/\/api.w.org\/{rel}","templated":true}]}}