{"id":763797,"date":"2025-08-28T10:52:15","date_gmt":"2025-08-28T07:52:15","guid":{"rendered":"https:\/\/roveyayinevi.com.tr\/index.php\/urun\/dua-ile-iyilesme-1-islami-ve-bilimsel-perspektifler-isiginda-dua\/"},"modified":"2026-04-15T03:29:43","modified_gmt":"2026-04-15T00:29:43","slug":"dua-ile-iyilesme-1-islami-ve-bilimsel-perspektifler-isiginda-dua","status":"publish","type":"product","link":"https:\/\/roveyayinevi.com.tr\/index.php\/urun\/dua-ile-iyilesme-1-islami-ve-bilimsel-perspektifler-isiginda-dua\/","title":{"rendered":"Dua \u0130le \u0130yile\u015fme 1 &#8211; \u0130slami ve Bilimsel Perspektifler I\u015f\u0131\u011f\u0131nda Dua"},"content":{"rendered":"<p>G\u00fcn\u00fcm\u00fczde maalesef, M\u00fcsl\u00fcmanlar da dahil, insanl\u0131\u011f\u0131n ya\u015fam\u0131\u015f oldu\u011fu buhranlar, s\u0131k\u0131nt\u0131lar, kafas\u0131ndaki \u015f\u00fcpheler ve inan\u00e7 bo\u015flu\u011fu sebebiyle bir\u00e7ok ki\u015fi kalabal\u0131klar i\u00e7inde kendisini yaln\u0131z hissetmektedir. Rotas\u0131n\u0131 yitirmi\u015f, pusulas\u0131 bozulmu\u015f ve hangi y\u00f6ne gidece\u011fini bilemez durumdad\u0131r. Buldum sand\u0131\u011f\u0131 anda, kendisini \u015fifa ak\u0131mlar\u0131 i\u00e7erisinde bat\u0131la saplanm\u0131\u015f bulmaktad\u0131r. Tam bu noktada, insan\u0131 yoktan var eden ve onun derdinin ne oldu\u011funu en iyi bilen Allah (cc), \u00e7\u00f6z\u00fcm olarak bizlere ve insanl\u0131\u011fa Kur&#8217;an ve Fahri K\u00e2inat Efendimiz (sav) ile rehberlik sunmaktad\u0131r. Bu kaynaklardan hareketle, M\u00fcsl\u00fcman\u0131n ya\u015fad\u0131\u011f\u0131 huzursuzluk, aray\u0131\u015f, buhran, s\u0131k\u0131nt\u0131, \u00e7\u0131kmazlar, psikolojik rahats\u0131zl\u0131klar, ailevi ve ki\u015fisel sorunlara dair daha etkili ve kaliteli bir ya\u015fam ile \u00e7\u00f6z\u00fcmler sunan Kur&#8217;an, S\u00fcnnet ve bilimsel t\u0131p eksenli iyile\u015fme ve \u015fifalanma \u00f6rnekleri bulaca\u011f\u0131n\u0131z bir kitap, elinizdeki \u00e7al\u0131\u015fmad\u0131r. \u201cHastaland\u0131\u011f\u0131mda bana \u015fifa veren\/iyile\u015ftiren O&#8217;dur.\u201d (\u015euara Suresi, 80) Sayg\u0131lar\u0131mla&#8230; <\/p>\n","protected":false},"excerpt":{"rendered":"<p>G\u00fcn\u00fcm\u00fczde maalesef, M\u00fcsl\u00fcmanlar da dahil, insanl\u0131\u011f\u0131n ya\u015fam\u0131\u015f oldu\u011fu buhranlar, s\u0131k\u0131nt\u0131lar, kafas\u0131ndaki \u015f\u00fcpheler ve inan\u00e7 bo\u015flu\u011fu sebebiyle bir\u00e7ok ki\u015fi kalabal\u0131klar i\u00e7inde kendisini yaln\u0131z hissetmektedir. Rotas\u0131n\u0131 yitirmi\u015f, pusulas\u0131<span class=\"excerpt-hellip\"> [\u2026]<\/span><\/p>\n","protected":false},"featured_media":0,"template":"","meta":{"_monsterinsights_skip_tracking":false,"_monsterinsights_sitenote_active":false,"_monsterinsights_sitenote_note":"","_monsterinsights_sitenote_category":0},"product_brand":[],"product_cat":[12357],"product_tag":[],"class_list":{"0":"post-763797","1":"product","2":"type-product","3":"status-publish","5":"product_cat-psikoloji","6":"pa_cilt-ciltsiz","7":"pa_tur-kitap","8":"pa_yayinevi-gulnar-yayinlari","9":"pa_yazar-hasan-yozgat","11":"first","12":"instock","13":"sale","14":"shipping-taxable","15":"purchasable","16":"product-type-simple"},"_links":{"self":[{"href":"https:\/\/roveyayinevi.com.tr\/index.php\/wp-json\/wp\/v2\/product\/763797","targetHints":{"allow":["GET"]}}],"collection":[{"href":"https:\/\/roveyayinevi.com.tr\/index.php\/wp-json\/wp\/v2\/product"}],"about":[{"href":"https:\/\/roveyayinevi.com.tr\/index.php\/wp-json\/wp\/v2\/types\/product"}],"wp:attachment":[{"href":"https:\/\/roveyayinevi.com.tr\/index.php\/wp-json\/wp\/v2\/media?parent=763797"}],"wp:term":[{"taxonomy":"product_brand","embeddable":true,"href":"https:\/\/roveyayinevi.com.tr\/index.php\/wp-json\/wp\/v2\/product_brand?post=763797"},{"taxonomy":"product_cat","embeddable":true,"href":"https:\/\/roveyayinevi.com.tr\/index.php\/wp-json\/wp\/v2\/product_cat?post=763797"},{"taxonomy":"product_tag","embeddable":true,"href":"https:\/\/roveyayinevi.com.tr\/index.php\/wp-json\/wp\/v2\/product_tag?post=763797"}],"curies":[{"name":"wp","href":"https:\/\/api.w.org\/{rel}","templated":true}]}}