{"id":763796,"date":"2025-08-28T10:52:13","date_gmt":"2025-08-28T07:52:13","guid":{"rendered":"https:\/\/roveyayinevi.com.tr\/index.php\/urun\/dilsiz-kaval\/"},"modified":"2025-08-31T20:46:41","modified_gmt":"2025-08-31T17:46:41","slug":"dilsiz-kaval","status":"publish","type":"product","link":"https:\/\/roveyayinevi.com.tr\/index.php\/urun\/dilsiz-kaval\/","title":{"rendered":"Dilsiz Kaval"},"content":{"rendered":"<p>D\u0130LS\u0130Z KAVAL De\u011fne\u011fine dayanm\u0131\u015f \u00e7oban\u0131m, durmaya \u00e7al\u0131\u015f\u0131r ayakta, K\u0131s\u0131k ve ya\u015f dolu kara g\u00f6zleri umutla bakar k\u0131z\u0131l ufu\u011fa. Sak\u0131n sessiz kal\u0131p susma, \u00e7al sen ey dilsiz kaval\u0131m hadi, M\u0131sralar\u0131 ol g\u00fcftelerinle, \u00e7oban\u0131m\u0131n yaz\u0131lmam\u0131\u015f destan\u0131na.   S\u0131rt\u0131nda eski-p\u00fcsk\u00fc kepene\u011fi, aya\u011f\u0131nda y\u0131rt\u0131k sandaleti, S\u00fcr\u00fcs\u00fcn\u00fc g\u00fctmek, \u00f6ks\u00fcz \u00e7oban\u0131m\u0131n hayattaki tek derdi. Sak\u0131n hor g\u00f6rme, k\u00fc\u00e7\u00fcmseme, \u00e7al ey dilsiz kaval\u0131m hadi, \u00c7oban\u0131m\u0131n o s\u0131ms\u0131cak nefesinden, musikilerin en g\u00fczelini.   Dost arar \u0131ss\u0131z da\u011flarda, muhabbet ister sessiz gecelerde, \u00c7oban\u0131m\u0131n derdi bitmez, uykusuz kal\u0131r seher vakitlerine. Sak\u0131n yaln\u0131z b\u0131rakma onu, \u00e7al sen ey dilsiz kaval\u0131m hadi, Namelerinle al g\u00f6t\u00fcr \u00e7oban\u0131m\u0131, sohbetlerin en g\u00fczeline.   So\u011fuktur \u0131ss\u0131z da\u011flarda, gecenin sessiz ve karanl\u0131k y\u00fcz\u00fc. S\u0131\u011f\u0131na\u011f\u0131 olur \u00e7oban\u0131m\u0131n kepene\u011fi, \u0131s\u0131t\u0131r i\u00e7ini ate\u015finin k\u00fcl\u00fc. Sak\u0131n bo\u015f b\u0131rakma aman, \u00e7al sen ey dilsiz kaval\u0131m hadi, Gariptir, yaln\u0131zd\u0131r o, ho\u015f tut aman \u00e7oban\u0131m\u0131n g\u00f6nl\u00fcn\u00fc   \u00c7al ey dilsiz kaval\u0131m ki bilsin \u00e2lem, \u00e7oban\u0131m, ne h\u00e2ldeyim? Sazlar\u0131n pirisin, a\u011fac\u0131n efesi, \u00e7oban\u0131n nefesindensin bilirim! Sak\u0131n ola diline yalan\u0131 dolama, h\u00e2limi dosdo\u011fru anlatas\u0131n, \u015eim\u015fir a\u011fac\u0131 ile nefesim, sonra senden hesap sormayas\u0131n.   Prof. Dr. Nurullah Okumu\u015f 21.03.2024, Afyonkarahisar <\/p>\n","protected":false},"excerpt":{"rendered":"<p>D\u0130LS\u0130Z KAVAL De\u011fne\u011fine dayanm\u0131\u015f \u00e7oban\u0131m, durmaya \u00e7al\u0131\u015f\u0131r ayakta, K\u0131s\u0131k ve ya\u015f dolu kara g\u00f6zleri umutla bakar k\u0131z\u0131l ufu\u011fa. Sak\u0131n sessiz kal\u0131p susma, \u00e7al sen ey dilsiz<span class=\"excerpt-hellip\"> [\u2026]<\/span><\/p>\n","protected":false},"featured_media":0,"template":"","meta":{"_monsterinsights_skip_tracking":false,"_monsterinsights_sitenote_active":false,"_monsterinsights_sitenote_note":"","_monsterinsights_sitenote_category":0},"product_brand":[],"product_cat":[12291,12509],"product_tag":[],"class_list":{"0":"post-763796","1":"product","2":"type-product","3":"status-publish","5":"product_cat-edebiyat","6":"product_cat-siir","7":"pa_cilt-ciltsiz","8":"pa_tur-kitap","9":"pa_yayinevi-gulnar-yayinlari","10":"pa_yazar-nurullah-okumus","12":"first","13":"instock","14":"sale","15":"shipping-taxable","16":"purchasable","17":"product-type-simple"},"_links":{"self":[{"href":"https:\/\/roveyayinevi.com.tr\/index.php\/wp-json\/wp\/v2\/product\/763796","targetHints":{"allow":["GET"]}}],"collection":[{"href":"https:\/\/roveyayinevi.com.tr\/index.php\/wp-json\/wp\/v2\/product"}],"about":[{"href":"https:\/\/roveyayinevi.com.tr\/index.php\/wp-json\/wp\/v2\/types\/product"}],"wp:attachment":[{"href":"https:\/\/roveyayinevi.com.tr\/index.php\/wp-json\/wp\/v2\/media?parent=763796"}],"wp:term":[{"taxonomy":"product_brand","embeddable":true,"href":"https:\/\/roveyayinevi.com.tr\/index.php\/wp-json\/wp\/v2\/product_brand?post=763796"},{"taxonomy":"product_cat","embeddable":true,"href":"https:\/\/roveyayinevi.com.tr\/index.php\/wp-json\/wp\/v2\/product_cat?post=763796"},{"taxonomy":"product_tag","embeddable":true,"href":"https:\/\/roveyayinevi.com.tr\/index.php\/wp-json\/wp\/v2\/product_tag?post=763796"}],"curies":[{"name":"wp","href":"https:\/\/api.w.org\/{rel}","templated":true}]}}