{"id":763795,"date":"2025-08-28T10:52:12","date_gmt":"2025-08-28T07:52:12","guid":{"rendered":"https:\/\/roveyayinevi.com.tr\/index.php\/urun\/aslinda-imkansiz-yoktur\/"},"modified":"2026-04-15T03:29:43","modified_gmt":"2026-04-15T00:29:43","slug":"aslinda-imkansiz-yoktur","status":"publish","type":"product","link":"https:\/\/roveyayinevi.com.tr\/index.php\/urun\/aslinda-imkansiz-yoktur\/","title":{"rendered":"Asl\u0131nda \u0130mkans\u0131z Yoktur"},"content":{"rendered":"<p>Kendi DNA\u2019n\u0131z\u0131, evlad\u0131n\u0131z\u0131n, annenizin, benzer genlere sahip akrabalar\u0131n\u0131z\u0131n ve partnerinizin DNA\u2019s\u0131n\u0131 etkin bir \u015fekilde programlayabilir, bu d\u00fcnyada kendinize ve sevdiklerinize bir cennet bah\u015fedebilirsiniz! Tanr\u0131\u00e7a Kad\u0131nlar Okulu\u2019nda DNA \u00fczerine e\u011fitim alm\u0131\u015f \u00f6\u011frencilerin ya\u015fad\u0131klar\u0131 deneyimleri ve de\u011fi\u015fimleri okuduktan sonra, eminim ki siz de hayat\u0131n\u0131zdaki f\u0131rsatlar\u0131 ge\u00e7 olmadan yakalamak ve kendinizin en iyi versiyonu olmak i\u00e7in vakit kaybetmek istemeyeceksiniz. D\u00fc\u015f\u00fcnsenize! Sa\u00e7 renginizi de\u011fi\u015ftirecek, cildinizi g\u00fczelle\u015ftirecek, a\u011fr\u0131lar\u0131n\u0131z\u0131 dindirecek ve tabii ki sevdiklerinizi pozitif olana y\u00f6nlendirip k\u00f6t\u00fc olan her \u015feyi kolayl\u0131kla hayat\u0131n\u0131zdan uzakla\u015ft\u0131rabileceksiniz. Resmen bu d\u00fcnyada bir cennet yaratabileceksiniz. Bug\u00fcn bilim ve teknoloji yoluyla yap\u0131lan genetik i\u015flemleri sadece fark\u0131ndal\u0131k g\u00fcc\u00fcn\u00fczle kendi ba\u015f\u0131n\u0131za ba\u015farabilirsiniz; t\u00fcm ad\u0131mlar\u0131 s\u0131ras\u0131yla, do\u011fru \u015fekilde takip ederseniz elbette. \u015eimdilik karman\u0131za dokunmadan yapabilece\u011finiz t\u00fcm uygulamalar\u0131, sizler i\u00e7in meditasyon olarak ses kayd\u0131 haline getirdim. Bu meditasyonlara kitab\u0131n i\u00e7indeki karekodlardan ula\u015fabilir ve benimle birlikte kolayl\u0131kla uygulayabilirsiniz. \u0130\u00e7inde bulundu\u011fumuz cehennemden kurtulman\u0131n bir rotas\u0131 var evet; fakat bunu karanl\u0131ktan korkup onunla sava\u015farak ba\u015faramay\u0131z. Ancak ve ancak sevginin yolunu izlersek bunun \u00fcstesinden gelebiliriz. Keyifli okumalar. <\/p>\n","protected":false},"excerpt":{"rendered":"<p>Kendi DNA\u2019n\u0131z\u0131, evlad\u0131n\u0131z\u0131n, annenizin, benzer genlere sahip akrabalar\u0131n\u0131z\u0131n ve partnerinizin DNA\u2019s\u0131n\u0131 etkin bir \u015fekilde programlayabilir, bu d\u00fcnyada kendinize ve sevdiklerinize bir cennet bah\u015fedebilirsiniz! Tanr\u0131\u00e7a Kad\u0131nlar Okulu\u2019nda<span class=\"excerpt-hellip\"> [\u2026]<\/span><\/p>\n","protected":false},"featured_media":0,"template":"","meta":{"_monsterinsights_skip_tracking":false,"_monsterinsights_sitenote_active":false,"_monsterinsights_sitenote_note":"","_monsterinsights_sitenote_category":0},"product_brand":[],"product_cat":[12364,12376],"product_tag":[],"class_list":{"0":"post-763795","1":"product","2":"type-product","3":"status-publish","5":"product_cat-genel-konular","6":"product_cat-kisisel-gelisim","7":"pa_cilt-ciltsiz","8":"pa_tur-kitap","9":"pa_yayinevi-ucuncu-goz","10":"pa_yazar-seda-diker","12":"first","13":"instock","14":"sale","15":"shipping-taxable","16":"purchasable","17":"product-type-simple"},"_links":{"self":[{"href":"https:\/\/roveyayinevi.com.tr\/index.php\/wp-json\/wp\/v2\/product\/763795","targetHints":{"allow":["GET"]}}],"collection":[{"href":"https:\/\/roveyayinevi.com.tr\/index.php\/wp-json\/wp\/v2\/product"}],"about":[{"href":"https:\/\/roveyayinevi.com.tr\/index.php\/wp-json\/wp\/v2\/types\/product"}],"wp:attachment":[{"href":"https:\/\/roveyayinevi.com.tr\/index.php\/wp-json\/wp\/v2\/media?parent=763795"}],"wp:term":[{"taxonomy":"product_brand","embeddable":true,"href":"https:\/\/roveyayinevi.com.tr\/index.php\/wp-json\/wp\/v2\/product_brand?post=763795"},{"taxonomy":"product_cat","embeddable":true,"href":"https:\/\/roveyayinevi.com.tr\/index.php\/wp-json\/wp\/v2\/product_cat?post=763795"},{"taxonomy":"product_tag","embeddable":true,"href":"https:\/\/roveyayinevi.com.tr\/index.php\/wp-json\/wp\/v2\/product_tag?post=763795"}],"curies":[{"name":"wp","href":"https:\/\/api.w.org\/{rel}","templated":true}]}}