{"id":763791,"date":"2025-08-28T10:52:05","date_gmt":"2025-08-28T07:52:05","guid":{"rendered":"https:\/\/roveyayinevi.com.tr\/index.php\/urun\/kendinin-yorgunu\/"},"modified":"2026-04-15T03:29:43","modified_gmt":"2026-04-15T00:29:43","slug":"kendinin-yorgunu","status":"publish","type":"product","link":"https:\/\/roveyayinevi.com.tr\/index.php\/urun\/kendinin-yorgunu\/","title":{"rendered":"Kendinin Yorgunu"},"content":{"rendered":"<p>\u201cBizler, hayran oldu\u011fumuz \u015feylere benzeriz. Kalbimizi harekete ge\u00e7irenler; ilgi duydu\u011fumuz, merak etti\u011fimiz ve tutkuyla ba\u011fland\u0131\u011f\u0131m\u0131z \u015feyler ufak par\u00e7alarla bizi in\u015fa eder. Giderek hayran oldu\u011fumuz \u015feyin kendisi oluruz. \u00dcstelik bunu pek anlamay\u0131z, hayat anlat\u0131r.\u201d Ya\u011f\u0131z G\u00f6n\u00fcler, sevmek ve ya\u015famak inad\u0131n\u0131 s\u00fcrd\u00fcr\u00fcyor. Pek \u00e7ok alanda yapt\u0131\u011f\u0131 okumalar\u0131n\u0131, insan takibini, sokak voltalar\u0131n\u0131 k\u00fc\u00e7\u00fck ama tesirli notlar h\u00e2linde sunuyor. Okurun yoluna ba\u015fka \u00e7izgilerden ve renklerden olu\u015fan hal\u0131lar seriyor. Kimileri okusun kimileri g\u00f6nl\u00fcnce seyredip ge\u00e7sin, yorulanlar da oturup dinlensin diye\u2026 <\/p>\n","protected":false},"excerpt":{"rendered":"<p>\u201cBizler, hayran oldu\u011fumuz \u015feylere benzeriz. Kalbimizi harekete ge\u00e7irenler; ilgi duydu\u011fumuz, merak etti\u011fimiz ve tutkuyla ba\u011fland\u0131\u011f\u0131m\u0131z \u015feyler ufak par\u00e7alarla bizi in\u015fa eder. Giderek hayran oldu\u011fumuz \u015feyin kendisi<span class=\"excerpt-hellip\"> [\u2026]<\/span><\/p>\n","protected":false},"featured_media":0,"template":"","meta":{"_monsterinsights_skip_tracking":false,"_monsterinsights_sitenote_active":false,"_monsterinsights_sitenote_note":"","_monsterinsights_sitenote_category":0},"product_brand":[],"product_cat":[12777,12291],"product_tag":[],"class_list":{"0":"post-763791","1":"product","2":"type-product","3":"status-publish","5":"product_cat-deneme","6":"product_cat-edebiyat","7":"pa_cilt-ciltsiz","8":"pa_tur-kitap","9":"pa_yayinevi-profil-kitap","10":"pa_yazar-yagiz-gonuler","12":"first","13":"instock","14":"sale","15":"shipping-taxable","16":"purchasable","17":"product-type-simple"},"_links":{"self":[{"href":"https:\/\/roveyayinevi.com.tr\/index.php\/wp-json\/wp\/v2\/product\/763791","targetHints":{"allow":["GET"]}}],"collection":[{"href":"https:\/\/roveyayinevi.com.tr\/index.php\/wp-json\/wp\/v2\/product"}],"about":[{"href":"https:\/\/roveyayinevi.com.tr\/index.php\/wp-json\/wp\/v2\/types\/product"}],"wp:attachment":[{"href":"https:\/\/roveyayinevi.com.tr\/index.php\/wp-json\/wp\/v2\/media?parent=763791"}],"wp:term":[{"taxonomy":"product_brand","embeddable":true,"href":"https:\/\/roveyayinevi.com.tr\/index.php\/wp-json\/wp\/v2\/product_brand?post=763791"},{"taxonomy":"product_cat","embeddable":true,"href":"https:\/\/roveyayinevi.com.tr\/index.php\/wp-json\/wp\/v2\/product_cat?post=763791"},{"taxonomy":"product_tag","embeddable":true,"href":"https:\/\/roveyayinevi.com.tr\/index.php\/wp-json\/wp\/v2\/product_tag?post=763791"}],"curies":[{"name":"wp","href":"https:\/\/api.w.org\/{rel}","templated":true}]}}