{"id":763790,"date":"2025-08-28T10:52:03","date_gmt":"2025-08-28T07:52:03","guid":{"rendered":"https:\/\/roveyayinevi.com.tr\/index.php\/urun\/allah-kalpten-istenileni-verir-ne-eksik-ne-fazla\/"},"modified":"2026-04-15T03:29:43","modified_gmt":"2026-04-15T00:29:43","slug":"allah-kalpten-istenileni-verir-ne-eksik-ne-fazla","status":"publish","type":"product","link":"https:\/\/roveyayinevi.com.tr\/index.php\/urun\/allah-kalpten-istenileni-verir-ne-eksik-ne-fazla\/","title":{"rendered":"Allah Kalpten \u0130stenileni Verir Ne Eksik Ne Fazla"},"content":{"rendered":"<p>Korku,Heyecan,\u00d6fke,Sevgi,Kayg\u0131\u2026Hepsi hayata dair.Ya\u015famak i\u015fte, d\u00fcnyan\u0131n fizik kanunlar\u0131\u2026Ve bir de hepsinden azade olmak var.D\u00fcmd\u00fcz.Duygu yok.Sessizlik\u2026De\u011fi\u015fmeyen bir ritim&#8230;Sanki her \u015fey nefesini tutmu\u015f gibi.Ak\u0131l!?Yitip gitmeye meyilli.Kalp!?Ku\u015f kadar at\u0131yor.Zaman!?Vaktini bekliyor.Hedef!?G\u00f6ky\u00fcz\u00fc hep a\u00e7\u0131k.Sen kanatlar\u0131n\u0131 a\u00e7 yeter ki.<\/p>\n","protected":false},"excerpt":{"rendered":"<p>Korku,Heyecan,\u00d6fke,Sevgi,Kayg\u0131\u2026Hepsi hayata dair.Ya\u015famak i\u015fte, d\u00fcnyan\u0131n fizik kanunlar\u0131\u2026Ve bir de hepsinden azade olmak var.D\u00fcmd\u00fcz.Duygu yok.Sessizlik\u2026De\u011fi\u015fmeyen bir ritim&#8230;Sanki her \u015fey nefesini tutmu\u015f gibi.Ak\u0131l!?Yitip gitmeye meyilli.Kalp!?Ku\u015f kadar at\u0131yor.Zaman!?Vaktini bekliyor.Hedef!?G\u00f6ky\u00fcz\u00fc<span class=\"excerpt-hellip\"> [\u2026]<\/span><\/p>\n","protected":false},"featured_media":0,"template":"","meta":{"_monsterinsights_skip_tracking":false,"_monsterinsights_sitenote_active":false,"_monsterinsights_sitenote_note":"","_monsterinsights_sitenote_category":0},"product_brand":[],"product_cat":[12777,12291],"product_tag":[],"class_list":{"0":"post-763790","1":"product","2":"type-product","3":"status-publish","5":"product_cat-deneme","6":"product_cat-edebiyat","7":"pa_cilt-ciltsiz","8":"pa_tur-kitap","9":"pa_yayinevi-profil-kitap","10":"pa_yazar-abdurrahman-uzun","12":"first","13":"instock","14":"sale","15":"shipping-taxable","16":"purchasable","17":"product-type-simple"},"_links":{"self":[{"href":"https:\/\/roveyayinevi.com.tr\/index.php\/wp-json\/wp\/v2\/product\/763790","targetHints":{"allow":["GET"]}}],"collection":[{"href":"https:\/\/roveyayinevi.com.tr\/index.php\/wp-json\/wp\/v2\/product"}],"about":[{"href":"https:\/\/roveyayinevi.com.tr\/index.php\/wp-json\/wp\/v2\/types\/product"}],"wp:attachment":[{"href":"https:\/\/roveyayinevi.com.tr\/index.php\/wp-json\/wp\/v2\/media?parent=763790"}],"wp:term":[{"taxonomy":"product_brand","embeddable":true,"href":"https:\/\/roveyayinevi.com.tr\/index.php\/wp-json\/wp\/v2\/product_brand?post=763790"},{"taxonomy":"product_cat","embeddable":true,"href":"https:\/\/roveyayinevi.com.tr\/index.php\/wp-json\/wp\/v2\/product_cat?post=763790"},{"taxonomy":"product_tag","embeddable":true,"href":"https:\/\/roveyayinevi.com.tr\/index.php\/wp-json\/wp\/v2\/product_tag?post=763790"}],"curies":[{"name":"wp","href":"https:\/\/api.w.org\/{rel}","templated":true}]}}