{"id":763789,"date":"2025-08-28T10:52:01","date_gmt":"2025-08-28T07:52:01","guid":{"rendered":"https:\/\/roveyayinevi.com.tr\/index.php\/urun\/lorene-masallar-boyama-kitabi\/"},"modified":"2026-04-15T03:29:43","modified_gmt":"2026-04-15T00:29:43","slug":"lorene-masallar-boyama-kitabi","status":"publish","type":"product","link":"https:\/\/roveyayinevi.com.tr\/index.php\/urun\/lorene-masallar-boyama-kitabi\/","title":{"rendered":"Loren\u2019e Masallar &amp; Boyama Kitab\u0131"},"content":{"rendered":"<p>Bar\u0131\u015f PARLAK\u2019\u0131n kalem ald\u0131\u011f\u0131 Loren\u2019e Masallar ve Boyama Kitab\u0131 adl\u0131 eserinde a\u015fa\u011f\u0131daki 4-7 ya\u015f i\u00e7in masallar ve masallar\u0131n kar\u015f\u0131 sayfalar\u0131nda masalla ilgili boyama sayfalar\u0131 yer almaktad\u0131r. \u0130yi e\u011flenceler dileriz.   MASALLAR: ABLAM M\u0130LENA ELLER\u0130M TOMB\u0130K EMZ\u0130K PER\u0130S\u0130 EVE G\u0130DEL\u0130M HAVUZDA PONPON LOREN KRE\u015eTE SA\u011eLIKLI BESLEN\u0130YORUM SCOOTER TA\u015e KA\u011eIT MAKAS <\/p>\n","protected":false},"excerpt":{"rendered":"<p>Bar\u0131\u015f PARLAK\u2019\u0131n kalem ald\u0131\u011f\u0131 Loren\u2019e Masallar ve Boyama Kitab\u0131 adl\u0131 eserinde a\u015fa\u011f\u0131daki 4-7 ya\u015f i\u00e7in masallar ve masallar\u0131n kar\u015f\u0131 sayfalar\u0131nda masalla ilgili boyama sayfalar\u0131 yer almaktad\u0131r.<span class=\"excerpt-hellip\"> [\u2026]<\/span><\/p>\n","protected":false},"featured_media":0,"template":"","meta":{"_monsterinsights_skip_tracking":false,"_monsterinsights_sitenote_active":false,"_monsterinsights_sitenote_note":"","_monsterinsights_sitenote_category":0},"product_brand":[],"product_cat":[12644,12274],"product_tag":[],"class_list":{"0":"post-763789","1":"product","2":"type-product","3":"status-publish","5":"product_cat-boyama-kitaplari","6":"product_cat-cocuk-ve-genclik-kitaplari","7":"pa_cilt-ciltsiz","8":"pa_tur-kitap","9":"pa_yayinevi-perge-yayinlari","10":"pa_yazar-baris-parlak","12":"first","13":"instock","14":"sale","15":"shipping-taxable","16":"purchasable","17":"product-type-simple"},"_links":{"self":[{"href":"https:\/\/roveyayinevi.com.tr\/index.php\/wp-json\/wp\/v2\/product\/763789","targetHints":{"allow":["GET"]}}],"collection":[{"href":"https:\/\/roveyayinevi.com.tr\/index.php\/wp-json\/wp\/v2\/product"}],"about":[{"href":"https:\/\/roveyayinevi.com.tr\/index.php\/wp-json\/wp\/v2\/types\/product"}],"wp:attachment":[{"href":"https:\/\/roveyayinevi.com.tr\/index.php\/wp-json\/wp\/v2\/media?parent=763789"}],"wp:term":[{"taxonomy":"product_brand","embeddable":true,"href":"https:\/\/roveyayinevi.com.tr\/index.php\/wp-json\/wp\/v2\/product_brand?post=763789"},{"taxonomy":"product_cat","embeddable":true,"href":"https:\/\/roveyayinevi.com.tr\/index.php\/wp-json\/wp\/v2\/product_cat?post=763789"},{"taxonomy":"product_tag","embeddable":true,"href":"https:\/\/roveyayinevi.com.tr\/index.php\/wp-json\/wp\/v2\/product_tag?post=763789"}],"curies":[{"name":"wp","href":"https:\/\/api.w.org\/{rel}","templated":true}]}}