{"id":763786,"date":"2025-08-28T10:51:56","date_gmt":"2025-08-28T07:51:56","guid":{"rendered":"https:\/\/roveyayinevi.com.tr\/index.php\/urun\/ogrenilmis-caresizlik-2\/"},"modified":"2026-04-15T03:29:43","modified_gmt":"2026-04-15T00:29:43","slug":"ogrenilmis-caresizlik-2","status":"publish","type":"product","link":"https:\/\/roveyayinevi.com.tr\/index.php\/urun\/ogrenilmis-caresizlik-2\/","title":{"rendered":"\u00d6\u011frenilmi\u015f \u00c7aresizlik"},"content":{"rendered":"<p>\u201cS\u0130SL\u0130 B\u0130R HAVADA \u0130LERLEMEK KARANLIKTA \u0130LERLEMEKTEN DAHA TEHL\u0130KEL\u0130D\u0130R, \u00c7\u00dcNK\u00dc S\u0130S BEL\u0130RS\u0130ZL\u0130K \u0130\u00c7ER\u0130R&#8230;\u201d \u2013 JOSEPH CONRAD   Hayat\u0131n anlam\u0131 nedir, insanlar asl\u0131nda neyi arar?   \u00d6\u011frenilmi\u015f \u00e7aresizlik nedir, ne gibi ruhsal hastal\u0131klara yol a\u00e7ar, nas\u0131l korunabiliriz?   Beyin ve zihin farkl\u0131 iki yap\u0131 m\u0131?   Beyin esnekli\u011fi asl\u0131nda nedir? Hastal\u0131klar\u0131n n\u00f6roplastisitesi ya da kendilerine \u00f6zg\u00fc bir beyin tasar\u0131m\u0131 veya mimarisi var m\u0131?   Anksiyete ve depresyon gibi ruhsal sorunlarda ila\u00e7la tedavi ne zaman gerekir?   Depresyon ve mutsuzluk aras\u0131nda nas\u0131l bir ili\u015fki var?   Mutlu olmak depresyonu \u00f6nler mi? Mutlulu\u011fun bir form\u00fcl\u00fc var m\u0131?   Mutluluk e\u015fi\u011fi nedir, mutlu olmay\u0131 nas\u0131l etkiler?   Konfor alan\u0131 bir \u00f6\u011frenilmi\u015f \u00e7aresizlik modeli midir? Konfor alan\u0131ndan nas\u0131l \u00e7\u0131k\u0131l\u0131r?   Umut, inan\u00e7 ve plasebo etkisi aras\u0131nda nas\u0131l bir n\u00f6robiyolojik ba\u011flant\u0131 var ve bunu bilmek ne i\u015fimize yarar?   Zihinsel ba\u011f\u0131\u015f\u0131kl\u0131k nas\u0131l art\u0131r\u0131l\u0131r?   Psikolojik sa\u011flaml\u0131k asl\u0131nda nedir?   Bireysel ve toplumsal travmalar nesiller aras\u0131nda nas\u0131l aktar\u0131l\u0131r?   Kolektif\/sosyal \u00f6\u011frenilmi\u015f \u00e7aresizlik nas\u0131l geli\u015fir, toplumsal ya\u015fam\u0131 nas\u0131l etkiler, ne yapabiliriz?   N\u00f6ro\u015fehircilik nedir? Kentlerin ruhu toplumsal travmalardan nas\u0131l etkilenir? <\/p>\n","protected":false},"excerpt":{"rendered":"<p>\u201cS\u0130SL\u0130 B\u0130R HAVADA \u0130LERLEMEK KARANLIKTA \u0130LERLEMEKTEN DAHA TEHL\u0130KEL\u0130D\u0130R, \u00c7\u00dcNK\u00dc S\u0130S BEL\u0130RS\u0130ZL\u0130K \u0130\u00c7ER\u0130R&#8230;\u201d \u2013 JOSEPH CONRAD Hayat\u0131n anlam\u0131 nedir, insanlar asl\u0131nda neyi arar? \u00d6\u011frenilmi\u015f \u00e7aresizlik nedir, ne<span class=\"excerpt-hellip\"> [\u2026]<\/span><\/p>\n","protected":false},"featured_media":0,"template":"","meta":{"_monsterinsights_skip_tracking":false,"_monsterinsights_sitenote_active":false,"_monsterinsights_sitenote_note":"","_monsterinsights_sitenote_category":0},"product_brand":[],"product_cat":[12357],"product_tag":[],"class_list":{"0":"post-763786","1":"product","2":"type-product","3":"status-publish","5":"product_cat-psikoloji","6":"pa_cilt-ciltsiz","7":"pa_tur-kitap","8":"pa_yayinevi-destek-yayinlari","9":"pa_yazar-ismail-tayfun-uzbay","11":"first","12":"instock","13":"sale","14":"shipping-taxable","15":"purchasable","16":"product-type-simple"},"_links":{"self":[{"href":"https:\/\/roveyayinevi.com.tr\/index.php\/wp-json\/wp\/v2\/product\/763786","targetHints":{"allow":["GET"]}}],"collection":[{"href":"https:\/\/roveyayinevi.com.tr\/index.php\/wp-json\/wp\/v2\/product"}],"about":[{"href":"https:\/\/roveyayinevi.com.tr\/index.php\/wp-json\/wp\/v2\/types\/product"}],"wp:attachment":[{"href":"https:\/\/roveyayinevi.com.tr\/index.php\/wp-json\/wp\/v2\/media?parent=763786"}],"wp:term":[{"taxonomy":"product_brand","embeddable":true,"href":"https:\/\/roveyayinevi.com.tr\/index.php\/wp-json\/wp\/v2\/product_brand?post=763786"},{"taxonomy":"product_cat","embeddable":true,"href":"https:\/\/roveyayinevi.com.tr\/index.php\/wp-json\/wp\/v2\/product_cat?post=763786"},{"taxonomy":"product_tag","embeddable":true,"href":"https:\/\/roveyayinevi.com.tr\/index.php\/wp-json\/wp\/v2\/product_tag?post=763786"}],"curies":[{"name":"wp","href":"https:\/\/api.w.org\/{rel}","templated":true}]}}