{"id":763784,"date":"2025-08-28T10:51:52","date_gmt":"2025-08-28T07:51:52","guid":{"rendered":"https:\/\/roveyayinevi.com.tr\/index.php\/urun\/cilgin-cadinin-sora-disi-aile-hayati-2\/"},"modified":"2026-04-15T03:29:43","modified_gmt":"2026-04-15T00:29:43","slug":"cilgin-cadinin-sora-disi-aile-hayati-2","status":"publish","type":"product","link":"https:\/\/roveyayinevi.com.tr\/index.php\/urun\/cilgin-cadinin-sora-disi-aile-hayati-2\/","title":{"rendered":"\u00c7\u0131lg\u0131n Cad\u0131n\u0131n Sora D\u0131\u015f\u0131 Aile Hayat\u0131 2"},"content":{"rendered":"<p>Viola, bu\u0308yu\u0308mekte olsa da annesini \u00e7ok seven bir &#8220;anne canavar\u0131&#8221;. Alyssa ise iki yu\u0308z ya\u015f\u0131n\u0131 ge\u00e7se de h\u00e2l\u00e2 minik g\u00f6zu\u0308ken bir anne.   \u00c7\u0131lg\u0131n cad\u0131n\u0131n ailesi, karikatu\u0308r gibi g\u00f6zu\u0308ken maskot Feniks ve Alyssa&#8217;ya \u00e2\u015f\u0131k ezik bakir Elf bozuntusu Fennel gibi benzersiz karakterlerden olu\u015fuyor! G\u00f6ru\u0308nu\u0308\u015fu\u0308 birbirlerinin tam tersi olan cad\u0131 ve k\u0131z\u0131n\u0131n i\u00e7inizi \u0131s\u0131tacak komedisi ikinci cildiyle devam ediyor! <\/p>\n","protected":false},"excerpt":{"rendered":"<p>Viola, bu\u0308yu\u0308mekte olsa da annesini \u00e7ok seven bir &#8220;anne canavar\u0131&#8221;. Alyssa ise iki yu\u0308z ya\u015f\u0131n\u0131 ge\u00e7se de h\u00e2l\u00e2 minik g\u00f6zu\u0308ken bir anne. \u00c7\u0131lg\u0131n cad\u0131n\u0131n ailesi, karikatu\u0308r<span class=\"excerpt-hellip\"> [\u2026]<\/span><\/p>\n","protected":false},"featured_media":0,"template":"","meta":{"_monsterinsights_skip_tracking":false,"_monsterinsights_sitenote_active":false,"_monsterinsights_sitenote_note":"","_monsterinsights_sitenote_category":0},"product_brand":[],"product_cat":[12416,12291],"product_tag":[],"class_list":{"0":"post-763784","1":"product","2":"type-product","3":"status-publish","5":"product_cat-cizgi-roman","6":"product_cat-edebiyat","7":"pa_cilt-ciltsiz","8":"pa_tur-kitap","9":"pa_yayinevi-athica-yayinlari","10":"pa_yazar-piroyo","12":"first","13":"instock","14":"sale","15":"shipping-taxable","16":"purchasable","17":"product-type-simple"},"_links":{"self":[{"href":"https:\/\/roveyayinevi.com.tr\/index.php\/wp-json\/wp\/v2\/product\/763784","targetHints":{"allow":["GET"]}}],"collection":[{"href":"https:\/\/roveyayinevi.com.tr\/index.php\/wp-json\/wp\/v2\/product"}],"about":[{"href":"https:\/\/roveyayinevi.com.tr\/index.php\/wp-json\/wp\/v2\/types\/product"}],"wp:attachment":[{"href":"https:\/\/roveyayinevi.com.tr\/index.php\/wp-json\/wp\/v2\/media?parent=763784"}],"wp:term":[{"taxonomy":"product_brand","embeddable":true,"href":"https:\/\/roveyayinevi.com.tr\/index.php\/wp-json\/wp\/v2\/product_brand?post=763784"},{"taxonomy":"product_cat","embeddable":true,"href":"https:\/\/roveyayinevi.com.tr\/index.php\/wp-json\/wp\/v2\/product_cat?post=763784"},{"taxonomy":"product_tag","embeddable":true,"href":"https:\/\/roveyayinevi.com.tr\/index.php\/wp-json\/wp\/v2\/product_tag?post=763784"}],"curies":[{"name":"wp","href":"https:\/\/api.w.org\/{rel}","templated":true}]}}